{"id":546,"date":"2019-07-29T20:50:51","date_gmt":"2019-07-29T20:50:51","guid":{"rendered":"https:\/\/uqam.dev.uqam.ca\/contacto\/"},"modified":"2020-06-22T10:34:24","modified_gmt":"2020-06-22T14:34:24","slug":"contato","status":"publish","type":"page","link":"https:\/\/uqam.ca\/pt-br\/informacao\/contato\/","title":{"rendered":"Contato"},"content":{"rendered":"\n<div class=\"wp-block-advgb-columns advgb-columns-wrapper pageJoindre joindre-telephone\" id=\"advgb-cols-56b653af-3903-4e3b-9cbd-d185cbcf5017\"><div class=\"advgb-columns-container\"><div class=\"advgb-columns advgb-columns-row advgb-is-mobile advgb-columns-2 layout-23-13 mbl-layout-stacked vgutter-10\">\n<div class=\"wp-block-advgb-column advgb-column advgb-is-two-thirds-tablet advgb-is-full-mobile\" id=\"advgb-col-18ba30b8-f24f-40de-bc78-7de9b5e52b80\"><div class=\"advgb-column-inner\" style=\"border-style:none;border-width:1px\">\n<h2 class=\"wp-block-heading\">Telefone<\/h2>\n\n\n\n<p><a href=\"tel:514-987-3000\">514 987-3000<\/a><\/p>\n<\/div><\/div>\n\n\n\n<div class=\"wp-block-advgb-column advgb-column advgb-is-one-third-tablet advgb-is-full-mobile\" id=\"advgb-col-2effc431-1c2c-4afe-82b1-1af3632abe20\"><div class=\"advgb-column-inner\" style=\"border-style:none;border-width:1px\">\n<h2 class=\"wp-block-heading\"><a href=\"https:\/\/sps.uqam.ca\/mesures-durgence\/signaler-et-sinformer.html\">EMERG\u00caNCIA<\/a><\/h2>\n\n\n\n<p><a href=\"tel:514-987-3131\">514 987-3131<\/a><\/p>\n<\/div><\/div>\n<\/div><\/div><\/div>\n\n\n\n<div class=\"wp-block-advgb-accordions advgb-accordion-wrapper\" data-collapsed=\"true\">\n<div class=\"wp-block-advgb-accordion-item advgb-accordion-item\" style=\"margin-bottom:15px\"><div class=\"advgb-accordion-header\" style=\"background-color:#000;color:#eee;border-style:solid;border-radius:2px\"><span class=\"advgb-accordion-header-icon\"><svg fill=\"#fff\" xmlns=\"http:\/\/www.w3.org\/2000\/svg\" width=\"24\" height=\"24\" viewbox=\"0 0 24 24\"><path fill=\"none\" d=\"M0,0h24v24H0V0z\"><\/path><path d=\"M12,5.83L15.17,9l1.41-1.41L12,3L7.41,7.59L8.83,9L12,5.83z M12,18.17L8.83,15l-1.41,1.41L12,21l4.59-4.59L15.17,15 L12,18.17z\"><\/path><\/svg><\/span><h4 class=\"advgb-accordion-header-title\" style=\"color:inherit\">Corr\u00eaio com assinatura (ender\u00ea\u00e7o geogr\u00e1fico)<\/h4><\/div><div class=\"advgb-accordion-body\" style=\"border-style:solid !important;border-color:undefined !important;border-top:none !important;border-radius:2px !important\">\n<p>Universit\u00e9 du Qu\u00e9bec \u00e0 Montr\u00e9al<br><strong><em>Unidade administrativa<\/em><\/strong><br><strong><em>Nome e titula\u00e7ao do destinat\u00e1rio<\/em><\/strong><br>Case postale 8888, succ. Centre-ville<br>Montr\u00e9al (Qu\u00e9bec) H3C 3P8 Canada <\/p>\n<\/div><\/div>\n\n\n\n<div class=\"wp-block-advgb-accordion-item advgb-accordion-item\" style=\"margin-bottom:15px\"><div class=\"advgb-accordion-header\" style=\"background-color:#000;color:#eee;border-style:solid;border-radius:2px\"><span class=\"advgb-accordion-header-icon\"><svg fill=\"#fff\" xmlns=\"http:\/\/www.w3.org\/2000\/svg\" width=\"24\" height=\"24\" viewbox=\"0 0 24 24\"><path fill=\"none\" d=\"M0,0h24v24H0V0z\"><\/path><path d=\"M12,5.83L15.17,9l1.41-1.41L12,3L7.41,7.59L8.83,9L12,5.83z M12,18.17L8.83,15l-1.41,1.41L12,21l4.59-4.59L15.17,15 L12,18.17z\"><\/path><\/svg><\/span><h4 class=\"advgb-accordion-header-title\" style=\"color:inherit\">Plataforma de recep\u00e7\u00e3o <\/h4><\/div><div class=\"advgb-accordion-body\" style=\"border-style:solid !important;border-color:undefined !important;border-top:none !important;border-radius:2px !important\">\n<h3 class=\"wp-block-heading\">Plataforma de recep\u00e7\u00e3o Aquin<\/h3>\n\n\n\n<p>1200, rue Berri<br>H2L 4S6<\/p>\n\n\n\n<hr class=\"wp-block-separator\"\/>\n\n\n\n<h3 class=\"wp-block-heading\">Plataforma de recep\u00e7\u00e3o PK<\/h3>\n\n\n\n<p>2005, rue Jeanne-Mance<br>H2X 2J6<\/p>\n<\/div><\/div>\n<\/div>\n\n\n\n<hr class=\"wp-block-separator\"\/>\n\n\n\n<div class=\"wp-block-advgb-columns advgb-columns-wrapper pageJoindre joindre-question\" id=\"advgb-cols-750d57ea-6da0-48ba-b6f0-456784c0fde4\"><div class=\"advgb-columns-container\"><div class=\"advgb-columns advgb-columns-row advgb-is-mobile advgb-columns-1 layout-100 mbl-layout-stacked vgutter-10\">\n<div class=\"wp-block-advgb-column advgb-column advgb-is-full-mobile\" id=\"advgb-col-0eafb953-cc88-44c5-8eaa-8350422fae51\"><div class=\"advgb-column-inner\" style=\"border-style:none;border-width:1px\">\n<h2 class=\"wp-block-heading\">Perguntas sobre os estudos na UQAM<\/h2>\n\n\n\n<p>Para toda pergunta sobre os estudos na UQAM (<strong>admiss\u00e3o<\/strong>, <strong>dossi\u00ea de estudante<\/strong>, pedidos de atestados, etc.).<\/p>\n\n\n\n<p class=\"joindre-btn\"><a href=\"mailto:registrariat@uqam.ca\">registrariat@uqam.ca<\/a><\/p>\n\n\n\n<p><strong>Estudantes atuais<\/strong> : para perguntas sobre sua inscri\u00e7\u00e3o<br>(escolha de cursos, percurso, etc.), comunique com a diretoria de seu&nbsp;<a href=\"http:\/\/www.etudier.uqam.ca\/programmes\">programa<\/a>. <\/p>\n<\/div><\/div>\n<\/div><\/div><\/div>\n\n\n\n<div class=\"wp-block-advgb-columns advgb-columns-wrapper pageJoindre joindre-infoFinance\" id=\"advgb-cols-620a3ba7-cc76-4dda-9539-18b52b093a80\"><div class=\"advgb-columns-container\"><div class=\"advgb-columns advgb-columns-row advgb-is-mobile advgb-columns-1 layout-100 mbl-layout-stacked vgutter-10\">\n<div class=\"wp-block-advgb-column advgb-column advgb-is-full-mobile\" id=\"advgb-col-5fc016b5-2e17-4145-88db-fae635c2bd5b\"><div class=\"advgb-column-inner\" style=\"border-style:none;border-width:1px\">\n<h2 class=\"wp-block-heading\">informa\u00e7\u00f5es financeiras<\/h2>\n\n\n\n<p>Para informa\u00e7\u00f5es sobre sua <strong>fatura<\/strong>, <strong>pagamento<\/strong>, <strong>recibos para impostos<\/strong>, <strong>custos de seguros<\/strong>, etc. <\/p>\n\n\n\n<p class=\"joindre-btn\"><a href=\"mailto:comptes.etudiants@uqam.ca\">comptes.etudiants@uqam.ca<\/a><\/p>\n<\/div><\/div>\n<\/div><\/div><\/div>\n\n\n\n<div class=\"wp-block-advgb-columns advgb-columns-wrapper pageJoindre joindre-infoWeb\" id=\"advgb-cols-bb79f116-20b6-47f8-8fcd-8e7492563d94\"><div class=\"advgb-columns-container\"><div class=\"advgb-columns advgb-columns-row advgb-is-mobile advgb-columns-1 layout-100 mbl-layout-stacked vgutter-10\">\n<div class=\"wp-block-advgb-column advgb-column advgb-is-full-mobile\" id=\"advgb-col-2c2ac106-ee67-4f66-9720-e3b68704f614\"><div class=\"advgb-column-inner\" style=\"border-style:none;border-width:1px\">\n<h2 class=\"wp-block-heading\">Informa\u00e7\u00f5es sobre o webesite da UQAM en geral<\/h2>\n\n\n\n<p> Para as perguntas e coment\u00e1rios sobre o <strong>website da UQAM<\/strong> em geral :<\/p>\n\n\n\n<p class=\"joindre-btn\"><a href=\"mailto:webinfo@uqam.ca\">webinfo@uqam.ca<\/a><\/p>\n\n\n\n<p>Para os problemas com os servi\u00e7os web do seu dossi\u00ea (hor\u00e1rios, inscri\u00e7\u00f5es, etc.): <a href=\"mailto:registrariat@uqam.ca\">registrariat@uqam.ca<\/a><\/p>\n\n\n\n<p>Cada sub-site tem seu pr\u00f3prio ender\u00ea\u00e7o eletr\u00f4nico para contatar diretamente o repons\u00e1vel.<\/p>\n<\/div><\/div>\n<\/div><\/div><\/div>\n\n\n\n<div class=\"wp-block-advgb-columns advgb-columns-wrapper pageJoindre joindre-presse\" id=\"advgb-cols-09ef8143-294e-4059-90be-51dba201bf7d\"><div class=\"advgb-columns-container\"><div class=\"advgb-columns advgb-columns-row advgb-is-mobile advgb-columns-1 layout-100 mbl-layout-stacked vgutter-10\">\n<div class=\"wp-block-advgb-column advgb-column advgb-is-full-mobile\" id=\"advgb-col-e514714d-b610-4833-b15e-cb6f500cf8c7\"><div class=\"advgb-column-inner\" style=\"border-style:none;border-width:1px\">\n<h2 class=\"wp-block-heading\">Sala de imprensa<\/h2>\n\n\n\n<p class=\"joindre-btn\"><a href=\"http:\/\/salledepresse.uqam.ca\/joindre-notre-equipe\">Juntar a equipe das rela\u00e7\u00f5es de imprensa e eventos especiais<\/a><\/p>\n<\/div><\/div>\n<\/div><\/div><\/div>\n\n\n\n<div class=\"wp-block-advgb-columns advgb-columns-wrapper pageJoindre joindre-emploi\" id=\"advgb-cols-f330c52f-8644-4475-8af0-e2ba3f588a08\"><div class=\"advgb-columns-container\"><div class=\"advgb-columns advgb-columns-row advgb-is-mobile advgb-columns-1 layout-100 mbl-layout-stacked vgutter-10\">\n<div class=\"wp-block-advgb-column advgb-column advgb-is-full-mobile\" id=\"advgb-col-b0925f0e-adae-46b4-a755-72a3fe13e681\"><div class=\"advgb-column-inner\" style=\"border-style:none;border-width:1px\">\n<h2 class=\"wp-block-heading\">Ofertas de empr\u00eago<\/h2>\n\n\n\n<ul class=\"wp-block-list\"><li><a href=\"http:\/\/www.carrieres.uqam.ca\/\">Para se candidatar a uma oferta de empr\u00eago na UQAM ou mandar o seu CV<\/a> <\/li><li><a href=\"http:\/\/vie-etudiante.uqam.ca\/employeur\/nouvelles-et-ressources.html\">Para divulgar uma oferta de empr\u00eago para estudantes ou licenciados da UQAM<\/a><\/li><\/ul>\n\n\n\n<p><\/p>\n<\/div><\/div>\n<\/div><\/div><\/div>\n\n\n\n<div class=\"wp-block-advgb-columns advgb-columns-wrapper pageJoindre joindre-autre\" id=\"advgb-cols-7d74ce38-7d33-4d44-9079-4f281b89a960\"><div class=\"advgb-columns-container\"><div class=\"advgb-columns advgb-columns-row advgb-is-mobile advgb-columns-1 layout-100 mbl-layout-stacked vgutter-10\">\n<div class=\"wp-block-advgb-column advgb-column advgb-is-full-mobile\" id=\"advgb-col-0207c890-0d8a-4bdc-b88e-39103c0f35b8\"><div class=\"advgb-column-inner\" style=\"border-style:none;border-width:1px\">\n<h2 class=\"wp-block-heading\">Outras perguntas<\/h2>\n\n\n\n<p>Quando n\u00e3o se sabe quem contatar:<\/p>\n\n\n\n<p class=\"joindre-btn\"><a href=\"mailto:general@uqam.ca\">general@uqam.ca<\/a><\/p>\n\n\n\n<p>Para todo pedido ligado aos <strong>estudos na UQAM<\/strong>, escreva no ender\u00ea\u00e7o seguinte: <a href=\"mailto:registrariat@uqam.ca\">registrariat@uqam.ca<\/a>.<br><br>Para todo problema de ordem <strong>inform\u00e1tica<\/strong>: emails que n\u00e3o chegaram ao destinat\u00e1rio, seu ender\u00ea\u00e7o electr\u00f4nico UQAM, laborat\u00f3ros inform\u00e1ticos, acesso \u00e0 r\u00eade, wi fi, consulta <a href=\"http:\/\/servicesinformatiques.uqam.ca\">servicesinformatiques.uqam.ca<\/a><\/p>\n<\/div><\/div>\n<\/div><\/div><\/div>\n\n\n\n<p><\/p>\n<style class=\"advgb-styles-renderer\">#advgb-col-18ba30b8-f24f-40de-bc78-7de9b5e52b80>.advgb-column-inner{}@media screen and (max-width: 1023px) {#advgb-col-18ba30b8-f24f-40de-bc78-7de9b5e52b80>.advgb-column-inner{}}@media screen and (max-width: 767px) {#advgb-col-18ba30b8-f24f-40de-bc78-7de9b5e52b80>.advgb-column-inner{}}#advgb-col-2effc431-1c2c-4afe-82b1-1af3632abe20>.advgb-column-inner{}@media screen and (max-width: 1023px) {#advgb-col-2effc431-1c2c-4afe-82b1-1af3632abe20>.advgb-column-inner{}}@media screen and (max-width: 767px) {#advgb-col-2effc431-1c2c-4afe-82b1-1af3632abe20>.advgb-column-inner{}}#advgb-cols-56b653af-3903-4e3b-9cbd-d185cbcf5017{}@media screen and (max-width: 1023px) {#advgb-cols-56b653af-3903-4e3b-9cbd-d185cbcf5017{}}@media screen and (max-width: 767px) {#advgb-cols-56b653af-3903-4e3b-9cbd-d185cbcf5017{}}#advgb-col-18ba30b8-f24f-40de-bc78-7de9b5e52b80>.advgb-column-inner{}@media screen and (max-width: 1023px) {#advgb-col-18ba30b8-f24f-40de-bc78-7de9b5e52b80>.advgb-column-inner{}}@media screen and (max-width: 767px) {#advgb-col-18ba30b8-f24f-40de-bc78-7de9b5e52b80>.advgb-column-inner{}}#advgb-col-2effc431-1c2c-4afe-82b1-1af3632abe20>.advgb-column-inner{}@media screen and (max-width: 1023px) {#advgb-col-2effc431-1c2c-4afe-82b1-1af3632abe20>.advgb-column-inner{}}@media screen and (max-width: 767px) {#advgb-col-2effc431-1c2c-4afe-82b1-1af3632abe20>.advgb-column-inner{}}#advgb-col-0eafb953-cc88-44c5-8eaa-8350422fae51>.advgb-column-inner{}@media screen and (max-width: 1023px) {#advgb-col-0eafb953-cc88-44c5-8eaa-8350422fae51>.advgb-column-inner{}}@media screen and (max-width: 767px) {#advgb-col-0eafb953-cc88-44c5-8eaa-8350422fae51>.advgb-column-inner{}}#advgb-cols-750d57ea-6da0-48ba-b6f0-456784c0fde4{}@media screen and (max-width: 1023px) {#advgb-cols-750d57ea-6da0-48ba-b6f0-456784c0fde4{}}@media screen and (max-width: 767px) {#advgb-cols-750d57ea-6da0-48ba-b6f0-456784c0fde4{}}#advgb-col-0eafb953-cc88-44c5-8eaa-8350422fae51>.advgb-column-inner{}@media screen and (max-width: 1023px) {#advgb-col-0eafb953-cc88-44c5-8eaa-8350422fae51>.advgb-column-inner{}}@media screen and (max-width: 767px) {#advgb-col-0eafb953-cc88-44c5-8eaa-8350422fae51>.advgb-column-inner{}}#advgb-col-5fc016b5-2e17-4145-88db-fae635c2bd5b>.advgb-column-inner{}@media screen and (max-width: 1023px) {#advgb-col-5fc016b5-2e17-4145-88db-fae635c2bd5b>.advgb-column-inner{}}@media screen and (max-width: 767px) {#advgb-col-5fc016b5-2e17-4145-88db-fae635c2bd5b>.advgb-column-inner{}}#advgb-cols-620a3ba7-cc76-4dda-9539-18b52b093a80{}@media screen and (max-width: 1023px) {#advgb-cols-620a3ba7-cc76-4dda-9539-18b52b093a80{}}@media screen and (max-width: 767px) {#advgb-cols-620a3ba7-cc76-4dda-9539-18b52b093a80{}}#advgb-col-5fc016b5-2e17-4145-88db-fae635c2bd5b>.advgb-column-inner{}@media screen and (max-width: 1023px) {#advgb-col-5fc016b5-2e17-4145-88db-fae635c2bd5b>.advgb-column-inner{}}@media screen and (max-width: 767px) {#advgb-col-5fc016b5-2e17-4145-88db-fae635c2bd5b>.advgb-column-inner{}}#advgb-col-2c2ac106-ee67-4f66-9720-e3b68704f614>.advgb-column-inner{}@media screen and (max-width: 1023px) {#advgb-col-2c2ac106-ee67-4f66-9720-e3b68704f614>.advgb-column-inner{}}@media screen and (max-width: 767px) {#advgb-col-2c2ac106-ee67-4f66-9720-e3b68704f614>.advgb-column-inner{}}#advgb-cols-bb79f116-20b6-47f8-8fcd-8e7492563d94{}@media screen and (max-width: 1023px) {#advgb-cols-bb79f116-20b6-47f8-8fcd-8e7492563d94{}}@media screen and (max-width: 767px) {#advgb-cols-bb79f116-20b6-47f8-8fcd-8e7492563d94{}}#advgb-col-2c2ac106-ee67-4f66-9720-e3b68704f614>.advgb-column-inner{}@media screen and (max-width: 1023px) {#advgb-col-2c2ac106-ee67-4f66-9720-e3b68704f614>.advgb-column-inner{}}@media screen and (max-width: 767px) {#advgb-col-2c2ac106-ee67-4f66-9720-e3b68704f614>.advgb-column-inner{}}#advgb-col-e514714d-b610-4833-b15e-cb6f500cf8c7>.advgb-column-inner{}@media screen and (max-width: 1023px) {#advgb-col-e514714d-b610-4833-b15e-cb6f500cf8c7>.advgb-column-inner{}}@media screen and (max-width: 767px) {#advgb-col-e514714d-b610-4833-b15e-cb6f500cf8c7>.advgb-column-inner{}}#advgb-cols-09ef8143-294e-4059-90be-51dba201bf7d{}@media screen and (max-width: 1023px) {#advgb-cols-09ef8143-294e-4059-90be-51dba201bf7d{}}@media screen and (max-width: 767px) {#advgb-cols-09ef8143-294e-4059-90be-51dba201bf7d{}}#advgb-col-e514714d-b610-4833-b15e-cb6f500cf8c7>.advgb-column-inner{}@media screen and (max-width: 1023px) {#advgb-col-e514714d-b610-4833-b15e-cb6f500cf8c7>.advgb-column-inner{}}@media screen and (max-width: 767px) {#advgb-col-e514714d-b610-4833-b15e-cb6f500cf8c7>.advgb-column-inner{}}#advgb-col-b0925f0e-adae-46b4-a755-72a3fe13e681>.advgb-column-inner{}@media screen and (max-width: 1023px) {#advgb-col-b0925f0e-adae-46b4-a755-72a3fe13e681>.advgb-column-inner{}}@media screen and (max-width: 767px) {#advgb-col-b0925f0e-adae-46b4-a755-72a3fe13e681>.advgb-column-inner{}}#advgb-cols-f330c52f-8644-4475-8af0-e2ba3f588a08{}@media screen and (max-width: 1023px) {#advgb-cols-f330c52f-8644-4475-8af0-e2ba3f588a08{}}@media screen and (max-width: 767px) {#advgb-cols-f330c52f-8644-4475-8af0-e2ba3f588a08{}}#advgb-col-b0925f0e-adae-46b4-a755-72a3fe13e681>.advgb-column-inner{}@media screen and (max-width: 1023px) {#advgb-col-b0925f0e-adae-46b4-a755-72a3fe13e681>.advgb-column-inner{}}@media screen and (max-width: 767px) {#advgb-col-b0925f0e-adae-46b4-a755-72a3fe13e681>.advgb-column-inner{}}#advgb-col-0207c890-0d8a-4bdc-b88e-39103c0f35b8>.advgb-column-inner{}@media screen and (max-width: 1023px) {#advgb-col-0207c890-0d8a-4bdc-b88e-39103c0f35b8>.advgb-column-inner{}}@media screen and (max-width: 767px) {#advgb-col-0207c890-0d8a-4bdc-b88e-39103c0f35b8>.advgb-column-inner{}}#advgb-cols-7d74ce38-7d33-4d44-9079-4f281b89a960{}@media screen and (max-width: 1023px) {#advgb-cols-7d74ce38-7d33-4d44-9079-4f281b89a960{}}@media screen and (max-width: 767px) {#advgb-cols-7d74ce38-7d33-4d44-9079-4f281b89a960{}}#advgb-col-0207c890-0d8a-4bdc-b88e-39103c0f35b8>.advgb-column-inner{}@media screen and (max-width: 1023px) {#advgb-col-0207c890-0d8a-4bdc-b88e-39103c0f35b8>.advgb-column-inner{}}@media screen and (max-width: 767px) {#advgb-col-0207c890-0d8a-4bdc-b88e-39103c0f35b8>.advgb-column-inner{}}<\/style>","protected":false},"excerpt":{"rendered":"","protected":false},"author":1,"featured_media":0,"parent":140,"menu_order":0,"comment_status":"closed","ping_status":"closed","template":"","meta":{"_acf_changed":false,"advgb_blocks_editor_width":"","advgb_blocks_columns_visual_guide":"","_monsterinsights_skip_tracking":false,"_monsterinsights_sitenote_active":false,"_monsterinsights_sitenote_note":"","_monsterinsights_sitenote_category":0,"footnotes":""},"class_list":["post-546","page","type-page","status-publish","hentry"],"acf":[],"yoast_head":"<!-- This site is optimized with the Yoast SEO plugin v26.9 - https:\/\/yoast.com\/product\/yoast-seo-wordpress\/ -->\n<title>Contato - UQAM<\/title>\n<meta name=\"description\" content=\"Contato - Universit\u00e9 du Qu\u00e9bec \u00e0 Montr\u00e9al - UQAM\" \/>\n<meta name=\"robots\" content=\"index, follow, max-snippet:-1, max-image-preview:large, max-video-preview:-1\" \/>\n<link rel=\"canonical\" href=\"https:\/\/uqam.ca\/pt-br\/informacao\/contato\/\" \/>\n<meta property=\"og:locale\" content=\"pt_BR\" \/>\n<meta property=\"og:type\" content=\"article\" \/>\n<meta property=\"og:title\" content=\"Contato - UQAM\" \/>\n<meta property=\"og:description\" content=\"Contato - Universit\u00e9 du Qu\u00e9bec \u00e0 Montr\u00e9al - UQAM\" \/>\n<meta property=\"og:url\" content=\"https:\/\/uqam.ca\/pt-br\/informacao\/contato\/\" \/>\n<meta property=\"og:site_name\" content=\"Universit\u00e9 du Qu\u00e9bec \u00e0 Montr\u00e9al\" \/>\n<meta property=\"article:publisher\" content=\"http:\/\/www.facebook.com\/uqam1\" \/>\n<meta property=\"article:modified_time\" content=\"2020-06-22T14:34:24+00:00\" \/>\n<meta property=\"og:image\" content=\"https:\/\/ressources-medias.uqam.ca\/media\/uploads\/20200306151917\/campuscentral.jpg\" \/>\n\t<meta property=\"og:image:width\" content=\"1080\" \/>\n\t<meta property=\"og:image:height\" content=\"763\" \/>\n\t<meta property=\"og:image:type\" content=\"image\/jpeg\" \/>\n<meta name=\"twitter:card\" content=\"summary_large_image\" \/>\n<meta name=\"twitter:site\" content=\"@uqam\" \/>\n<meta name=\"twitter:label1\" content=\"Est. tempo de leitura\" \/>\n\t<meta name=\"twitter:data1\" content=\"1 minuto\" \/>\n<script type=\"application\/ld+json\" class=\"yoast-schema-graph\">{\"@context\":\"https:\/\/schema.org\",\"@graph\":[{\"@type\":\"WebPage\",\"@id\":\"https:\/\/uqam.ca\/pt-br\/informacao\/contato\/\",\"url\":\"https:\/\/uqam.ca\/pt-br\/informacao\/contato\/\",\"name\":\"Contato - UQAM\",\"isPartOf\":{\"@id\":\"https:\/\/uqam.ca\/#website\"},\"datePublished\":\"2019-07-29T20:50:51+00:00\",\"dateModified\":\"2020-06-22T14:34:24+00:00\",\"description\":\"Contato - Universit\u00e9 du Qu\u00e9bec \u00e0 Montr\u00e9al - UQAM\",\"breadcrumb\":{\"@id\":\"https:\/\/uqam.ca\/pt-br\/informacao\/contato\/#breadcrumb\"},\"inLanguage\":\"pt-BR\",\"potentialAction\":[{\"@type\":\"ReadAction\",\"target\":[\"https:\/\/uqam.ca\/pt-br\/informacao\/contato\/\"]}]},{\"@type\":\"BreadcrumbList\",\"@id\":\"https:\/\/uqam.ca\/pt-br\/informacao\/contato\/#breadcrumb\",\"itemListElement\":[{\"@type\":\"ListItem\",\"position\":1,\"name\":\"UQAM\",\"item\":\"https:\/\/uqam.ca\"},{\"@type\":\"ListItem\",\"position\":2,\"name\":\"Universit\u00e9 du Qu\u00e9bec \u00e0 Montr\u00e9al\",\"item\":\"https:\/\/uqam.ca\/pt-br\/\"},{\"@type\":\"ListItem\",\"position\":3,\"name\":\"Informa\u00e7\u00f5es em Portugu\u00eas\",\"item\":\"https:\/\/uqam.ca\/pt-br\/informacao\/\"},{\"@type\":\"ListItem\",\"position\":4,\"name\":\"Contato\"}]},{\"@type\":\"WebSite\",\"@id\":\"https:\/\/uqam.ca\/#website\",\"url\":\"https:\/\/uqam.ca\/\",\"name\":\"Universit\u00e9 du Qu\u00e9bec \u00e0 Montr\u00e9al\",\"description\":\"UQAM\",\"publisher\":{\"@id\":\"https:\/\/uqam.ca\/#organization\"},\"potentialAction\":[{\"@type\":\"SearchAction\",\"target\":{\"@type\":\"EntryPoint\",\"urlTemplate\":\"https:\/\/uqam.ca\/?s={search_term_string}\"},\"query-input\":{\"@type\":\"PropertyValueSpecification\",\"valueRequired\":true,\"valueName\":\"search_term_string\"}}],\"inLanguage\":\"pt-BR\"},{\"@type\":\"Organization\",\"@id\":\"https:\/\/uqam.ca\/#organization\",\"name\":\"UQAM | Universit\u00e9 du Qu\u00e9bec \u00e0 Montr\u00e9al\",\"url\":\"https:\/\/uqam.ca\/\",\"logo\":{\"@type\":\"ImageObject\",\"inLanguage\":\"pt-BR\",\"@id\":\"https:\/\/uqam.ca\/#\/schema\/logo\/image\/\",\"url\":\"https:\/\/ressources-medias.uqam.ca\/media\/uploads\/20200306145948\/uqambleu.jpg\",\"contentUrl\":\"https:\/\/ressources-medias.uqam.ca\/media\/uploads\/20200306145948\/uqambleu.jpg\",\"width\":400,\"height\":400,\"caption\":\"UQAM | Universit\u00e9 du Qu\u00e9bec \u00e0 Montr\u00e9al\"},\"image\":{\"@id\":\"https:\/\/uqam.ca\/#\/schema\/logo\/image\/\"},\"sameAs\":[\"http:\/\/www.facebook.com\/uqam1\",\"https:\/\/x.com\/uqam\",\"http:\/\/www.instagram.com\/uqam\",\"http:\/\/www.linkedin.com\/school\/uqam\/\",\"http:\/\/www.pinterest.ca\/uqam\/\",\"http:\/\/www.youtube.com\/user\/UQAMtv\"]}]}<\/script>\n<!-- \/ Yoast SEO plugin. -->","yoast_head_json":{"title":"Contato - UQAM","description":"Contato - Universit\u00e9 du Qu\u00e9bec \u00e0 Montr\u00e9al - UQAM","robots":{"index":"index","follow":"follow","max-snippet":"max-snippet:-1","max-image-preview":"max-image-preview:large","max-video-preview":"max-video-preview:-1"},"canonical":"https:\/\/uqam.ca\/pt-br\/informacao\/contato\/","og_locale":"pt_BR","og_type":"article","og_title":"Contato - UQAM","og_description":"Contato - Universit\u00e9 du Qu\u00e9bec \u00e0 Montr\u00e9al - UQAM","og_url":"https:\/\/uqam.ca\/pt-br\/informacao\/contato\/","og_site_name":"Universit\u00e9 du Qu\u00e9bec \u00e0 Montr\u00e9al","article_publisher":"http:\/\/www.facebook.com\/uqam1","article_modified_time":"2020-06-22T14:34:24+00:00","og_image":[{"width":1080,"height":763,"url":"https:\/\/ressources-medias.uqam.ca\/media\/uploads\/20200306151917\/campuscentral.jpg","type":"image\/jpeg"}],"twitter_card":"summary_large_image","twitter_site":"@uqam","twitter_misc":{"Est. tempo de leitura":"1 minuto"},"schema":{"@context":"https:\/\/schema.org","@graph":[{"@type":"WebPage","@id":"https:\/\/uqam.ca\/pt-br\/informacao\/contato\/","url":"https:\/\/uqam.ca\/pt-br\/informacao\/contato\/","name":"Contato - UQAM","isPartOf":{"@id":"https:\/\/uqam.ca\/#website"},"datePublished":"2019-07-29T20:50:51+00:00","dateModified":"2020-06-22T14:34:24+00:00","description":"Contato - Universit\u00e9 du Qu\u00e9bec \u00e0 Montr\u00e9al - UQAM","breadcrumb":{"@id":"https:\/\/uqam.ca\/pt-br\/informacao\/contato\/#breadcrumb"},"inLanguage":"pt-BR","potentialAction":[{"@type":"ReadAction","target":["https:\/\/uqam.ca\/pt-br\/informacao\/contato\/"]}]},{"@type":"BreadcrumbList","@id":"https:\/\/uqam.ca\/pt-br\/informacao\/contato\/#breadcrumb","itemListElement":[{"@type":"ListItem","position":1,"name":"UQAM","item":"https:\/\/uqam.ca"},{"@type":"ListItem","position":2,"name":"Universit\u00e9 du Qu\u00e9bec \u00e0 Montr\u00e9al","item":"https:\/\/uqam.ca\/pt-br\/"},{"@type":"ListItem","position":3,"name":"Informa\u00e7\u00f5es em Portugu\u00eas","item":"https:\/\/uqam.ca\/pt-br\/informacao\/"},{"@type":"ListItem","position":4,"name":"Contato"}]},{"@type":"WebSite","@id":"https:\/\/uqam.ca\/#website","url":"https:\/\/uqam.ca\/","name":"Universit\u00e9 du Qu\u00e9bec \u00e0 Montr\u00e9al","description":"UQAM","publisher":{"@id":"https:\/\/uqam.ca\/#organization"},"potentialAction":[{"@type":"SearchAction","target":{"@type":"EntryPoint","urlTemplate":"https:\/\/uqam.ca\/?s={search_term_string}"},"query-input":{"@type":"PropertyValueSpecification","valueRequired":true,"valueName":"search_term_string"}}],"inLanguage":"pt-BR"},{"@type":"Organization","@id":"https:\/\/uqam.ca\/#organization","name":"UQAM | Universit\u00e9 du Qu\u00e9bec \u00e0 Montr\u00e9al","url":"https:\/\/uqam.ca\/","logo":{"@type":"ImageObject","inLanguage":"pt-BR","@id":"https:\/\/uqam.ca\/#\/schema\/logo\/image\/","url":"https:\/\/ressources-medias.uqam.ca\/media\/uploads\/20200306145948\/uqambleu.jpg","contentUrl":"https:\/\/ressources-medias.uqam.ca\/media\/uploads\/20200306145948\/uqambleu.jpg","width":400,"height":400,"caption":"UQAM | Universit\u00e9 du Qu\u00e9bec \u00e0 Montr\u00e9al"},"image":{"@id":"https:\/\/uqam.ca\/#\/schema\/logo\/image\/"},"sameAs":["http:\/\/www.facebook.com\/uqam1","https:\/\/x.com\/uqam","http:\/\/www.instagram.com\/uqam","http:\/\/www.linkedin.com\/school\/uqam\/","http:\/\/www.pinterest.ca\/uqam\/","http:\/\/www.youtube.com\/user\/UQAMtv"]}]}},"coauthors":[],"author_meta":{"author_link":"https:\/\/uqam.ca\/pt-br\/author\/audiovisuel_admin\/","display_name":"audiovisuel_admin"},"relative_dates":{"created":"Publicado 7 anos atr\u00e1s","modified":"Atualizado 6 anos atr\u00e1s"},"absolute_dates":{"created":"Publicado em 29 julho","modified":"Atualizado em 22 junho"},"absolute_dates_time":{"created":"Publicado em 29 julho 8:50 pm","modified":"Atualizado em 22 junho 10:34 am"},"featured_img_caption":"","featured_img":false,"series_order":"","_links":{"self":[{"href":"https:\/\/uqam.ca\/pt-br\/wp-json\/wp\/v2\/pages\/546","targetHints":{"allow":["GET"]}}],"collection":[{"href":"https:\/\/uqam.ca\/pt-br\/wp-json\/wp\/v2\/pages"}],"about":[{"href":"https:\/\/uqam.ca\/pt-br\/wp-json\/wp\/v2\/types\/page"}],"author":[{"embeddable":true,"href":"https:\/\/uqam.ca\/pt-br\/wp-json\/wp\/v2\/users\/1"}],"replies":[{"embeddable":true,"href":"https:\/\/uqam.ca\/pt-br\/wp-json\/wp\/v2\/comments?post=546"}],"version-history":[{"count":12,"href":"https:\/\/uqam.ca\/pt-br\/wp-json\/wp\/v2\/pages\/546\/revisions"}],"predecessor-version":[{"id":2385,"href":"https:\/\/uqam.ca\/pt-br\/wp-json\/wp\/v2\/pages\/546\/revisions\/2385"}],"up":[{"embeddable":true,"href":"https:\/\/uqam.ca\/pt-br\/wp-json\/wp\/v2\/pages\/140"}],"wp:attachment":[{"href":"https:\/\/uqam.ca\/pt-br\/wp-json\/wp\/v2\/media?parent=546"}],"curies":[{"name":"wp","href":"https:\/\/api.w.org\/{rel}","templated":true}]}}