{"id":536,"date":"2019-07-23T19:06:54","date_gmt":"2019-07-23T19:06:54","guid":{"rendered":"https:\/\/uqam.dev.uqam.ca\/?page_id=536"},"modified":"2026-02-20T15:52:38","modified_gmt":"2026-02-20T20:52:38","slug":"difusao","status":"publish","type":"page","link":"https:\/\/uqam.ca\/pt-br\/informacao\/difusao\/","title":{"rendered":"Espa\u00e7os de difus\u00e3o das artes et das ci\u00eancias"},"content":{"rendered":"\n<div class=\"wp-block-columns is-layout-flex wp-container-core-columns-is-layout-9d6595d7 wp-block-columns-is-layout-flex\">\n<div class=\"wp-block-column is-layout-flow wp-block-column-is-layout-flow\">\n<figure class=\"wp-block-image\"><a href=\"http:\/\/coeurdessciences.uqam.ca\/\"><img loading=\"lazy\" decoding=\"async\" width=\"667\" height=\"667\" src=\"https:\/\/ressources-medias.uqam.ca\/media\/uploads\/20200127164725\/coeurDesSciences.jpg\" alt=\"\" class=\"wp-image-1685\" srcset=\"https:\/\/ressources-medias.uqam.ca\/media\/uploads\/20200127164725\/coeurDesSciences.jpg 667w, https:\/\/ressources-medias.uqam.ca\/media\/uploads\/20200127164725\/coeurDesSciences-150x150.jpg 150w, https:\/\/ressources-medias.uqam.ca\/media\/uploads\/20200127164725\/coeurDesSciences-300x300.jpg 300w\" sizes=\"auto, (max-width: 667px) 100vw, 667px\" \/><\/a><\/figure>\n\n\n\n<h2 class=\"wp-block-heading\">C\u0153ur des sciences<\/h2>\n\n\n\n<p>A miss\u00e3o do C\u0153ur des sciences \u00e9 de contribuir ao desenvolvimento da cultura cient\u00edfica do p\u00fablico em geral, al\u00e9m de dar \u00e0 popula\u00e7\u00e3o a oportunidade de trocar id\u00e9ias e debater sobre os assuntos e desafios sociais, pol\u00edticos e econ\u00f4micos ligados \u00e0 ci\u00eancia e \u00e0 tecnologia.<\/p>\n\n\n\n<p class=\"lienExterne\"><a href=\"http:\/\/coeurdessciences.uqam.ca\/\">Site do C\u0153ur des sciences<\/a><\/p>\n<\/div>\n\n\n\n<div class=\"wp-block-column is-layout-flow wp-block-column-is-layout-flow\">\n<figure class=\"wp-block-image\"><a href=\"http:\/\/www.centrededesign.com\/\"><img loading=\"lazy\" decoding=\"async\" width=\"730\" height=\"730\" src=\"https:\/\/ressources-medias.uqam.ca\/media\/uploads\/20200127164732\/lieu2.jpg\" alt=\"Centre de design\" class=\"wp-image-556\" srcset=\"https:\/\/ressources-medias.uqam.ca\/media\/uploads\/20200127164732\/lieu2.jpg 730w, https:\/\/ressources-medias.uqam.ca\/media\/uploads\/20200127164732\/lieu2-150x150.jpg 150w, https:\/\/ressources-medias.uqam.ca\/media\/uploads\/20200127164732\/lieu2-300x300.jpg 300w\" sizes=\"auto, (max-width: 730px) 100vw, 730px\" \/><\/a><\/figure>\n\n\n\n<h2 class=\"wp-block-heading\">Centre de design<\/h2>\n\n\n\n<p>Espa\u00e7o dedicado \u00e0 promo\u00e7\u00e3o e ao reconhecimento do design, o Centro apresenta exposi\u00e7\u00f5es que ilustram as tend\u00eancias hist\u00f3ricas e atuais nos campos do design gr\u00e1fico, industrial e urbano, da arquitetura e da moda.<\/p>\n\n\n\n<p class=\"lienExterne\"><a href=\"http:\/\/www.centrededesign.com\/\">Site do Centre de design<\/a><\/p>\n<\/div>\n\n\n\n<div class=\"wp-block-column is-layout-flow wp-block-column-is-layout-flow\">\n<figure class=\"wp-block-image\"><a href=\"https:\/\/galerie.uqam.ca\/\"><img loading=\"lazy\" decoding=\"async\" width=\"730\" height=\"730\" src=\"https:\/\/ressources-medias.uqam.ca\/media\/uploads\/20200127164732\/lieu3.jpg\" alt=\"Galerie de l'UQAM\" class=\"wp-image-560\" srcset=\"https:\/\/ressources-medias.uqam.ca\/media\/uploads\/20200127164732\/lieu3.jpg 730w, https:\/\/ressources-medias.uqam.ca\/media\/uploads\/20200127164732\/lieu3-150x150.jpg 150w, https:\/\/ressources-medias.uqam.ca\/media\/uploads\/20200127164732\/lieu3-300x300.jpg 300w\" sizes=\"auto, (max-width: 730px) 100vw, 730px\" \/><\/a><\/figure>\n\n\n\n<h2 class=\"wp-block-heading\">Galerie de l&#8217;UQAM<\/h2>\n\n\n\n<p>A galeria da UQAM produz e apresenta exposi\u00e7\u00f5es de arte contempor\u00e2nea do Quebec, do Canad\u00e1 e internacional, a maioria realizadas por commiss\u00e1rios reconhecidos.<\/p>\n\n\n\n<p class=\"lienExterne\"><a href=\"https:\/\/galerie.uqam.ca\/\">Site da Galerie de l\u2019UQAM<\/a><\/p>\n<\/div>\n<\/div>\n\n\n\n<div class=\"wp-block-columns pt-6 is-layout-flex wp-container-core-columns-is-layout-9d6595d7 wp-block-columns-is-layout-flex\">\n<div class=\"wp-block-column is-layout-flow wp-block-column-is-layout-flow\">\n<figure class=\"wp-block-image https:\/\/evenements.uqam.ca\/\"><img loading=\"lazy\" decoding=\"async\" width=\"707\" height=\"707\" src=\"https:\/\/ressources-medias.uqam.ca\/media\/uploads\/20200127164725\/espacesPublicsExterieurs.jpg\" alt=\"\" class=\"wp-image-1689\" srcset=\"https:\/\/ressources-medias.uqam.ca\/media\/uploads\/20200127164725\/espacesPublicsExterieurs.jpg 707w, https:\/\/ressources-medias.uqam.ca\/media\/uploads\/20200127164725\/espacesPublicsExterieurs-150x150.jpg 150w, https:\/\/ressources-medias.uqam.ca\/media\/uploads\/20200127164725\/espacesPublicsExterieurs-300x300.jpg 300w\" sizes=\"auto, (max-width: 707px) 100vw, 707px\" \/><\/figure>\n\n\n\n<h2 class=\"wp-block-heading\">Espa\u00e7os p\u00fablicos exteriores<\/h2>\n\n\n\n<p>Os espa\u00e7os p\u00fablicos exteriores abrangem a Place Pasteur, localizada em frente ao pavilh\u00e3o Athanase-David, o campan\u00e1rio do pavilh\u00e3o Judith-Jasmin, assim como as fachadas dos pavilh\u00f5es de Design e Pr\u00e9sident-Kennedy. Cada ano, projetos de ocupa\u00e7\u00e3o e proje\u00e7\u00f5es arquitet\u00f4nicas ocupam \u00easses espa\u00e7os.<\/p>\n\n\n\n<p class=\"lienExterne\"><a href=\"https:\/\/evenements.uqam.ca\/\">Calend\u00e1rio cultural<\/a><\/p>\n<\/div>\n\n\n\n<div class=\"wp-block-column is-layout-flow wp-block-column-is-layout-flow\">\n<figure class=\"wp-block-image\"><a href=\"http:\/\/www.danse.uqam.ca\/\"><img loading=\"lazy\" decoding=\"async\" width=\"730\" height=\"730\" src=\"https:\/\/ressources-medias.uqam.ca\/media\/uploads\/20200127164732\/lieu5.jpg\" alt=\"Pavillon de Danse\" class=\"wp-image-568\" srcset=\"https:\/\/ressources-medias.uqam.ca\/media\/uploads\/20200127164732\/lieu5.jpg 730w, https:\/\/ressources-medias.uqam.ca\/media\/uploads\/20200127164732\/lieu5-150x150.jpg 150w, https:\/\/ressources-medias.uqam.ca\/media\/uploads\/20200127164732\/lieu5-300x300.jpg 300w\" sizes=\"auto, (max-width: 730px) 100vw, 730px\" \/><\/a><\/figure>\n\n\n\n<h2 class=\"wp-block-heading\">Pavillon de Danse<\/h2>\n\n\n\n<p>Pavilh\u00e3o de dan\u00e7a O pavilh\u00e3o de dan\u00e7a comporta duas salas de alta funcionalidade. Abertas ao p\u00fablico, essas salas s\u00e3o utilizadas tanto pela UQAM que pelas companhias de dan\u00e7a e pelos dan\u00e7arinos independentes.<\/p>\n\n\n\n<p class=\"lienExterne\"><a href=\"http:\/\/www.danse.uqam.ca\/\">Site da Agora de la danse<\/a><\/p>\n<\/div>\n\n\n\n<div class=\"wp-block-column is-layout-flow wp-block-column-is-layout-flow\">\n<figure class=\"wp-block-image\"><a href=\"http:\/\/cdex.uqam.ca\/\"><img loading=\"lazy\" decoding=\"async\" width=\"708\" height=\"708\" src=\"https:\/\/ressources-medias.uqam.ca\/media\/uploads\/20200127164725\/CDEx.jpg\" alt=\"\" class=\"wp-image-1681\" srcset=\"https:\/\/ressources-medias.uqam.ca\/media\/uploads\/20200127164725\/CDEx.jpg 708w, https:\/\/ressources-medias.uqam.ca\/media\/uploads\/20200127164725\/CDEx-150x150.jpg 150w, https:\/\/ressources-medias.uqam.ca\/media\/uploads\/20200127164725\/CDEx-300x300.jpg 300w\" sizes=\"auto, (max-width: 708px) 100vw, 708px\" \/><\/a><\/figure>\n\n\n\n<h2 class=\"wp-block-heading\">Centre de diffusion et d&#8217;exp\u00e9rimentation (CDEx)<\/h2>\n\n\n\n<p>Localizado na esquina das ruas Saint-Denis e Sainte-Catherine, o objetivo do CDEx \u00e9 de providenciar um espa\u00e7o de exposi\u00e7\u00e3o e experimenta\u00e7\u00e3o aos estudantes no mestrado em artes visuais e medi\u00e1ticas assim como aos estudantes no doutorado. Pessoas alh\u00e9ias a \u00easses dois programas tamb\u00e9m podem apresentar projetos.<\/p>\n\n\n\n<p class=\"lienExterne\"><a href=\"http:\/\/cdex.uqam.ca\/\">Site do CDEx<\/a><\/p>\n<\/div>\n<\/div>\n\n\n\n<div class=\"wp-block-columns pt-6 is-layout-flex wp-container-core-columns-is-layout-9d6595d7 wp-block-columns-is-layout-flex\">\n<div class=\"wp-block-column is-layout-flow wp-block-column-is-layout-flow\">\n<figure class=\"wp-block-image\"><a href=\"http:\/\/www.centrepierrepeladeau.uqam.ca\/\"><img loading=\"lazy\" decoding=\"async\" width=\"730\" height=\"730\" src=\"https:\/\/ressources-medias.uqam.ca\/media\/uploads\/20200127164732\/lieu7.jpg\" alt=\"Centre Pierre-P\u00e9ladeau (salle Pierre-Mercure)\" class=\"wp-image-576\" srcset=\"https:\/\/ressources-medias.uqam.ca\/media\/uploads\/20200127164732\/lieu7.jpg 730w, https:\/\/ressources-medias.uqam.ca\/media\/uploads\/20200127164732\/lieu7-150x150.jpg 150w, https:\/\/ressources-medias.uqam.ca\/media\/uploads\/20200127164732\/lieu7-300x300.jpg 300w\" sizes=\"auto, (max-width: 730px) 100vw, 730px\" \/><\/a><\/figure>\n\n\n\n<h2 class=\"wp-block-heading\">Centre Pierre-P\u00e9ladeau (salle Pierre-Mercure)<\/h2>\n\n\n\n<p>Em atividade desde outubro 1992, o Cemtre Pierre-P\u00e9ladeau \u00e9 considerado como um espa\u00e7o de difus\u00e3o e de produ\u00e7\u00e3o das artes da cena de Montreal de maior import\u00e2ncia.<\/p>\n\n\n\n<p class=\"lienExterne\"><a href=\"http:\/\/www.centrepierrepeladeau.uqam.ca\/\">Site do Centre Pierre-P\u00e9ladeau<\/a><\/p>\n<\/div>\n\n\n\n<div class=\"wp-block-column is-layout-flow wp-block-column-is-layout-flow\">\n<figure class=\"wp-block-image\"><a href=\"http:\/\/www.audiovisuel.uqam.ca\/services\/cinemas.asp\"><img loading=\"lazy\" decoding=\"async\" width=\"730\" height=\"730\" src=\"https:\/\/ressources-medias.uqam.ca\/media\/uploads\/20200127164731\/lieu8.jpg\" alt=\"Salas de cinema\" class=\"wp-image-580\" srcset=\"https:\/\/ressources-medias.uqam.ca\/media\/uploads\/20200127164731\/lieu8.jpg 730w, https:\/\/ressources-medias.uqam.ca\/media\/uploads\/20200127164731\/lieu8-150x150.jpg 150w, https:\/\/ressources-medias.uqam.ca\/media\/uploads\/20200127164731\/lieu8-300x300.jpg 300w\" sizes=\"auto, (max-width: 730px) 100vw, 730px\" \/><\/a><\/figure>\n\n\n\n<h2 class=\"wp-block-heading\">Salas de cinema<\/h2>\n\n\n\n<p>O servi\u00e7o de audiovisual disp\u00f5e de duas salas de cinema situadas no pavilh\u00e3o Judith-Jasmin Annexe, no 1564, rue Saint-Denis, no centro do Quartier Latin. <\/p>\n\n\n\n<p class=\"lienExterne\"><\/p>\n<\/div>\n\n\n\n<div class=\"wp-block-column is-layout-flow wp-block-column-is-layout-flow\">\n<figure class=\"wp-block-image\"><a href=\"https:\/\/theatre.uqam.ca\/lecole\/location-de-salles\/studio-theatre-alfred-laliberte\/\"><img loading=\"lazy\" decoding=\"async\" width=\"730\" height=\"730\" src=\"https:\/\/ressources-medias.uqam.ca\/media\/uploads\/20200127164731\/lieu9.jpg\" alt=\"Est\u00fadio-teatro Alfred-Lalibert\u00e9\" class=\"wp-image-584\" srcset=\"https:\/\/ressources-medias.uqam.ca\/media\/uploads\/20200127164731\/lieu9.jpg 730w, https:\/\/ressources-medias.uqam.ca\/media\/uploads\/20200127164731\/lieu9-150x150.jpg 150w, https:\/\/ressources-medias.uqam.ca\/media\/uploads\/20200127164731\/lieu9-300x300.jpg 300w\" sizes=\"auto, (max-width: 730px) 100vw, 730px\" \/><\/a><\/figure>\n\n\n\n<h2 class=\"wp-block-heading\">Sala de teatro<\/h2>\n\n\n\n<p>O Studio-d&#8217;essai Claude-Gauvreau pode servir para a realiza\u00e7\u00e3o de espet\u00e1culos, col\u00f3quios, congressos, confer\u00eancias e assembleias p\u00fablicas.<\/p>\n\n\n\n<p class=\"lienExterne\"><a href=\"https:\/\/theatre.uqam.ca\/lecole\/location-de-salles\/studio-theatre-alfred-laliberte\/\">Loca\u00e7\u00e3o dessa sala<\/a><\/p>\n<\/div>\n<\/div>\n","protected":false},"excerpt":{"rendered":"<p>C\u0153ur des sciences A miss\u00e3o do C\u0153ur des sciences \u00e9 de contribuir ao desenvolvimento da cultura cient\u00edfica do p\u00fablico em geral, al\u00e9m de dar \u00e0 popula\u00e7\u00e3o a oportunidade de trocar id\u00e9ias e debater sobre os assuntos e desafios sociais, pol\u00edticos e econ\u00f4micos ligados \u00e0 ci\u00eancia e \u00e0 tecnologia. Site do C\u0153ur des sciences Centre de [&hellip;]<\/p>\n","protected":false},"author":1,"featured_media":0,"parent":140,"menu_order":0,"comment_status":"closed","ping_status":"closed","template":"","meta":{"_acf_changed":false,"advgb_blocks_editor_width":"","advgb_blocks_columns_visual_guide":"","_monsterinsights_skip_tracking":false,"_monsterinsights_sitenote_active":false,"_monsterinsights_sitenote_note":"","_monsterinsights_sitenote_category":0,"footnotes":""},"class_list":["post-536","page","type-page","status-publish","hentry"],"acf":[],"yoast_head":"<!-- This site is optimized with the Yoast SEO plugin v26.9 - https:\/\/yoast.com\/product\/yoast-seo-wordpress\/ -->\n<title>Espa\u00e7os de difus\u00e3o das artes et das ci\u00eancias - UQAM<\/title>\n<meta name=\"description\" content=\"Espa\u00e7os de difus\u00e3o das artes et das ci\u00eancias - Universit\u00e9 du Qu\u00e9bec \u00e0 Montr\u00e9al - UQAM\" \/>\n<meta name=\"robots\" content=\"index, follow, max-snippet:-1, max-image-preview:large, max-video-preview:-1\" \/>\n<link rel=\"canonical\" href=\"https:\/\/uqam.ca\/pt-br\/informacao\/difusao\/\" \/>\n<meta property=\"og:locale\" content=\"pt_BR\" \/>\n<meta property=\"og:type\" content=\"article\" \/>\n<meta property=\"og:title\" content=\"Espa\u00e7os de difus\u00e3o das artes et das ci\u00eancias - UQAM\" \/>\n<meta property=\"og:description\" content=\"Espa\u00e7os de difus\u00e3o das artes et das ci\u00eancias - Universit\u00e9 du Qu\u00e9bec \u00e0 Montr\u00e9al - UQAM\" \/>\n<meta property=\"og:url\" content=\"https:\/\/uqam.ca\/pt-br\/informacao\/difusao\/\" \/>\n<meta property=\"og:site_name\" content=\"Universit\u00e9 du Qu\u00e9bec \u00e0 Montr\u00e9al\" \/>\n<meta property=\"article:publisher\" content=\"http:\/\/www.facebook.com\/uqam1\" \/>\n<meta property=\"article:modified_time\" content=\"2026-02-20T20:52:38+00:00\" \/>\n<meta property=\"og:image\" content=\"https:\/\/uqam.ca\/wp-content\/uploads\/coeurDesSciences.jpg\" \/>\n<meta name=\"twitter:card\" content=\"summary_large_image\" \/>\n<meta name=\"twitter:site\" content=\"@uqam\" \/>\n<meta name=\"twitter:label1\" content=\"Est. tempo de leitura\" \/>\n\t<meta name=\"twitter:data1\" content=\"8 minutos\" \/>\n<script type=\"application\/ld+json\" class=\"yoast-schema-graph\">{\"@context\":\"https:\/\/schema.org\",\"@graph\":[{\"@type\":\"WebPage\",\"@id\":\"https:\/\/uqam.ca\/pt-br\/informacao\/difusao\/\",\"url\":\"https:\/\/uqam.ca\/pt-br\/informacao\/difusao\/\",\"name\":\"Espa\u00e7os de difus\u00e3o das artes et das ci\u00eancias - UQAM\",\"isPartOf\":{\"@id\":\"https:\/\/uqam.ca\/#website\"},\"primaryImageOfPage\":{\"@id\":\"https:\/\/uqam.ca\/pt-br\/informacao\/difusao\/#primaryimage\"},\"image\":{\"@id\":\"https:\/\/uqam.ca\/pt-br\/informacao\/difusao\/#primaryimage\"},\"thumbnailUrl\":\"https:\/\/uqam.ca\/wp-content\/uploads\/coeurDesSciences.jpg\",\"datePublished\":\"2019-07-23T19:06:54+00:00\",\"dateModified\":\"2026-02-20T20:52:38+00:00\",\"description\":\"Espa\u00e7os de difus\u00e3o das artes et das ci\u00eancias - Universit\u00e9 du Qu\u00e9bec \u00e0 Montr\u00e9al - UQAM\",\"breadcrumb\":{\"@id\":\"https:\/\/uqam.ca\/pt-br\/informacao\/difusao\/#breadcrumb\"},\"inLanguage\":\"pt-BR\",\"potentialAction\":[{\"@type\":\"ReadAction\",\"target\":[\"https:\/\/uqam.ca\/pt-br\/informacao\/difusao\/\"]}]},{\"@type\":\"ImageObject\",\"inLanguage\":\"pt-BR\",\"@id\":\"https:\/\/uqam.ca\/pt-br\/informacao\/difusao\/#primaryimage\",\"url\":\"https:\/\/uqam.ca\/wp-content\/uploads\/coeurDesSciences.jpg\",\"contentUrl\":\"https:\/\/uqam.ca\/wp-content\/uploads\/coeurDesSciences.jpg\"},{\"@type\":\"BreadcrumbList\",\"@id\":\"https:\/\/uqam.ca\/pt-br\/informacao\/difusao\/#breadcrumb\",\"itemListElement\":[{\"@type\":\"ListItem\",\"position\":1,\"name\":\"UQAM\",\"item\":\"https:\/\/uqam.ca\"},{\"@type\":\"ListItem\",\"position\":2,\"name\":\"Universit\u00e9 du Qu\u00e9bec \u00e0 Montr\u00e9al\",\"item\":\"https:\/\/uqam.ca\/pt-br\/\"},{\"@type\":\"ListItem\",\"position\":3,\"name\":\"Informa\u00e7\u00f5es em Portugu\u00eas\",\"item\":\"https:\/\/uqam.ca\/pt-br\/informacao\/\"},{\"@type\":\"ListItem\",\"position\":4,\"name\":\"Espa\u00e7os de difus\u00e3o das artes et das ci\u00eancias\"}]},{\"@type\":\"WebSite\",\"@id\":\"https:\/\/uqam.ca\/#website\",\"url\":\"https:\/\/uqam.ca\/\",\"name\":\"Universit\u00e9 du Qu\u00e9bec \u00e0 Montr\u00e9al\",\"description\":\"UQAM\",\"publisher\":{\"@id\":\"https:\/\/uqam.ca\/#organization\"},\"potentialAction\":[{\"@type\":\"SearchAction\",\"target\":{\"@type\":\"EntryPoint\",\"urlTemplate\":\"https:\/\/uqam.ca\/?s={search_term_string}\"},\"query-input\":{\"@type\":\"PropertyValueSpecification\",\"valueRequired\":true,\"valueName\":\"search_term_string\"}}],\"inLanguage\":\"pt-BR\"},{\"@type\":\"Organization\",\"@id\":\"https:\/\/uqam.ca\/#organization\",\"name\":\"UQAM | Universit\u00e9 du Qu\u00e9bec \u00e0 Montr\u00e9al\",\"url\":\"https:\/\/uqam.ca\/\",\"logo\":{\"@type\":\"ImageObject\",\"inLanguage\":\"pt-BR\",\"@id\":\"https:\/\/uqam.ca\/#\/schema\/logo\/image\/\",\"url\":\"https:\/\/ressources-medias.uqam.ca\/media\/uploads\/20200306145948\/uqambleu.jpg\",\"contentUrl\":\"https:\/\/ressources-medias.uqam.ca\/media\/uploads\/20200306145948\/uqambleu.jpg\",\"width\":400,\"height\":400,\"caption\":\"UQAM | Universit\u00e9 du Qu\u00e9bec \u00e0 Montr\u00e9al\"},\"image\":{\"@id\":\"https:\/\/uqam.ca\/#\/schema\/logo\/image\/\"},\"sameAs\":[\"http:\/\/www.facebook.com\/uqam1\",\"https:\/\/x.com\/uqam\",\"http:\/\/www.instagram.com\/uqam\",\"http:\/\/www.linkedin.com\/school\/uqam\/\",\"http:\/\/www.pinterest.ca\/uqam\/\",\"http:\/\/www.youtube.com\/user\/UQAMtv\"]}]}<\/script>\n<!-- \/ Yoast SEO plugin. -->","yoast_head_json":{"title":"Espa\u00e7os de difus\u00e3o das artes et das ci\u00eancias - UQAM","description":"Espa\u00e7os de difus\u00e3o das artes et das ci\u00eancias - Universit\u00e9 du Qu\u00e9bec \u00e0 Montr\u00e9al - UQAM","robots":{"index":"index","follow":"follow","max-snippet":"max-snippet:-1","max-image-preview":"max-image-preview:large","max-video-preview":"max-video-preview:-1"},"canonical":"https:\/\/uqam.ca\/pt-br\/informacao\/difusao\/","og_locale":"pt_BR","og_type":"article","og_title":"Espa\u00e7os de difus\u00e3o das artes et das ci\u00eancias - UQAM","og_description":"Espa\u00e7os de difus\u00e3o das artes et das ci\u00eancias - Universit\u00e9 du Qu\u00e9bec \u00e0 Montr\u00e9al - UQAM","og_url":"https:\/\/uqam.ca\/pt-br\/informacao\/difusao\/","og_site_name":"Universit\u00e9 du Qu\u00e9bec \u00e0 Montr\u00e9al","article_publisher":"http:\/\/www.facebook.com\/uqam1","article_modified_time":"2026-02-20T20:52:38+00:00","og_image":[{"url":"https:\/\/uqam.ca\/wp-content\/uploads\/coeurDesSciences.jpg","type":"","width":"","height":""}],"twitter_card":"summary_large_image","twitter_site":"@uqam","twitter_misc":{"Est. tempo de leitura":"8 minutos"},"schema":{"@context":"https:\/\/schema.org","@graph":[{"@type":"WebPage","@id":"https:\/\/uqam.ca\/pt-br\/informacao\/difusao\/","url":"https:\/\/uqam.ca\/pt-br\/informacao\/difusao\/","name":"Espa\u00e7os de difus\u00e3o das artes et das ci\u00eancias - UQAM","isPartOf":{"@id":"https:\/\/uqam.ca\/#website"},"primaryImageOfPage":{"@id":"https:\/\/uqam.ca\/pt-br\/informacao\/difusao\/#primaryimage"},"image":{"@id":"https:\/\/uqam.ca\/pt-br\/informacao\/difusao\/#primaryimage"},"thumbnailUrl":"https:\/\/uqam.ca\/wp-content\/uploads\/coeurDesSciences.jpg","datePublished":"2019-07-23T19:06:54+00:00","dateModified":"2026-02-20T20:52:38+00:00","description":"Espa\u00e7os de difus\u00e3o das artes et das ci\u00eancias - Universit\u00e9 du Qu\u00e9bec \u00e0 Montr\u00e9al - UQAM","breadcrumb":{"@id":"https:\/\/uqam.ca\/pt-br\/informacao\/difusao\/#breadcrumb"},"inLanguage":"pt-BR","potentialAction":[{"@type":"ReadAction","target":["https:\/\/uqam.ca\/pt-br\/informacao\/difusao\/"]}]},{"@type":"ImageObject","inLanguage":"pt-BR","@id":"https:\/\/uqam.ca\/pt-br\/informacao\/difusao\/#primaryimage","url":"https:\/\/uqam.ca\/wp-content\/uploads\/coeurDesSciences.jpg","contentUrl":"https:\/\/uqam.ca\/wp-content\/uploads\/coeurDesSciences.jpg"},{"@type":"BreadcrumbList","@id":"https:\/\/uqam.ca\/pt-br\/informacao\/difusao\/#breadcrumb","itemListElement":[{"@type":"ListItem","position":1,"name":"UQAM","item":"https:\/\/uqam.ca"},{"@type":"ListItem","position":2,"name":"Universit\u00e9 du Qu\u00e9bec \u00e0 Montr\u00e9al","item":"https:\/\/uqam.ca\/pt-br\/"},{"@type":"ListItem","position":3,"name":"Informa\u00e7\u00f5es em Portugu\u00eas","item":"https:\/\/uqam.ca\/pt-br\/informacao\/"},{"@type":"ListItem","position":4,"name":"Espa\u00e7os de difus\u00e3o das artes et das ci\u00eancias"}]},{"@type":"WebSite","@id":"https:\/\/uqam.ca\/#website","url":"https:\/\/uqam.ca\/","name":"Universit\u00e9 du Qu\u00e9bec \u00e0 Montr\u00e9al","description":"UQAM","publisher":{"@id":"https:\/\/uqam.ca\/#organization"},"potentialAction":[{"@type":"SearchAction","target":{"@type":"EntryPoint","urlTemplate":"https:\/\/uqam.ca\/?s={search_term_string}"},"query-input":{"@type":"PropertyValueSpecification","valueRequired":true,"valueName":"search_term_string"}}],"inLanguage":"pt-BR"},{"@type":"Organization","@id":"https:\/\/uqam.ca\/#organization","name":"UQAM | Universit\u00e9 du Qu\u00e9bec \u00e0 Montr\u00e9al","url":"https:\/\/uqam.ca\/","logo":{"@type":"ImageObject","inLanguage":"pt-BR","@id":"https:\/\/uqam.ca\/#\/schema\/logo\/image\/","url":"https:\/\/ressources-medias.uqam.ca\/media\/uploads\/20200306145948\/uqambleu.jpg","contentUrl":"https:\/\/ressources-medias.uqam.ca\/media\/uploads\/20200306145948\/uqambleu.jpg","width":400,"height":400,"caption":"UQAM | Universit\u00e9 du Qu\u00e9bec \u00e0 Montr\u00e9al"},"image":{"@id":"https:\/\/uqam.ca\/#\/schema\/logo\/image\/"},"sameAs":["http:\/\/www.facebook.com\/uqam1","https:\/\/x.com\/uqam","http:\/\/www.instagram.com\/uqam","http:\/\/www.linkedin.com\/school\/uqam\/","http:\/\/www.pinterest.ca\/uqam\/","http:\/\/www.youtube.com\/user\/UQAMtv"]}]}},"coauthors":[],"author_meta":{"author_link":"https:\/\/uqam.ca\/pt-br\/author\/audiovisuel_admin\/","display_name":"audiovisuel_admin"},"relative_dates":{"created":"Publicado 7 anos atr\u00e1s","modified":"Atualizado 1 m\u00eas atr\u00e1s"},"absolute_dates":{"created":"Publicado em 23 julho","modified":"Atualizado em 20 fevereiro"},"absolute_dates_time":{"created":"Publicado em 23 julho 7:06 pm","modified":"Atualizado em 20 fevereiro 3:52 pm"},"featured_img_caption":"","featured_img":false,"series_order":"","_links":{"self":[{"href":"https:\/\/uqam.ca\/pt-br\/wp-json\/wp\/v2\/pages\/536","targetHints":{"allow":["GET"]}}],"collection":[{"href":"https:\/\/uqam.ca\/pt-br\/wp-json\/wp\/v2\/pages"}],"about":[{"href":"https:\/\/uqam.ca\/pt-br\/wp-json\/wp\/v2\/types\/page"}],"author":[{"embeddable":true,"href":"https:\/\/uqam.ca\/pt-br\/wp-json\/wp\/v2\/users\/1"}],"replies":[{"embeddable":true,"href":"https:\/\/uqam.ca\/pt-br\/wp-json\/wp\/v2\/comments?post=536"}],"version-history":[{"count":18,"href":"https:\/\/uqam.ca\/pt-br\/wp-json\/wp\/v2\/pages\/536\/revisions"}],"predecessor-version":[{"id":13031,"href":"https:\/\/uqam.ca\/pt-br\/wp-json\/wp\/v2\/pages\/536\/revisions\/13031"}],"up":[{"embeddable":true,"href":"https:\/\/uqam.ca\/pt-br\/wp-json\/wp\/v2\/pages\/140"}],"wp:attachment":[{"href":"https:\/\/uqam.ca\/pt-br\/wp-json\/wp\/v2\/media?parent=536"}],"curies":[{"name":"wp","href":"https:\/\/api.w.org\/{rel}","templated":true}]}}