{"id":517,"date":"2019-07-31T16:42:20","date_gmt":"2019-07-31T16:42:20","guid":{"rendered":"https:\/\/uqam.dev.uqam.ca\/?page_id=517"},"modified":"2019-08-12T21:06:05","modified_gmt":"2019-08-12T21:06:05","slug":"faculdades-escolas-institutos-e-departamentos","status":"publish","type":"page","link":"https:\/\/uqam.ca\/pt-br\/faculdades-escolas-institutos-e-departamentos\/","title":{"rendered":"Faculdades, escolas, institutos e departamentos"},"content":{"rendered":"","protected":false},"excerpt":{"rendered":"","protected":false},"author":1,"featured_media":0,"parent":0,"menu_order":0,"comment_status":"closed","ping_status":"closed","template":"","meta":{"_acf_changed":false,"advgb_blocks_editor_width":"","advgb_blocks_columns_visual_guide":"","_monsterinsights_skip_tracking":false,"_monsterinsights_sitenote_active":false,"_monsterinsights_sitenote_note":"","_monsterinsights_sitenote_category":0,"footnotes":""},"class_list":["post-517","page","type-page","status-publish","hentry"],"acf":[],"yoast_head":"<!-- This site is optimized with the Yoast SEO plugin v26.9 - https:\/\/yoast.com\/product\/yoast-seo-wordpress\/ -->\n<title>Faculdades, escolas, institutos e departamentos - UQAM<\/title>\n<meta name=\"description\" content=\"Faculdades, escolas, institutos e departamentos - Universit\u00e9 du Qu\u00e9bec \u00e0 Montr\u00e9al - UQAM\" \/>\n<meta name=\"robots\" content=\"index, follow, max-snippet:-1, max-image-preview:large, max-video-preview:-1\" \/>\n<link rel=\"canonical\" href=\"https:\/\/uqam.ca\/pt-br\/faculdades-escolas-institutos-e-departamentos\/\" \/>\n<meta property=\"og:locale\" content=\"pt_BR\" \/>\n<meta property=\"og:type\" content=\"article\" \/>\n<meta property=\"og:title\" content=\"Faculdades, escolas, institutos e departamentos - UQAM\" \/>\n<meta property=\"og:description\" content=\"Faculdades, escolas, institutos e departamentos - Universit\u00e9 du Qu\u00e9bec \u00e0 Montr\u00e9al - UQAM\" \/>\n<meta property=\"og:url\" content=\"https:\/\/uqam.ca\/pt-br\/faculdades-escolas-institutos-e-departamentos\/\" \/>\n<meta property=\"og:site_name\" content=\"Universit\u00e9 du Qu\u00e9bec \u00e0 Montr\u00e9al\" \/>\n<meta property=\"article:publisher\" content=\"http:\/\/www.facebook.com\/uqam1\" \/>\n<meta property=\"article:modified_time\" content=\"2019-08-12T21:06:05+00:00\" \/>\n<meta property=\"og:image\" content=\"https:\/\/ressources-medias.uqam.ca\/media\/uploads\/20200306151917\/campuscentral.jpg\" \/>\n\t<meta property=\"og:image:width\" content=\"1080\" \/>\n\t<meta property=\"og:image:height\" content=\"763\" \/>\n\t<meta property=\"og:image:type\" content=\"image\/jpeg\" \/>\n<meta name=\"twitter:card\" content=\"summary_large_image\" \/>\n<meta name=\"twitter:site\" content=\"@uqam\" \/>\n<script type=\"application\/ld+json\" class=\"yoast-schema-graph\">{\"@context\":\"https:\/\/schema.org\",\"@graph\":[{\"@type\":\"WebPage\",\"@id\":\"https:\/\/uqam.ca\/pt-br\/faculdades-escolas-institutos-e-departamentos\/\",\"url\":\"https:\/\/uqam.ca\/pt-br\/faculdades-escolas-institutos-e-departamentos\/\",\"name\":\"Faculdades, escolas, institutos e departamentos - UQAM\",\"isPartOf\":{\"@id\":\"https:\/\/uqam.ca\/#website\"},\"datePublished\":\"2019-07-31T16:42:20+00:00\",\"dateModified\":\"2019-08-12T21:06:05+00:00\",\"description\":\"Faculdades, escolas, institutos e departamentos - Universit\u00e9 du Qu\u00e9bec \u00e0 Montr\u00e9al - UQAM\",\"breadcrumb\":{\"@id\":\"https:\/\/uqam.ca\/pt-br\/faculdades-escolas-institutos-e-departamentos\/#breadcrumb\"},\"inLanguage\":\"pt-BR\",\"potentialAction\":[{\"@type\":\"ReadAction\",\"target\":[\"https:\/\/uqam.ca\/pt-br\/faculdades-escolas-institutos-e-departamentos\/\"]}]},{\"@type\":\"BreadcrumbList\",\"@id\":\"https:\/\/uqam.ca\/pt-br\/faculdades-escolas-institutos-e-departamentos\/#breadcrumb\",\"itemListElement\":[{\"@type\":\"ListItem\",\"position\":1,\"name\":\"UQAM\",\"item\":\"https:\/\/uqam.ca\"},{\"@type\":\"ListItem\",\"position\":2,\"name\":\"Universit\u00e9 du Qu\u00e9bec \u00e0 Montr\u00e9al\",\"item\":\"https:\/\/uqam.ca\/pt-br\/\"},{\"@type\":\"ListItem\",\"position\":3,\"name\":\"Faculdades, escolas, institutos e departamentos\"}]},{\"@type\":\"WebSite\",\"@id\":\"https:\/\/uqam.ca\/#website\",\"url\":\"https:\/\/uqam.ca\/\",\"name\":\"Universit\u00e9 du Qu\u00e9bec \u00e0 Montr\u00e9al\",\"description\":\"UQAM\",\"publisher\":{\"@id\":\"https:\/\/uqam.ca\/#organization\"},\"potentialAction\":[{\"@type\":\"SearchAction\",\"target\":{\"@type\":\"EntryPoint\",\"urlTemplate\":\"https:\/\/uqam.ca\/?s={search_term_string}\"},\"query-input\":{\"@type\":\"PropertyValueSpecification\",\"valueRequired\":true,\"valueName\":\"search_term_string\"}}],\"inLanguage\":\"pt-BR\"},{\"@type\":\"Organization\",\"@id\":\"https:\/\/uqam.ca\/#organization\",\"name\":\"UQAM | Universit\u00e9 du Qu\u00e9bec \u00e0 Montr\u00e9al\",\"url\":\"https:\/\/uqam.ca\/\",\"logo\":{\"@type\":\"ImageObject\",\"inLanguage\":\"pt-BR\",\"@id\":\"https:\/\/uqam.ca\/#\/schema\/logo\/image\/\",\"url\":\"https:\/\/ressources-medias.uqam.ca\/media\/uploads\/20200306145948\/uqambleu.jpg\",\"contentUrl\":\"https:\/\/ressources-medias.uqam.ca\/media\/uploads\/20200306145948\/uqambleu.jpg\",\"width\":400,\"height\":400,\"caption\":\"UQAM | Universit\u00e9 du Qu\u00e9bec \u00e0 Montr\u00e9al\"},\"image\":{\"@id\":\"https:\/\/uqam.ca\/#\/schema\/logo\/image\/\"},\"sameAs\":[\"http:\/\/www.facebook.com\/uqam1\",\"https:\/\/x.com\/uqam\",\"http:\/\/www.instagram.com\/uqam\",\"http:\/\/www.linkedin.com\/school\/uqam\/\",\"http:\/\/www.pinterest.ca\/uqam\/\",\"http:\/\/www.youtube.com\/user\/UQAMtv\"]}]}<\/script>\n<!-- \/ Yoast SEO plugin. -->","yoast_head_json":{"title":"Faculdades, escolas, institutos e departamentos - UQAM","description":"Faculdades, escolas, institutos e departamentos - Universit\u00e9 du Qu\u00e9bec \u00e0 Montr\u00e9al - UQAM","robots":{"index":"index","follow":"follow","max-snippet":"max-snippet:-1","max-image-preview":"max-image-preview:large","max-video-preview":"max-video-preview:-1"},"canonical":"https:\/\/uqam.ca\/pt-br\/faculdades-escolas-institutos-e-departamentos\/","og_locale":"pt_BR","og_type":"article","og_title":"Faculdades, escolas, institutos e departamentos - UQAM","og_description":"Faculdades, escolas, institutos e departamentos - Universit\u00e9 du Qu\u00e9bec \u00e0 Montr\u00e9al - UQAM","og_url":"https:\/\/uqam.ca\/pt-br\/faculdades-escolas-institutos-e-departamentos\/","og_site_name":"Universit\u00e9 du Qu\u00e9bec \u00e0 Montr\u00e9al","article_publisher":"http:\/\/www.facebook.com\/uqam1","article_modified_time":"2019-08-12T21:06:05+00:00","og_image":[{"width":1080,"height":763,"url":"https:\/\/ressources-medias.uqam.ca\/media\/uploads\/20200306151917\/campuscentral.jpg","type":"image\/jpeg"}],"twitter_card":"summary_large_image","twitter_site":"@uqam","schema":{"@context":"https:\/\/schema.org","@graph":[{"@type":"WebPage","@id":"https:\/\/uqam.ca\/pt-br\/faculdades-escolas-institutos-e-departamentos\/","url":"https:\/\/uqam.ca\/pt-br\/faculdades-escolas-institutos-e-departamentos\/","name":"Faculdades, escolas, institutos e departamentos - UQAM","isPartOf":{"@id":"https:\/\/uqam.ca\/#website"},"datePublished":"2019-07-31T16:42:20+00:00","dateModified":"2019-08-12T21:06:05+00:00","description":"Faculdades, escolas, institutos e departamentos - Universit\u00e9 du Qu\u00e9bec \u00e0 Montr\u00e9al - UQAM","breadcrumb":{"@id":"https:\/\/uqam.ca\/pt-br\/faculdades-escolas-institutos-e-departamentos\/#breadcrumb"},"inLanguage":"pt-BR","potentialAction":[{"@type":"ReadAction","target":["https:\/\/uqam.ca\/pt-br\/faculdades-escolas-institutos-e-departamentos\/"]}]},{"@type":"BreadcrumbList","@id":"https:\/\/uqam.ca\/pt-br\/faculdades-escolas-institutos-e-departamentos\/#breadcrumb","itemListElement":[{"@type":"ListItem","position":1,"name":"UQAM","item":"https:\/\/uqam.ca"},{"@type":"ListItem","position":2,"name":"Universit\u00e9 du Qu\u00e9bec \u00e0 Montr\u00e9al","item":"https:\/\/uqam.ca\/pt-br\/"},{"@type":"ListItem","position":3,"name":"Faculdades, escolas, institutos e departamentos"}]},{"@type":"WebSite","@id":"https:\/\/uqam.ca\/#website","url":"https:\/\/uqam.ca\/","name":"Universit\u00e9 du Qu\u00e9bec \u00e0 Montr\u00e9al","description":"UQAM","publisher":{"@id":"https:\/\/uqam.ca\/#organization"},"potentialAction":[{"@type":"SearchAction","target":{"@type":"EntryPoint","urlTemplate":"https:\/\/uqam.ca\/?s={search_term_string}"},"query-input":{"@type":"PropertyValueSpecification","valueRequired":true,"valueName":"search_term_string"}}],"inLanguage":"pt-BR"},{"@type":"Organization","@id":"https:\/\/uqam.ca\/#organization","name":"UQAM | Universit\u00e9 du Qu\u00e9bec \u00e0 Montr\u00e9al","url":"https:\/\/uqam.ca\/","logo":{"@type":"ImageObject","inLanguage":"pt-BR","@id":"https:\/\/uqam.ca\/#\/schema\/logo\/image\/","url":"https:\/\/ressources-medias.uqam.ca\/media\/uploads\/20200306145948\/uqambleu.jpg","contentUrl":"https:\/\/ressources-medias.uqam.ca\/media\/uploads\/20200306145948\/uqambleu.jpg","width":400,"height":400,"caption":"UQAM | Universit\u00e9 du Qu\u00e9bec \u00e0 Montr\u00e9al"},"image":{"@id":"https:\/\/uqam.ca\/#\/schema\/logo\/image\/"},"sameAs":["http:\/\/www.facebook.com\/uqam1","https:\/\/x.com\/uqam","http:\/\/www.instagram.com\/uqam","http:\/\/www.linkedin.com\/school\/uqam\/","http:\/\/www.pinterest.ca\/uqam\/","http:\/\/www.youtube.com\/user\/UQAMtv"]}]}},"coauthors":[],"author_meta":{"author_link":"https:\/\/uqam.ca\/pt-br\/author\/audiovisuel_admin\/","display_name":"audiovisuel_admin"},"relative_dates":{"created":"Publicado 7 anos atr\u00e1s","modified":"Atualizado 7 anos atr\u00e1s"},"absolute_dates":{"created":"Publicado em 31 julho","modified":"Atualizado em 12 agosto"},"absolute_dates_time":{"created":"Publicado em 31 julho 4:42 pm","modified":"Atualizado em 12 agosto 9:06 pm"},"featured_img_caption":"","featured_img":false,"series_order":"","_links":{"self":[{"href":"https:\/\/uqam.ca\/pt-br\/wp-json\/wp\/v2\/pages\/517","targetHints":{"allow":["GET"]}}],"collection":[{"href":"https:\/\/uqam.ca\/pt-br\/wp-json\/wp\/v2\/pages"}],"about":[{"href":"https:\/\/uqam.ca\/pt-br\/wp-json\/wp\/v2\/types\/page"}],"author":[{"embeddable":true,"href":"https:\/\/uqam.ca\/pt-br\/wp-json\/wp\/v2\/users\/1"}],"replies":[{"embeddable":true,"href":"https:\/\/uqam.ca\/pt-br\/wp-json\/wp\/v2\/comments?post=517"}],"version-history":[{"count":1,"href":"https:\/\/uqam.ca\/pt-br\/wp-json\/wp\/v2\/pages\/517\/revisions"}],"predecessor-version":[{"id":518,"href":"https:\/\/uqam.ca\/pt-br\/wp-json\/wp\/v2\/pages\/517\/revisions\/518"}],"wp:attachment":[{"href":"https:\/\/uqam.ca\/pt-br\/wp-json\/wp\/v2\/media?parent=517"}],"curies":[{"name":"wp","href":"https:\/\/api.w.org\/{rel}","templated":true}]}}