{"id":511,"date":"2019-07-23T18:59:40","date_gmt":"2019-07-23T18:59:40","guid":{"rendered":"https:\/\/uqam.dev.uqam.ca\/?page_id=511"},"modified":"2026-03-16T15:16:04","modified_gmt":"2026-03-16T19:16:04","slug":"numeros","status":"publish","type":"page","link":"https:\/\/uqam.ca\/pt-br\/informacao\/numeros\/","title":{"rendered":"A UQAM em n\u00fameros"},"content":{"rendered":"\n<hr class=\"wp-block-separator has-css-opacity advgb-dyn-c3f4f0ad\"\/>\n\n\n\n<div class=\"wp-block-columns is-layout-flex wp-container-core-columns-is-layout-9d6595d7 wp-block-columns-is-layout-flex\">\n<div class=\"wp-block-column is-layout-flow wp-block-column-is-layout-flow\">\n<p class=\"has-text-align-center bigText\">34,845<\/p>\n\n\n\n<h2 class=\"wp-block-heading has-text-align-center\">alunos<\/h2>\n\n\n\n<p class=\"has-text-align-center smallText\">(no in\u00edcio do ano letivo de 2025)<\/p>\n\n\n\n<hr class=\"wp-block-separator has-css-opacity dotted advgb-dyn-988e9bb8\"\/>\n<\/div>\n\n\n\n<div class=\"wp-block-column is-layout-flow wp-block-column-is-layout-flow\"><div class=\"visualizer-front-container\" id=\"chart_wrapper_visualizer-2178-769078795\"><style type=\"text\/css\" name=\"visualizer-custom-css\" id=\"customcss-visualizer-2178\">.locker,.locker-loader{position:absolute;top:0;left:0;width:100%;height:100%}.locker{z-index:1000;opacity:.8;background-color:#fff;-ms-filter:\"progid:DXImageTransform.Microsoft.Alpha(Opacity=80)\";filter:alpha(opacity=80)}.locker-loader{z-index:1001;background:url(https:\/\/uqam.ca\/wp-content\/plugins\/visualizer\/images\/ajax-loader.gif) no-repeat center center}.dt-button{display:none!important}.visualizer-front-container.visualizer-lazy-render{content-visibility: auto;}.google-visualization-controls-categoryfilter label.google-visualization-controls-label {vertical-align: middle;}.google-visualization-controls-categoryfilter li.goog-inline-block {margin: 0 0.2em;}.google-visualization-controls-categoryfilter li {padding: 0 0.2em;}.visualizer-front-container .dataTables_scrollHeadInner{margin: 0 auto;}<\/style><div id=\"visualizer-2178-769078795\" class=\"visualizer-front  visualizer-front-2178\"><\/div><!-- Not showing structured data for chart 2178 because description is empty --><\/div>\n<\/div>\n<\/div>\n\n\n\n<hr class=\"wp-block-separator has-css-opacity advgb-dyn-c3f4f0ad\"\/>\n\n\n\n<ul class=\"wp-block-list\">\n<li>4,994 estudantes estrangeiros origin\u00e1rios de 94 pa\u00edses<\/li>\n<\/ul>\n\n\n\n<hr class=\"wp-block-separator has-css-opacity advgb-dyn-c3f4f0ad\"\/>\n\n\n\n<div class=\"wp-block-group\"><div class=\"wp-block-group__inner-container is-layout-constrained wp-block-group-is-layout-constrained\">\n<p class=\"has-text-align-center bigText\">315,230<\/p>\n\n\n\n<h2 class=\"wp-block-heading has-text-align-center\"><a href=\"https:\/\/diplomes.uqam.ca\/statistiques\/\">graduados<\/a><\/h2>\n\n\n\n<p class=\"has-text-align-center smallText\">(dezembro de 2025)<\/p>\n<\/div><\/div>\n\n\n\n<hr class=\"wp-block-separator has-css-opacity advgb-dyn-c3f4f0ad\"\/>\n\n\n\n<div class=\"wp-block-columns is-layout-flex wp-container-core-columns-is-layout-9d6595d7 wp-block-columns-is-layout-flex\">\n<div class=\"wp-block-column is-layout-flow wp-block-column-is-layout-flow\">\n<p class=\"has-text-align-center bigText\">441,006<\/p>\n\n\n\n<h2 class=\"wp-block-heading has-text-align-center\">diplomas emitidos<\/h2>\n\n\n\n<p class=\"has-text-align-center smallText\">(dezembro de 2025)<\/p>\n<\/div>\n<\/div>\n\n\n\n<hr class=\"wp-block-separator has-css-opacity advgb-dyn-c3f4f0ad\"\/>\n\n\n\n<div class=\"wp-block-columns is-layout-flex wp-container-core-columns-is-layout-9d6595d7 wp-block-columns-is-layout-flex\">\n<div class=\"wp-block-column is-layout-flow wp-block-column-is-layout-flow\">\n<p class=\"has-text-align-center bigText\">5662<\/p>\n\n\n\n<h2 class=\"wp-block-heading has-text-align-center\">Recursos humanos<\/h2>\n\n\n\n<p class=\"has-text-align-center smallText\">(novembro de 2025)<\/p>\n\n\n\n<hr class=\"wp-block-separator has-css-opacity d-md-none advgb-dyn-bfb1daa2\"\/>\n<\/div>\n\n\n\n<div class=\"wp-block-column is-layout-flow wp-block-column-is-layout-flow\"><div class=\"visualizer-front-container\" id=\"chart_wrapper_visualizer-2154-1163960301\"><style type=\"text\/css\" name=\"visualizer-custom-css\" id=\"customcss-visualizer-2154\">.locker,.locker-loader{position:absolute;top:0;left:0;width:100%;height:100%}.locker{z-index:1000;opacity:.8;background-color:#fff;-ms-filter:\"progid:DXImageTransform.Microsoft.Alpha(Opacity=80)\";filter:alpha(opacity=80)}.locker-loader{z-index:1001;background:url(https:\/\/uqam.ca\/wp-content\/plugins\/visualizer\/images\/ajax-loader.gif) no-repeat center center}.dt-button{display:none!important}.visualizer-front-container.visualizer-lazy-render{content-visibility: auto;}.google-visualization-controls-categoryfilter label.google-visualization-controls-label {vertical-align: middle;}.google-visualization-controls-categoryfilter li.goog-inline-block {margin: 0 0.2em;}.google-visualization-controls-categoryfilter li {padding: 0 0.2em;}.visualizer-front-container .dataTables_scrollHeadInner{margin: 0 auto;}<\/style><div id=\"visualizer-2154-1163960301\" class=\"visualizer-front  visualizer-front-2154\"><\/div><!-- Not showing structured data for chart 2154 because description is empty --><\/div>\n<\/div>\n<\/div>\n\n\n\n<hr class=\"wp-block-separator has-css-opacity d-md-none advgb-dyn-bfb1daa2\"\/>\n\n\n\n<div class=\"wp-block-group\"><div class=\"wp-block-group__inner-container is-layout-constrained wp-block-group-is-layout-constrained\">\n<p><strong>Nota :<\/strong><\/p>\n\n\n\n<ul class=\"wp-block-list\">\n<li>Os estudantes empregados, os empregados do centro esportivo, os contratados e os reitores n\u00e3o fazem parte destas estat\u00edsticas<\/li>\n<\/ul>\n<\/div><\/div>\n\n\n\n<hr class=\"wp-block-separator has-css-opacity advgb-dyn-c3f4f0ad\"\/>\n\n\n\n<div class=\"wp-block-columns accolade-horizontale-inverse d-md-none is-layout-flex wp-container-core-columns-is-layout-9d6595d7 wp-block-columns-is-layout-flex\">\n<div class=\"wp-block-column is-layout-flow wp-block-column-is-layout-flow\">\n<p class=\"has-text-align-center bigText\">7<\/p>\n\n\n\n<h2 class=\"wp-block-heading has-text-align-center\">faculdades<\/h2>\n<\/div>\n\n\n\n<div class=\"wp-block-column is-layout-flow wp-block-column-is-layout-flow\">\n<p class=\"has-text-align-center bigText\">1<\/p>\n\n\n\n<h2 class=\"wp-block-heading has-text-align-center\">escola<\/h2>\n<\/div>\n<\/div>\n\n\n\n<div class=\"wp-block-columns is-layout-flex wp-container-core-columns-is-layout-9d6595d7 wp-block-columns-is-layout-flex\">\n<div class=\"wp-block-column accolade-vertical d-none d-md-block is-layout-flow wp-block-column-is-layout-flow\">\n<p class=\"has-text-align-center bigText\">7<\/p>\n\n\n\n<h2 class=\"wp-block-heading has-text-align-center\">faculdades<\/h2>\n\n\n\n<p class=\"has-text-align-center bigText\">1<\/p>\n\n\n\n<h2 class=\"wp-block-heading has-text-align-center\">escola<\/h2>\n<\/div>\n\n\n\n<div class=\"wp-block-column is-layout-flow wp-block-column-is-layout-flow\">\n<p class=\"has-text-align-center bigText\">41<\/p>\n\n\n\n<h2 class=\"wp-block-heading has-text-align-center\"><a href=\"\/pt-br\/facultes\/\">departamentos e<\/a><br><a href=\"http:\/\/www.uqam.ca\/facultes\">escolas<\/a><\/h2>\n<\/div>\n\n\n\n<div class=\"wp-block-column dotted-border-left is-layout-flow wp-block-column-is-layout-flow\">\n<ul class=\"wp-block-list\">\n<li><a href=\"http:\/\/www.esg.uqam.ca\/\">Escola de Ci\u00eancias da Gest\u00e3o (ESG UQAM)<\/a><\/li>\n\n\n\n<li><a href=\"http:\/\/www.arts.uqam.ca\/\">Faculdade de Artes<\/a><\/li>\n\n\n\n<li><a href=\"http:\/\/www.faccom.uqam.ca\/\">Faculdade de Comunica\u00e7\u00e3o<\/a><\/li>\n\n\n\n<li><a href=\"http:\/\/www.fspd.uqam.ca\/\">Faculdade de Ci\u00eancias Pol\u00edticas e Direito<\/a><\/li>\n\n\n\n<li><a href=\"http:\/\/www.sciences.uqam.ca\/\">Faculdade de Ci\u00eancias<\/a><\/li>\n\n\n\n<li><a href=\"http:\/\/www.fse.uqam.ca\/\">Faculdade de Ci\u00eancias da Educa\u00e7\u00e3o<\/a><\/li>\n\n\n\n<li>Faculdade de Ci\u00eancias da Sa\u00fade (em desenvolvimento)<\/li>\n\n\n\n<li><a href=\"http:\/\/www.fsh.uqam.ca\/\">Faculdade de Ci\u00eancias Humanas<\/a> <\/li>\n<\/ul>\n\n\n\n<hr class=\"wp-block-separator has-css-opacity dotted advgb-dyn-988e9bb8\"\/>\n\n\n\n<ul class=\"wp-block-list\">\n<li><a href=\"\/pt-br\/facultes\/\">41 departamentos e escolas<\/a><\/li>\n<\/ul>\n<\/div>\n<\/div>\n\n\n\n<hr class=\"wp-block-separator has-css-opacity advgb-dyn-c3f4f0ad\"\/>\n\n\n\n<div class=\"wp-block-group\"><div class=\"wp-block-group__inner-container is-layout-constrained wp-block-group-is-layout-constrained\">\n<p class=\"has-text-align-center bigText\">378<\/p>\n\n\n\n<h2 class=\"wp-block-heading has-text-align-center accolade-horizontale-inverse\"><a href=\"http:\/\/www.programmes.uqam.ca\/\">programas de estudos<\/a><\/h2>\n<\/div><\/div>\n\n\n\n<div class=\"wp-block-columns is-layout-flex wp-container-core-columns-is-layout-9d6595d7 wp-block-columns-is-layout-flex\">\n<div class=\"wp-block-column is-layout-flow wp-block-column-is-layout-flow\">\n<p class=\"has-text-align-center bigText\">212<\/p>\n\n\n\n<h2 class=\"wp-block-heading has-text-align-center\"><a href=\"http:\/\/www.programmes.uqam.ca\/\">programas de estudos de licenciatura e bacharelado<\/a><\/h2>\n<\/div>\n\n\n\n<div class=\"wp-block-column is-layout-flow wp-block-column-is-layout-flow\">\n<p class=\"has-text-align-center bigText\">133<\/p>\n\n\n\n<h2 class=\"wp-block-heading has-text-align-center\"><a href=\"http:\/\/www.programmes.uqam.ca\/\">programas de estudos de mestrado<\/a><\/h2>\n<\/div>\n\n\n\n<div class=\"wp-block-column is-layout-flow wp-block-column-is-layout-flow\">\n<p class=\"has-text-align-center bigText\">33<\/p>\n\n\n\n<h2 class=\"wp-block-heading has-text-align-center\"><a href=\"http:\/\/www.programmes.uqam.ca\/\">programas de estudos de doutorado<\/a><\/h2>\n<\/div>\n<\/div>\n\n\n\n<hr class=\"wp-block-separator has-css-opacity advgb-dyn-c3f4f0ad\"\/>\n\n\n\n<div class=\"wp-block-columns dotted-border is-layout-flex wp-container-core-columns-is-layout-9d6595d7 wp-block-columns-is-layout-flex\">\n<div class=\"wp-block-column is-layout-flow wp-block-column-is-layout-flow\">\n<p class=\"has-text-align-center bigText\">26<\/p>\n\n\n\n<h4 class=\"wp-block-heading has-text-align-center\"><a href=\"http:\/\/www.recherche.uqam.ca\/unites-de-recherche-et-de-creation.html\">centros de pesquisa institucional<\/a><\/h4>\n<\/div>\n\n\n\n<div class=\"wp-block-column is-layout-flow wp-block-column-is-layout-flow\">\n<p class=\"has-text-align-center bigText\">38<\/p>\n\n\n\n<h4 class=\"wp-block-heading has-text-align-center\"><a href=\"http:\/\/www.recherche.uqam.ca\/unites-de-recherche-et-de-creation.html\">c\u00e1tedras de pesquisa do Canad\u00e1<\/a><\/h4>\n<\/div>\n\n\n\n<div class=\"wp-block-column is-layout-flow wp-block-column-is-layout-flow\">\n<p class=\"has-text-align-center bigText\">29<\/p>\n\n\n\n<h4 class=\"wp-block-heading has-text-align-center\"><a href=\"http:\/\/www.recherche.uqam.ca\/unites-de-recherche-et-de-creation.html\">c\u00e1tedras de pesquisa-inova\u00e7\u00e3o<\/a><\/h4>\n<\/div>\n<\/div>\n\n\n\n<div class=\"wp-block-columns dotted-border is-layout-flex wp-container-core-columns-is-layout-9d6595d7 wp-block-columns-is-layout-flex\">\n<div class=\"wp-block-column is-layout-flow wp-block-column-is-layout-flow\">\n<p class=\"has-text-align-center bigText\">2<\/p>\n\n\n\n<h4 class=\"wp-block-heading has-text-align-center\"><a href=\"http:\/\/www.recherche.uqam.ca\/unites-de-recherche-et-de-creation.html\">unidades institucionais de transfer\u00eancia de conhecimento<\/a><\/h4>\n<\/div>\n\n\n\n<div class=\"wp-block-column is-layout-flow wp-block-column-is-layout-flow\">\n<p class=\"has-text-align-center bigText\">22<\/p>\n\n\n\n<h4 class=\"wp-block-heading has-text-align-center\"><a href=\"http:\/\/www.recherche.uqam.ca\/unites-de-recherche-et-de-creation.html\">c\u00e1tedras estat\u00e9gicas<br>UQAM<\/a><\/h4>\n<\/div>\n\n\n\n<div class=\"wp-block-column is-layout-flow wp-block-column-is-layout-flow\">\n<p class=\"has-text-align-center bigText\">5<\/p>\n\n\n\n<h4 class=\"wp-block-heading has-text-align-center\"><a href=\"http:\/\/www.recherche.uqam.ca\/unites-de-recherche-et-de-creation.html\">c\u00e1tedras UNESCO<br>(internacional)<\/a><\/h4>\n<\/div>\n<\/div>\n\n\n\n<div class=\"wp-block-columns dotted-border is-layout-flex wp-container-core-columns-is-layout-9d6595d7 wp-block-columns-is-layout-flex\">\n<div class=\"wp-block-column is-layout-flow wp-block-column-is-layout-flow\">\n<p class=\"has-text-align-center bigText\">4<\/p>\n\n\n\n<h4 class=\"wp-block-heading has-text-align-center\"><a href=\"http:\/\/www.recherche.uqam.ca\/unites-de-recherche-et-de-creation.html\">c\u00e1tedras<\/a> <a href=\"http:\/\/www.recherche.uqam.ca\/unites-de-recherche-et-de-creation.html\">Fonds de recherche du Qu\u00e9bec<\/a><\/h4>\n<\/div>\n\n\n\n<div class=\"wp-block-column is-layout-flow wp-block-column-is-layout-flow\">\n<p class=\"has-text-align-center bigText\">6<\/p>\n\n\n\n<h4 class=\"wp-block-heading has-text-align-center\"><a href=\"http:\/\/www.recherche.uqam.ca\/unites-de-recherche-et-de-creation.html\">institutos<\/a><\/h4>\n<\/div>\n\n\n\n<div class=\"wp-block-column is-layout-flow wp-block-column-is-layout-flow\"><\/div>\n<\/div>\n\n\n\n<hr class=\"wp-block-separator has-css-opacity advgb-dyn-c3f4f0ad\"\/>\n\n\n\n<div class=\"wp-block-group\"><div class=\"wp-block-group__inner-container is-layout-constrained wp-block-group-is-layout-constrained\">\n<p class=\"has-text-align-center bigText\">296 000 000<\/p>\n\n\n\n<h2 class=\"wp-block-heading has-text-align-center\">d\u00f3lares<\/h2>\n\n\n\n<p class=\"has-text-align-center smallText\">(Abril de&nbsp;2023)<\/p>\n\n\n\n<p><a href=\"http:\/\/www.fondation.uqam.ca\/\"><strong>Funda\u00e7\u00e3o da UQAM<\/strong><\/a><br>Mais de 296 milh\u00f5es foram recolhidos para sustentar as atividades priorit\u00e1rias da UQAM nas \u00e1reas do ensino, da pesquisa e da cria\u00e7\u00e3o, dos quais mais de 44 milh\u00f5es foram entregados diretamente aos estudantes em forma de bolsas de estudos. <\/p>\n<\/div><\/div>\n\n\n\n<hr class=\"wp-block-separator has-css-opacity advgb-dyn-c3f4f0ad\"\/>\n\n\n","protected":false},"excerpt":{"rendered":"<p>34,845 alunos (no in\u00edcio do ano letivo de 2025) 315,230 graduados (dezembro de 2025) 441,006 diplomas emitidos (dezembro de 2025) 5662 Recursos humanos (novembro de 2025) Nota : 7 faculdades 1 escola 7 faculdades 1 escola 41 departamentos eescolas 378 programas de estudos 212 programas de estudos de licenciatura e bacharelado 133 programas de estudos [&hellip;]<\/p>\n","protected":false},"author":1,"featured_media":0,"parent":140,"menu_order":0,"comment_status":"closed","ping_status":"closed","template":"","meta":{"_acf_changed":false,"advgb_blocks_editor_width":"","advgb_blocks_columns_visual_guide":"","_monsterinsights_skip_tracking":false,"_monsterinsights_sitenote_active":false,"_monsterinsights_sitenote_note":"","_monsterinsights_sitenote_category":0,"footnotes":""},"class_list":["post-511","page","type-page","status-publish","hentry"],"acf":[],"yoast_head":"<!-- This site is optimized with the Yoast SEO plugin v26.9 - https:\/\/yoast.com\/product\/yoast-seo-wordpress\/ -->\n<title>A UQAM em n\u00fameros - UQAM<\/title>\n<meta name=\"description\" content=\"A UQAM em n\u00fameros - Universit\u00e9 du Qu\u00e9bec \u00e0 Montr\u00e9al - UQAM\" \/>\n<meta name=\"robots\" content=\"index, follow, max-snippet:-1, max-image-preview:large, max-video-preview:-1\" \/>\n<link rel=\"canonical\" href=\"https:\/\/uqam.ca\/pt-br\/informacao\/numeros\/\" \/>\n<meta property=\"og:locale\" content=\"pt_BR\" \/>\n<meta property=\"og:type\" content=\"article\" \/>\n<meta property=\"og:title\" content=\"A UQAM em n\u00fameros - UQAM\" \/>\n<meta property=\"og:description\" content=\"A UQAM em n\u00fameros - Universit\u00e9 du Qu\u00e9bec \u00e0 Montr\u00e9al - UQAM\" \/>\n<meta property=\"og:url\" content=\"https:\/\/uqam.ca\/pt-br\/informacao\/numeros\/\" \/>\n<meta property=\"og:site_name\" content=\"Universit\u00e9 du Qu\u00e9bec \u00e0 Montr\u00e9al\" \/>\n<meta property=\"article:publisher\" content=\"http:\/\/www.facebook.com\/uqam1\" \/>\n<meta property=\"article:modified_time\" content=\"2026-03-16T19:16:04+00:00\" \/>\n<meta property=\"og:image\" content=\"https:\/\/ressources-medias.uqam.ca\/media\/uploads\/20200306151917\/campuscentral.jpg\" \/>\n\t<meta property=\"og:image:width\" content=\"1080\" \/>\n\t<meta property=\"og:image:height\" content=\"763\" \/>\n\t<meta property=\"og:image:type\" content=\"image\/jpeg\" \/>\n<meta name=\"twitter:card\" content=\"summary_large_image\" \/>\n<meta name=\"twitter:site\" content=\"@uqam\" \/>\n<meta name=\"twitter:label1\" content=\"Est. tempo de leitura\" \/>\n\t<meta name=\"twitter:data1\" content=\"2 minutos\" \/>\n<script type=\"application\/ld+json\" class=\"yoast-schema-graph\">{\"@context\":\"https:\/\/schema.org\",\"@graph\":[{\"@type\":\"WebPage\",\"@id\":\"https:\/\/uqam.ca\/pt-br\/informacao\/numeros\/\",\"url\":\"https:\/\/uqam.ca\/pt-br\/informacao\/numeros\/\",\"name\":\"A UQAM em n\u00fameros - UQAM\",\"isPartOf\":{\"@id\":\"https:\/\/uqam.ca\/#website\"},\"datePublished\":\"2019-07-23T18:59:40+00:00\",\"dateModified\":\"2026-03-16T19:16:04+00:00\",\"description\":\"A UQAM em n\u00fameros - Universit\u00e9 du Qu\u00e9bec \u00e0 Montr\u00e9al - UQAM\",\"breadcrumb\":{\"@id\":\"https:\/\/uqam.ca\/pt-br\/informacao\/numeros\/#breadcrumb\"},\"inLanguage\":\"pt-BR\",\"potentialAction\":[{\"@type\":\"ReadAction\",\"target\":[\"https:\/\/uqam.ca\/pt-br\/informacao\/numeros\/\"]}]},{\"@type\":\"BreadcrumbList\",\"@id\":\"https:\/\/uqam.ca\/pt-br\/informacao\/numeros\/#breadcrumb\",\"itemListElement\":[{\"@type\":\"ListItem\",\"position\":1,\"name\":\"UQAM\",\"item\":\"https:\/\/uqam.ca\"},{\"@type\":\"ListItem\",\"position\":2,\"name\":\"Universit\u00e9 du Qu\u00e9bec \u00e0 Montr\u00e9al\",\"item\":\"https:\/\/uqam.ca\/pt-br\/\"},{\"@type\":\"ListItem\",\"position\":3,\"name\":\"Informa\u00e7\u00f5es em Portugu\u00eas\",\"item\":\"https:\/\/uqam.ca\/pt-br\/informacao\/\"},{\"@type\":\"ListItem\",\"position\":4,\"name\":\"A UQAM em n\u00fameros\"}]},{\"@type\":\"WebSite\",\"@id\":\"https:\/\/uqam.ca\/#website\",\"url\":\"https:\/\/uqam.ca\/\",\"name\":\"Universit\u00e9 du Qu\u00e9bec \u00e0 Montr\u00e9al\",\"description\":\"UQAM\",\"publisher\":{\"@id\":\"https:\/\/uqam.ca\/#organization\"},\"potentialAction\":[{\"@type\":\"SearchAction\",\"target\":{\"@type\":\"EntryPoint\",\"urlTemplate\":\"https:\/\/uqam.ca\/?s={search_term_string}\"},\"query-input\":{\"@type\":\"PropertyValueSpecification\",\"valueRequired\":true,\"valueName\":\"search_term_string\"}}],\"inLanguage\":\"pt-BR\"},{\"@type\":\"Organization\",\"@id\":\"https:\/\/uqam.ca\/#organization\",\"name\":\"UQAM | Universit\u00e9 du Qu\u00e9bec \u00e0 Montr\u00e9al\",\"url\":\"https:\/\/uqam.ca\/\",\"logo\":{\"@type\":\"ImageObject\",\"inLanguage\":\"pt-BR\",\"@id\":\"https:\/\/uqam.ca\/#\/schema\/logo\/image\/\",\"url\":\"https:\/\/ressources-medias.uqam.ca\/media\/uploads\/20200306145948\/uqambleu.jpg\",\"contentUrl\":\"https:\/\/ressources-medias.uqam.ca\/media\/uploads\/20200306145948\/uqambleu.jpg\",\"width\":400,\"height\":400,\"caption\":\"UQAM | Universit\u00e9 du Qu\u00e9bec \u00e0 Montr\u00e9al\"},\"image\":{\"@id\":\"https:\/\/uqam.ca\/#\/schema\/logo\/image\/\"},\"sameAs\":[\"http:\/\/www.facebook.com\/uqam1\",\"https:\/\/x.com\/uqam\",\"http:\/\/www.instagram.com\/uqam\",\"http:\/\/www.linkedin.com\/school\/uqam\/\",\"http:\/\/www.pinterest.ca\/uqam\/\",\"http:\/\/www.youtube.com\/user\/UQAMtv\"]}]}<\/script>\n<!-- \/ Yoast SEO plugin. -->","yoast_head_json":{"title":"A UQAM em n\u00fameros - UQAM","description":"A UQAM em n\u00fameros - Universit\u00e9 du Qu\u00e9bec \u00e0 Montr\u00e9al - UQAM","robots":{"index":"index","follow":"follow","max-snippet":"max-snippet:-1","max-image-preview":"max-image-preview:large","max-video-preview":"max-video-preview:-1"},"canonical":"https:\/\/uqam.ca\/pt-br\/informacao\/numeros\/","og_locale":"pt_BR","og_type":"article","og_title":"A UQAM em n\u00fameros - UQAM","og_description":"A UQAM em n\u00fameros - Universit\u00e9 du Qu\u00e9bec \u00e0 Montr\u00e9al - UQAM","og_url":"https:\/\/uqam.ca\/pt-br\/informacao\/numeros\/","og_site_name":"Universit\u00e9 du Qu\u00e9bec \u00e0 Montr\u00e9al","article_publisher":"http:\/\/www.facebook.com\/uqam1","article_modified_time":"2026-03-16T19:16:04+00:00","og_image":[{"width":1080,"height":763,"url":"https:\/\/ressources-medias.uqam.ca\/media\/uploads\/20200306151917\/campuscentral.jpg","type":"image\/jpeg"}],"twitter_card":"summary_large_image","twitter_site":"@uqam","twitter_misc":{"Est. tempo de leitura":"2 minutos"},"schema":{"@context":"https:\/\/schema.org","@graph":[{"@type":"WebPage","@id":"https:\/\/uqam.ca\/pt-br\/informacao\/numeros\/","url":"https:\/\/uqam.ca\/pt-br\/informacao\/numeros\/","name":"A UQAM em n\u00fameros - UQAM","isPartOf":{"@id":"https:\/\/uqam.ca\/#website"},"datePublished":"2019-07-23T18:59:40+00:00","dateModified":"2026-03-16T19:16:04+00:00","description":"A UQAM em n\u00fameros - Universit\u00e9 du Qu\u00e9bec \u00e0 Montr\u00e9al - UQAM","breadcrumb":{"@id":"https:\/\/uqam.ca\/pt-br\/informacao\/numeros\/#breadcrumb"},"inLanguage":"pt-BR","potentialAction":[{"@type":"ReadAction","target":["https:\/\/uqam.ca\/pt-br\/informacao\/numeros\/"]}]},{"@type":"BreadcrumbList","@id":"https:\/\/uqam.ca\/pt-br\/informacao\/numeros\/#breadcrumb","itemListElement":[{"@type":"ListItem","position":1,"name":"UQAM","item":"https:\/\/uqam.ca"},{"@type":"ListItem","position":2,"name":"Universit\u00e9 du Qu\u00e9bec \u00e0 Montr\u00e9al","item":"https:\/\/uqam.ca\/pt-br\/"},{"@type":"ListItem","position":3,"name":"Informa\u00e7\u00f5es em Portugu\u00eas","item":"https:\/\/uqam.ca\/pt-br\/informacao\/"},{"@type":"ListItem","position":4,"name":"A UQAM em n\u00fameros"}]},{"@type":"WebSite","@id":"https:\/\/uqam.ca\/#website","url":"https:\/\/uqam.ca\/","name":"Universit\u00e9 du Qu\u00e9bec \u00e0 Montr\u00e9al","description":"UQAM","publisher":{"@id":"https:\/\/uqam.ca\/#organization"},"potentialAction":[{"@type":"SearchAction","target":{"@type":"EntryPoint","urlTemplate":"https:\/\/uqam.ca\/?s={search_term_string}"},"query-input":{"@type":"PropertyValueSpecification","valueRequired":true,"valueName":"search_term_string"}}],"inLanguage":"pt-BR"},{"@type":"Organization","@id":"https:\/\/uqam.ca\/#organization","name":"UQAM | Universit\u00e9 du Qu\u00e9bec \u00e0 Montr\u00e9al","url":"https:\/\/uqam.ca\/","logo":{"@type":"ImageObject","inLanguage":"pt-BR","@id":"https:\/\/uqam.ca\/#\/schema\/logo\/image\/","url":"https:\/\/ressources-medias.uqam.ca\/media\/uploads\/20200306145948\/uqambleu.jpg","contentUrl":"https:\/\/ressources-medias.uqam.ca\/media\/uploads\/20200306145948\/uqambleu.jpg","width":400,"height":400,"caption":"UQAM | Universit\u00e9 du Qu\u00e9bec \u00e0 Montr\u00e9al"},"image":{"@id":"https:\/\/uqam.ca\/#\/schema\/logo\/image\/"},"sameAs":["http:\/\/www.facebook.com\/uqam1","https:\/\/x.com\/uqam","http:\/\/www.instagram.com\/uqam","http:\/\/www.linkedin.com\/school\/uqam\/","http:\/\/www.pinterest.ca\/uqam\/","http:\/\/www.youtube.com\/user\/UQAMtv"]}]}},"coauthors":[],"author_meta":{"author_link":"https:\/\/uqam.ca\/pt-br\/author\/audiovisuel_admin\/","display_name":"audiovisuel_admin"},"relative_dates":{"created":"Publicado 7 anos atr\u00e1s","modified":"Atualizado 3 semanas atr\u00e1s"},"absolute_dates":{"created":"Publicado em 23 julho","modified":"Atualizado em 16 mar\u00e7o"},"absolute_dates_time":{"created":"Publicado em 23 julho 6:59 pm","modified":"Atualizado em 16 mar\u00e7o 3:16 pm"},"featured_img_caption":"","featured_img":false,"series_order":"","_links":{"self":[{"href":"https:\/\/uqam.ca\/pt-br\/wp-json\/wp\/v2\/pages\/511","targetHints":{"allow":["GET"]}}],"collection":[{"href":"https:\/\/uqam.ca\/pt-br\/wp-json\/wp\/v2\/pages"}],"about":[{"href":"https:\/\/uqam.ca\/pt-br\/wp-json\/wp\/v2\/types\/page"}],"author":[{"embeddable":true,"href":"https:\/\/uqam.ca\/pt-br\/wp-json\/wp\/v2\/users\/1"}],"replies":[{"embeddable":true,"href":"https:\/\/uqam.ca\/pt-br\/wp-json\/wp\/v2\/comments?post=511"}],"version-history":[{"count":65,"href":"https:\/\/uqam.ca\/pt-br\/wp-json\/wp\/v2\/pages\/511\/revisions"}],"predecessor-version":[{"id":13243,"href":"https:\/\/uqam.ca\/pt-br\/wp-json\/wp\/v2\/pages\/511\/revisions\/13243"}],"up":[{"embeddable":true,"href":"https:\/\/uqam.ca\/pt-br\/wp-json\/wp\/v2\/pages\/140"}],"wp:attachment":[{"href":"https:\/\/uqam.ca\/pt-br\/wp-json\/wp\/v2\/media?parent=511"}],"curies":[{"name":"wp","href":"https:\/\/api.w.org\/{rel}","templated":true}]}}