{"id":2289,"date":"2020-03-11T11:21:23","date_gmt":"2020-03-11T15:21:23","guid":{"rendered":"https:\/\/uqam.ca\/?page_id=2289"},"modified":"2025-12-09T14:18:43","modified_gmt":"2025-12-09T19:18:43","slug":"internacional","status":"publish","type":"page","link":"https:\/\/uqam.ca\/pt-br\/informacao\/internacional\/","title":{"rendered":"Internacional"},"content":{"rendered":"\n<p>Para a UQAM, o mundo \u00e9 um lugar para <em>networking<\/em>, compartilhar conhecimento e contribuir com a comunidade.<\/p>\n\n\n\n<ul class=\"wp-block-list\">\n<li>UQAM d\u00e1 as boas-vindas aos estudantes com os mais variados hist\u00f3ricos e culturas, <a href=\"https:\/\/etudier.uqam.ca\/etudiants-etrangers\">4994\u00a0estudantes estrangeiros de 94\u00a0pa\u00edses.<\/a><\/li>\n<\/ul>\n\n\n\n<ul class=\"wp-block-list\">\n<li>A UQAM oferece <a href=\"https:\/\/etudier.uqam.ca\/aucentredetout\/international\">40&nbsp;programas com componente internacional,<\/a> bem como um <a href=\"https:\/\/mba.esg.uqam.ca\/en\/international-executive-mba\/\">programa de MBA Executivo<\/a> (EMBA) em diversos pa\u00edses, ministrados em franc\u00eas, ingl\u00eas e espanhol. <\/li>\n<\/ul>\n\n\n\n<ul class=\"wp-block-list\">\n<li>A Universidade tem parceria com mais de 400 institui\u00e7\u00f5es em 60 pa\u00edses. O <a href=\"http:\/\/www.sri.uqam.ca\">Servi\u00e7o de Rela\u00e7\u00f5es Internacionais e Diplom\u00e1ticas<\/a> (SRID) e o <a href=\"https:\/\/international.esg.uqam.ca\/en\/\">Suporte ao Aluno Estrangeiro<\/a> da Escola de Gest\u00e3o possibilita que milhares de estudantes ampliem seus estudos em n\u00edvel internacional, recebe estudantes estrangeiros e promove a mobilidade acad\u00eamica.<\/li>\n<\/ul>\n\n\n\n<ul class=\"wp-block-list\">\n<li>A\n<a href=\"https:\/\/langues.uqam.ca\/\">Escola de Idiomas<\/a> da UQAM amplia os horizontes de mais de 700 alunos a cada ano,\ncom seus cursos e programas qualificados em 10 idiomas modernos.<\/li>\n<\/ul>\n\n\n\n<ul class=\"wp-block-list\">\n<li>A\nUQAM oferece, tamb\u00e9m, <a href=\"https:\/\/etudier.uqam.ca\/ete\">cursos de ver\u00e3o<\/a> internacionais em in Abidjan,\nBerlin, Bogot\u00e1, Dalian, Floren\u00e7a, Molyvos e Praga entre outros, com cursos em\narqueologia, idiomas e culturas, al\u00e9m de inova\u00e7\u00e3o social.<\/li>\n<\/ul>\n\n\n\n<ul class=\"wp-block-list\">\n<li>A\ncada ano, organizamos <a href=\"https:\/\/evenements.uqam.ca\/evenements?page=1&amp;types=13\">confer\u00eancias, semin\u00e1rios e eventos<\/a> globais e em grande escala, que\nre\u00fanem participantes do mundo tudo.<\/li>\n<\/ul>\n\n\n\n<ul class=\"wp-block-list\">\n<li>A Universidade recebe diversos <a href=\"http:\/\/recherche.uqam.ca\/unites-de-recherche-et-de-creation.html\">grupos de pesquisa<\/a> que colaboram com professores em todo o mundo, incluindo:\n<ul class=\"wp-block-list\">\n<li>Cinco cadeiras na UNESCO (comunica\u00e7\u00e3o, educa\u00e7\u00e3o, meio ambiente, filosofia, preven\u00e7\u00e3o da radicaliza\u00e7\u00e3o). <\/li>\n\n\n\n<li><a href=\"http:\/\/www.ieim.uqam.ca\">Centro de Estudos Internacionais de Montr\u00e9al<\/a>, que oferece atividades em globaliza\u00e7\u00e3o, governan\u00e7a, seguran\u00e7a, diplomacia e direitos humanos. <\/li>\n<\/ul>\n<\/li>\n<\/ul>\n\n\n\n<p>Al\u00e9m disso, grande parte dos <a href=\"https:\/\/professeurs.uqam.ca\/\">professores<\/a>\nda UQAM conduzem sua pesquisa com parceiros internacionais, e muitos estudantes\nda gradua\u00e7\u00e3o t\u00eam a oportunidade de embarcar nessa jornada de pesquisas,\nconectar-se com <em>networking<\/em> internacional e participar de est\u00e1gios em diversos campos.<\/p>\n\n\n\n<ul class=\"wp-block-list\">\n<li>Muitos membros da comunidade UQAM t\u00eam mostrado seu talento em n\u00edvel internacional, conquistando <a href=\"https:\/\/distinctions.uqam.ca\/\">pr\u00eamios e competi\u00e7\u00f5es aclamadas<\/a>, como Ordem das Palmas Acad\u00eamicas, Legi\u00e3o da Honra, Modelo das Organiza\u00e7\u00f5es Internacionais e Desafio de Marketing Online do Google.<\/li>\n<\/ul>\n","protected":false},"excerpt":{"rendered":"<p>Para a UQAM, o mundo \u00e9 um lugar para networking, compartilhar conhecimento e contribuir com a comunidade. Al\u00e9m disso, grande parte dos professores da UQAM conduzem sua pesquisa com parceiros internacionais, e muitos estudantes da gradua\u00e7\u00e3o t\u00eam a oportunidade de embarcar nessa jornada de pesquisas, conectar-se com networking internacional e participar de est\u00e1gios em diversos [&hellip;]<\/p>\n","protected":false},"author":3,"featured_media":0,"parent":140,"menu_order":0,"comment_status":"closed","ping_status":"closed","template":"","meta":{"_acf_changed":false,"advgb_blocks_editor_width":"","advgb_blocks_columns_visual_guide":"","_monsterinsights_skip_tracking":false,"_monsterinsights_sitenote_active":false,"_monsterinsights_sitenote_note":"","_monsterinsights_sitenote_category":0,"footnotes":""},"class_list":["post-2289","page","type-page","status-publish","hentry"],"acf":[],"yoast_head":"<!-- This site is optimized with the Yoast SEO plugin v26.9 - https:\/\/yoast.com\/product\/yoast-seo-wordpress\/ -->\n<title>Internacional - UQAM<\/title>\n<meta name=\"description\" content=\"Internacional - Universit\u00e9 du Qu\u00e9bec \u00e0 Montr\u00e9al - UQAM\" \/>\n<meta name=\"robots\" content=\"index, follow, max-snippet:-1, max-image-preview:large, max-video-preview:-1\" \/>\n<link rel=\"canonical\" href=\"https:\/\/uqam.ca\/pt-br\/informacao\/internacional\/\" \/>\n<meta property=\"og:locale\" content=\"pt_BR\" \/>\n<meta property=\"og:type\" content=\"article\" \/>\n<meta property=\"og:title\" content=\"Internacional - UQAM\" \/>\n<meta property=\"og:description\" content=\"Internacional - Universit\u00e9 du Qu\u00e9bec \u00e0 Montr\u00e9al - UQAM\" \/>\n<meta property=\"og:url\" content=\"https:\/\/uqam.ca\/pt-br\/informacao\/internacional\/\" \/>\n<meta property=\"og:site_name\" content=\"Universit\u00e9 du Qu\u00e9bec \u00e0 Montr\u00e9al\" \/>\n<meta property=\"article:publisher\" content=\"http:\/\/www.facebook.com\/uqam1\" \/>\n<meta property=\"article:modified_time\" content=\"2025-12-09T19:18:43+00:00\" \/>\n<meta property=\"og:image\" content=\"https:\/\/ressources-medias.uqam.ca\/media\/uploads\/20200306151917\/campuscentral.jpg\" \/>\n\t<meta property=\"og:image:width\" content=\"1080\" \/>\n\t<meta property=\"og:image:height\" content=\"763\" \/>\n\t<meta property=\"og:image:type\" content=\"image\/jpeg\" \/>\n<meta name=\"twitter:card\" content=\"summary_large_image\" \/>\n<meta name=\"twitter:site\" content=\"@uqam\" \/>\n<meta name=\"twitter:label1\" content=\"Est. tempo de leitura\" \/>\n\t<meta name=\"twitter:data1\" content=\"2 minutos\" \/>\n<script type=\"application\/ld+json\" class=\"yoast-schema-graph\">{\"@context\":\"https:\/\/schema.org\",\"@graph\":[{\"@type\":\"WebPage\",\"@id\":\"https:\/\/uqam.ca\/pt-br\/informacao\/internacional\/\",\"url\":\"https:\/\/uqam.ca\/pt-br\/informacao\/internacional\/\",\"name\":\"Internacional - UQAM\",\"isPartOf\":{\"@id\":\"https:\/\/uqam.ca\/#website\"},\"datePublished\":\"2020-03-11T15:21:23+00:00\",\"dateModified\":\"2025-12-09T19:18:43+00:00\",\"description\":\"Internacional - Universit\u00e9 du Qu\u00e9bec \u00e0 Montr\u00e9al - UQAM\",\"breadcrumb\":{\"@id\":\"https:\/\/uqam.ca\/pt-br\/informacao\/internacional\/#breadcrumb\"},\"inLanguage\":\"pt-BR\",\"potentialAction\":[{\"@type\":\"ReadAction\",\"target\":[\"https:\/\/uqam.ca\/pt-br\/informacao\/internacional\/\"]}]},{\"@type\":\"BreadcrumbList\",\"@id\":\"https:\/\/uqam.ca\/pt-br\/informacao\/internacional\/#breadcrumb\",\"itemListElement\":[{\"@type\":\"ListItem\",\"position\":1,\"name\":\"UQAM\",\"item\":\"https:\/\/uqam.ca\"},{\"@type\":\"ListItem\",\"position\":2,\"name\":\"Universit\u00e9 du Qu\u00e9bec \u00e0 Montr\u00e9al\",\"item\":\"https:\/\/uqam.ca\/pt-br\/\"},{\"@type\":\"ListItem\",\"position\":3,\"name\":\"Informa\u00e7\u00f5es em Portugu\u00eas\",\"item\":\"https:\/\/uqam.ca\/pt-br\/informacao\/\"},{\"@type\":\"ListItem\",\"position\":4,\"name\":\"Internacional\"}]},{\"@type\":\"WebSite\",\"@id\":\"https:\/\/uqam.ca\/#website\",\"url\":\"https:\/\/uqam.ca\/\",\"name\":\"Universit\u00e9 du Qu\u00e9bec \u00e0 Montr\u00e9al\",\"description\":\"UQAM\",\"publisher\":{\"@id\":\"https:\/\/uqam.ca\/#organization\"},\"potentialAction\":[{\"@type\":\"SearchAction\",\"target\":{\"@type\":\"EntryPoint\",\"urlTemplate\":\"https:\/\/uqam.ca\/?s={search_term_string}\"},\"query-input\":{\"@type\":\"PropertyValueSpecification\",\"valueRequired\":true,\"valueName\":\"search_term_string\"}}],\"inLanguage\":\"pt-BR\"},{\"@type\":\"Organization\",\"@id\":\"https:\/\/uqam.ca\/#organization\",\"name\":\"UQAM | Universit\u00e9 du Qu\u00e9bec \u00e0 Montr\u00e9al\",\"url\":\"https:\/\/uqam.ca\/\",\"logo\":{\"@type\":\"ImageObject\",\"inLanguage\":\"pt-BR\",\"@id\":\"https:\/\/uqam.ca\/#\/schema\/logo\/image\/\",\"url\":\"https:\/\/ressources-medias.uqam.ca\/media\/uploads\/20200306145948\/uqambleu.jpg\",\"contentUrl\":\"https:\/\/ressources-medias.uqam.ca\/media\/uploads\/20200306145948\/uqambleu.jpg\",\"width\":400,\"height\":400,\"caption\":\"UQAM | Universit\u00e9 du Qu\u00e9bec \u00e0 Montr\u00e9al\"},\"image\":{\"@id\":\"https:\/\/uqam.ca\/#\/schema\/logo\/image\/\"},\"sameAs\":[\"http:\/\/www.facebook.com\/uqam1\",\"https:\/\/x.com\/uqam\",\"http:\/\/www.instagram.com\/uqam\",\"http:\/\/www.linkedin.com\/school\/uqam\/\",\"http:\/\/www.pinterest.ca\/uqam\/\",\"http:\/\/www.youtube.com\/user\/UQAMtv\"]}]}<\/script>\n<!-- \/ Yoast SEO plugin. -->","yoast_head_json":{"title":"Internacional - UQAM","description":"Internacional - Universit\u00e9 du Qu\u00e9bec \u00e0 Montr\u00e9al - UQAM","robots":{"index":"index","follow":"follow","max-snippet":"max-snippet:-1","max-image-preview":"max-image-preview:large","max-video-preview":"max-video-preview:-1"},"canonical":"https:\/\/uqam.ca\/pt-br\/informacao\/internacional\/","og_locale":"pt_BR","og_type":"article","og_title":"Internacional - UQAM","og_description":"Internacional - Universit\u00e9 du Qu\u00e9bec \u00e0 Montr\u00e9al - UQAM","og_url":"https:\/\/uqam.ca\/pt-br\/informacao\/internacional\/","og_site_name":"Universit\u00e9 du Qu\u00e9bec \u00e0 Montr\u00e9al","article_publisher":"http:\/\/www.facebook.com\/uqam1","article_modified_time":"2025-12-09T19:18:43+00:00","og_image":[{"width":1080,"height":763,"url":"https:\/\/ressources-medias.uqam.ca\/media\/uploads\/20200306151917\/campuscentral.jpg","type":"image\/jpeg"}],"twitter_card":"summary_large_image","twitter_site":"@uqam","twitter_misc":{"Est. tempo de leitura":"2 minutos"},"schema":{"@context":"https:\/\/schema.org","@graph":[{"@type":"WebPage","@id":"https:\/\/uqam.ca\/pt-br\/informacao\/internacional\/","url":"https:\/\/uqam.ca\/pt-br\/informacao\/internacional\/","name":"Internacional - UQAM","isPartOf":{"@id":"https:\/\/uqam.ca\/#website"},"datePublished":"2020-03-11T15:21:23+00:00","dateModified":"2025-12-09T19:18:43+00:00","description":"Internacional - Universit\u00e9 du Qu\u00e9bec \u00e0 Montr\u00e9al - UQAM","breadcrumb":{"@id":"https:\/\/uqam.ca\/pt-br\/informacao\/internacional\/#breadcrumb"},"inLanguage":"pt-BR","potentialAction":[{"@type":"ReadAction","target":["https:\/\/uqam.ca\/pt-br\/informacao\/internacional\/"]}]},{"@type":"BreadcrumbList","@id":"https:\/\/uqam.ca\/pt-br\/informacao\/internacional\/#breadcrumb","itemListElement":[{"@type":"ListItem","position":1,"name":"UQAM","item":"https:\/\/uqam.ca"},{"@type":"ListItem","position":2,"name":"Universit\u00e9 du Qu\u00e9bec \u00e0 Montr\u00e9al","item":"https:\/\/uqam.ca\/pt-br\/"},{"@type":"ListItem","position":3,"name":"Informa\u00e7\u00f5es em Portugu\u00eas","item":"https:\/\/uqam.ca\/pt-br\/informacao\/"},{"@type":"ListItem","position":4,"name":"Internacional"}]},{"@type":"WebSite","@id":"https:\/\/uqam.ca\/#website","url":"https:\/\/uqam.ca\/","name":"Universit\u00e9 du Qu\u00e9bec \u00e0 Montr\u00e9al","description":"UQAM","publisher":{"@id":"https:\/\/uqam.ca\/#organization"},"potentialAction":[{"@type":"SearchAction","target":{"@type":"EntryPoint","urlTemplate":"https:\/\/uqam.ca\/?s={search_term_string}"},"query-input":{"@type":"PropertyValueSpecification","valueRequired":true,"valueName":"search_term_string"}}],"inLanguage":"pt-BR"},{"@type":"Organization","@id":"https:\/\/uqam.ca\/#organization","name":"UQAM | Universit\u00e9 du Qu\u00e9bec \u00e0 Montr\u00e9al","url":"https:\/\/uqam.ca\/","logo":{"@type":"ImageObject","inLanguage":"pt-BR","@id":"https:\/\/uqam.ca\/#\/schema\/logo\/image\/","url":"https:\/\/ressources-medias.uqam.ca\/media\/uploads\/20200306145948\/uqambleu.jpg","contentUrl":"https:\/\/ressources-medias.uqam.ca\/media\/uploads\/20200306145948\/uqambleu.jpg","width":400,"height":400,"caption":"UQAM | Universit\u00e9 du Qu\u00e9bec \u00e0 Montr\u00e9al"},"image":{"@id":"https:\/\/uqam.ca\/#\/schema\/logo\/image\/"},"sameAs":["http:\/\/www.facebook.com\/uqam1","https:\/\/x.com\/uqam","http:\/\/www.instagram.com\/uqam","http:\/\/www.linkedin.com\/school\/uqam\/","http:\/\/www.pinterest.ca\/uqam\/","http:\/\/www.youtube.com\/user\/UQAMtv"]}]}},"coauthors":[],"author_meta":{"author_link":"https:\/\/uqam.ca\/pt-br\/author\/bedard_syl\/","display_name":"B\u00e9dard, Sylvain"},"relative_dates":{"created":"Publicado 6 anos atr\u00e1s","modified":"Atualizado 4 meses atr\u00e1s"},"absolute_dates":{"created":"Publicado em 11 mar\u00e7o","modified":"Atualizado em 9 dezembro"},"absolute_dates_time":{"created":"Publicado em 11 mar\u00e7o 11:21 am","modified":"Atualizado em 9 dezembro 2:18 pm"},"featured_img_caption":"","featured_img":false,"series_order":"","_links":{"self":[{"href":"https:\/\/uqam.ca\/pt-br\/wp-json\/wp\/v2\/pages\/2289","targetHints":{"allow":["GET"]}}],"collection":[{"href":"https:\/\/uqam.ca\/pt-br\/wp-json\/wp\/v2\/pages"}],"about":[{"href":"https:\/\/uqam.ca\/pt-br\/wp-json\/wp\/v2\/types\/page"}],"author":[{"embeddable":true,"href":"https:\/\/uqam.ca\/pt-br\/wp-json\/wp\/v2\/users\/3"}],"replies":[{"embeddable":true,"href":"https:\/\/uqam.ca\/pt-br\/wp-json\/wp\/v2\/comments?post=2289"}],"version-history":[{"count":8,"href":"https:\/\/uqam.ca\/pt-br\/wp-json\/wp\/v2\/pages\/2289\/revisions"}],"predecessor-version":[{"id":12739,"href":"https:\/\/uqam.ca\/pt-br\/wp-json\/wp\/v2\/pages\/2289\/revisions\/12739"}],"up":[{"embeddable":true,"href":"https:\/\/uqam.ca\/pt-br\/wp-json\/wp\/v2\/pages\/140"}],"wp:attachment":[{"href":"https:\/\/uqam.ca\/pt-br\/wp-json\/wp\/v2\/media?parent=2289"}],"curies":[{"name":"wp","href":"https:\/\/api.w.org\/{rel}","templated":true}]}}