{"id":146,"date":"2019-07-24T19:14:09","date_gmt":"2019-07-24T19:14:09","guid":{"rendered":"https:\/\/uqam.dev.uqam.ca\/?page_id=146"},"modified":"2025-09-04T14:51:31","modified_gmt":"2025-09-04T18:51:31","slug":"sobre","status":"publish","type":"page","link":"https:\/\/uqam.ca\/pt-br\/informacao\/sobre\/","title":{"rendered":"Sobre a UQAM"},"content":{"rendered":"\n<p>A Universit\u00e9 du Qu\u00e9bec \u00e0 Montr\u00e9al (UQAM) \u00e9 uma&nbsp;<strong>universidade de l\u00edngua francesa<\/strong>.<\/p>\n\n\n\n<p>Criativa, aberta e din\u00e2mica, a UQAM \u00e9 uma universidade de ponta de fama&nbsp; internacional. A originalidade e as caracter\u00edsticas inerentes a seus programas, suas atividades de pesquisa enraizadas nas preocupa\u00e7\u00f5es sociais e as suas innova\u00e7\u00f5es &nbsp;em mat\u00e9ria de cria\u00e7\u00e3o contribuiram a construir sua reputa\u00e7\u00e3o.<\/p>\n\n\n\n<hr class=\"wp-block-separator has-css-opacity\"\/>\n\n\n\n<h2 class=\"wp-block-heading\">Uma universidade urbana<\/h2>\n\n\n\n<p>O campus central da UQAM e o complexo das ci\u00eancias Pierre-Dansereau est\u00e3o localizados no cora\u00e7\u00e3o dos dois bairros mais centralizados e animados de&nbsp;<a href=\"http:\/\/etudier.uqam.ca\/montreal\">Montreal<\/a>&nbsp;: o Quartier latin e o Quartier des spectacles. A UQAM tem acesso direto \u00e0s esta\u00e7\u00f5es de metr\u00f4 Berri-UQAM e Place-des-Arts. Seus pavilh\u00f5es est\u00e3o situados na proximidade de ciclovias e esta\u00e7\u00f5es de bicicletas em auto-servi\u00e7o.<\/p>\n\n\n\n<hr class=\"wp-block-separator has-css-opacity\"\/>\n\n\n\n<h2 class=\"wp-block-heading\">Programas de estudos numerosos e inovadores<\/h2>\n\n\n\n<p>A UQAM oferece mais de 375\u00a0<a href=\"http:\/\/www.etudier.uqam.ca\/programmes\">programas de estudos<\/a>\u00a0repartidos em 8 grandes \u00e1reas : \u00a0artes, comunica\u00e7\u00e3o, educa\u00e7\u00e3o, gest\u00e3o, saude, ci\u00eancias pol\u00edticas e direito, ci\u00eancias humanas. Algumas destas forma\u00e7\u00f5es s\u00e3o \u00fanicas no Qu\u00e9bec, no Canad\u00e1 e na Am\u00e9rica do Norte!<\/p>\n\n\n\n<hr class=\"wp-block-separator has-css-opacity\"\/>\n\n\n\n<h2 class=\"wp-block-heading\">A possibilidade de estudar em ambiente regional<\/h2>\n\n\n\n<p>Al\u00e9m do campus de Montreal, a UQAM acolhe os estudantes em quaisquer de seus&nbsp;<a href=\"http:\/\/www.etudier.uqam.ca\/campus\">quatro campus em regi\u00e3o metropolitana<\/a>, o que lhes permite seguir seus estudos a poucos quil\u00f4metros de sua resid\u00eancia. Os campus de Lanaudi\u00e8re, de Laval, de Longueuil, e de Mont\u00e9r\u00e9gie-Ouest oferecem programas de estudos completos assim como v\u00e1rias aulas de dia, de noite ou de fim de semana.<\/p>\n\n\n\n<hr class=\"wp-block-separator has-css-opacity\"\/>\n\n\n\n<h2 class=\"wp-block-heading\">Uma dimens\u00e3o internacional<\/h2>\n\n\n\n<p>A UQAM acolhe cada ano mais de 5000&nbsp;<a href=\"http:\/\/www.etudier.uqam.ca\/node\/23\">estudantes<\/a>&nbsp;estrangeiros vindos de 95 pa\u00edses. Ela tamb\u00e9m sustenta v\u00e1rios &nbsp;centros de pesquisas com voca\u00e7\u00e3o internacional, tal como o Instituto de estudos internacionais de Montreal. Ao correr dos anos, a UQAM estabeleceu acordos com mais de 400 institui\u00e7\u00f5es em 60 pa\u00edses, sem mencionar quantidade de liga\u00e7\u00f5es que sua afilia\u00e7\u00e3o \u00e0s redes universit\u00e1rias internacionais tem gerado.<\/p>\n\n\n\n<hr class=\"wp-block-separator has-css-opacity\"\/>\n\n\n\n<h2 class=\"wp-block-heading\">Pesquisa de ponta<\/h2>\n\n\n\n<p>A UQAM se classifica em primeiro lugar no Qu\u00e9bec et em oitavo lugar no Canada en mat\u00e9ria de financiamento da pesquisa na categoria das universidades com voca\u00e7\u00e3o geral&nbsp; (fonte: Research Infosource, 2020). Os pesquisadores da universidade, reunidos em mais de uma centena de unidades de pesquisa e cria\u00e7\u00e3o, recebem cada ano numerosos pr\u00eamios e distin\u00e7\u00f5es.<\/p>\n\n\n\n<hr class=\"wp-block-separator has-css-opacity\"\/>\n\n\n\n<h2 class=\"wp-block-heading\">A inova\u00e7\u00e3o, ponto central da miss\u00e3o da UQAM<\/h2>\n\n\n\n<p>A UQAM tem sido pioneira no desenvolvimento de muitos campos de estudos que tradicionalmente n\u00e3o se encontram no setor universit\u00e1rio. Ela abrange&nbsp;per\u00edcias&nbsp;exclusivas que contribuiram&nbsp; a definir sua identidade institucional, particularmente no setor das rela\u00e7\u00f5es p\u00fablicas, da contabilidade, da sexologia, do direito social, do design e das artes visuas, dos estudos em feminismo, da economia social, sem omitir as ci\u00eancias da Terra, da atmosfera e da sa\u00fade.<\/p>\n\n\n\n<hr class=\"wp-block-separator has-css-opacity\"\/>\n\n\n\n<h2 class=\"wp-block-heading\">Escola de l\u00ednguas<\/h2>\n\n\n\n<p>A UQAM acolhe estudantes de uma grande variedade de comunidades culturais e lingu\u00edsticas. As aulas s\u00e3o dadas em franc\u00eas. Todavia, a <a href=\"http:\/\/www.langues.uqam.ca\">Escola de l\u00ednguas<\/a> oferece aulas e certificados em diferentes l\u00ednguas incluindo franc\u00eas como segunda l\u00edngua. A Escola de l\u00ednguas se destaca pelos seus programas de alta qualidade e seus equipamentos inform\u00e1ticos de alto n\u00edvel tecnol\u00f3gico.<\/p>\n","protected":false},"excerpt":{"rendered":"<p>A Universit\u00e9 du Qu\u00e9bec \u00e0 Montr\u00e9al (UQAM) \u00e9 uma&nbsp;universidade de l\u00edngua francesa. Criativa, aberta e din\u00e2mica, a UQAM \u00e9 uma universidade de ponta de fama&nbsp; internacional. A originalidade e as caracter\u00edsticas inerentes a seus programas, suas atividades de pesquisa enraizadas nas preocupa\u00e7\u00f5es sociais e as suas innova\u00e7\u00f5es &nbsp;em mat\u00e9ria de cria\u00e7\u00e3o contribuiram a construir sua [&hellip;]<\/p>\n","protected":false},"author":1,"featured_media":0,"parent":140,"menu_order":0,"comment_status":"closed","ping_status":"closed","template":"","meta":{"_acf_changed":false,"advgb_blocks_editor_width":"","advgb_blocks_columns_visual_guide":"","_monsterinsights_skip_tracking":false,"_monsterinsights_sitenote_active":false,"_monsterinsights_sitenote_note":"","_monsterinsights_sitenote_category":0,"footnotes":""},"class_list":["post-146","page","type-page","status-publish","hentry"],"acf":[],"yoast_head":"<!-- This site is optimized with the Yoast SEO plugin v26.9 - https:\/\/yoast.com\/product\/yoast-seo-wordpress\/ -->\n<title>Sobre a UQAM - UQAM<\/title>\n<meta name=\"description\" content=\"Sobre a UQAM - Universit\u00e9 du Qu\u00e9bec \u00e0 Montr\u00e9al - UQAM\" \/>\n<meta name=\"robots\" content=\"index, follow, max-snippet:-1, max-image-preview:large, max-video-preview:-1\" \/>\n<link rel=\"canonical\" href=\"https:\/\/uqam.ca\/pt-br\/informacao\/sobre\/\" \/>\n<meta property=\"og:locale\" content=\"pt_BR\" \/>\n<meta property=\"og:type\" content=\"article\" \/>\n<meta property=\"og:title\" content=\"Sobre a UQAM - UQAM\" \/>\n<meta property=\"og:description\" content=\"Sobre a UQAM - Universit\u00e9 du Qu\u00e9bec \u00e0 Montr\u00e9al - UQAM\" \/>\n<meta property=\"og:url\" content=\"https:\/\/uqam.ca\/pt-br\/informacao\/sobre\/\" \/>\n<meta property=\"og:site_name\" content=\"Universit\u00e9 du Qu\u00e9bec \u00e0 Montr\u00e9al\" \/>\n<meta property=\"article:publisher\" content=\"http:\/\/www.facebook.com\/uqam1\" \/>\n<meta property=\"article:modified_time\" content=\"2025-09-04T18:51:31+00:00\" \/>\n<meta property=\"og:image\" content=\"https:\/\/ressources-medias.uqam.ca\/media\/uploads\/20200306151917\/campuscentral.jpg\" \/>\n\t<meta property=\"og:image:width\" content=\"1080\" \/>\n\t<meta property=\"og:image:height\" content=\"763\" \/>\n\t<meta property=\"og:image:type\" content=\"image\/jpeg\" \/>\n<meta name=\"twitter:card\" content=\"summary_large_image\" \/>\n<meta name=\"twitter:site\" content=\"@uqam\" \/>\n<meta name=\"twitter:label1\" content=\"Est. tempo de leitura\" \/>\n\t<meta name=\"twitter:data1\" content=\"3 minutos\" \/>\n<script type=\"application\/ld+json\" class=\"yoast-schema-graph\">{\"@context\":\"https:\/\/schema.org\",\"@graph\":[{\"@type\":\"WebPage\",\"@id\":\"https:\/\/uqam.ca\/pt-br\/informacao\/sobre\/\",\"url\":\"https:\/\/uqam.ca\/pt-br\/informacao\/sobre\/\",\"name\":\"Sobre a UQAM - UQAM\",\"isPartOf\":{\"@id\":\"https:\/\/uqam.ca\/#website\"},\"datePublished\":\"2019-07-24T19:14:09+00:00\",\"dateModified\":\"2025-09-04T18:51:31+00:00\",\"description\":\"Sobre a UQAM - Universit\u00e9 du Qu\u00e9bec \u00e0 Montr\u00e9al - UQAM\",\"breadcrumb\":{\"@id\":\"https:\/\/uqam.ca\/pt-br\/informacao\/sobre\/#breadcrumb\"},\"inLanguage\":\"pt-BR\",\"potentialAction\":[{\"@type\":\"ReadAction\",\"target\":[\"https:\/\/uqam.ca\/pt-br\/informacao\/sobre\/\"]}]},{\"@type\":\"BreadcrumbList\",\"@id\":\"https:\/\/uqam.ca\/pt-br\/informacao\/sobre\/#breadcrumb\",\"itemListElement\":[{\"@type\":\"ListItem\",\"position\":1,\"name\":\"UQAM\",\"item\":\"https:\/\/uqam.ca\"},{\"@type\":\"ListItem\",\"position\":2,\"name\":\"Universit\u00e9 du Qu\u00e9bec \u00e0 Montr\u00e9al\",\"item\":\"https:\/\/uqam.ca\/pt-br\/\"},{\"@type\":\"ListItem\",\"position\":3,\"name\":\"Informa\u00e7\u00f5es em Portugu\u00eas\",\"item\":\"https:\/\/uqam.ca\/pt-br\/informacao\/\"},{\"@type\":\"ListItem\",\"position\":4,\"name\":\"Sobre a UQAM\"}]},{\"@type\":\"WebSite\",\"@id\":\"https:\/\/uqam.ca\/#website\",\"url\":\"https:\/\/uqam.ca\/\",\"name\":\"Universit\u00e9 du Qu\u00e9bec \u00e0 Montr\u00e9al\",\"description\":\"UQAM\",\"publisher\":{\"@id\":\"https:\/\/uqam.ca\/#organization\"},\"potentialAction\":[{\"@type\":\"SearchAction\",\"target\":{\"@type\":\"EntryPoint\",\"urlTemplate\":\"https:\/\/uqam.ca\/?s={search_term_string}\"},\"query-input\":{\"@type\":\"PropertyValueSpecification\",\"valueRequired\":true,\"valueName\":\"search_term_string\"}}],\"inLanguage\":\"pt-BR\"},{\"@type\":\"Organization\",\"@id\":\"https:\/\/uqam.ca\/#organization\",\"name\":\"UQAM | Universit\u00e9 du Qu\u00e9bec \u00e0 Montr\u00e9al\",\"url\":\"https:\/\/uqam.ca\/\",\"logo\":{\"@type\":\"ImageObject\",\"inLanguage\":\"pt-BR\",\"@id\":\"https:\/\/uqam.ca\/#\/schema\/logo\/image\/\",\"url\":\"https:\/\/ressources-medias.uqam.ca\/media\/uploads\/20200306145948\/uqambleu.jpg\",\"contentUrl\":\"https:\/\/ressources-medias.uqam.ca\/media\/uploads\/20200306145948\/uqambleu.jpg\",\"width\":400,\"height\":400,\"caption\":\"UQAM | Universit\u00e9 du Qu\u00e9bec \u00e0 Montr\u00e9al\"},\"image\":{\"@id\":\"https:\/\/uqam.ca\/#\/schema\/logo\/image\/\"},\"sameAs\":[\"http:\/\/www.facebook.com\/uqam1\",\"https:\/\/x.com\/uqam\",\"http:\/\/www.instagram.com\/uqam\",\"http:\/\/www.linkedin.com\/school\/uqam\/\",\"http:\/\/www.pinterest.ca\/uqam\/\",\"http:\/\/www.youtube.com\/user\/UQAMtv\"]}]}<\/script>\n<!-- \/ Yoast SEO plugin. -->","yoast_head_json":{"title":"Sobre a UQAM - UQAM","description":"Sobre a UQAM - Universit\u00e9 du Qu\u00e9bec \u00e0 Montr\u00e9al - UQAM","robots":{"index":"index","follow":"follow","max-snippet":"max-snippet:-1","max-image-preview":"max-image-preview:large","max-video-preview":"max-video-preview:-1"},"canonical":"https:\/\/uqam.ca\/pt-br\/informacao\/sobre\/","og_locale":"pt_BR","og_type":"article","og_title":"Sobre a UQAM - UQAM","og_description":"Sobre a UQAM - Universit\u00e9 du Qu\u00e9bec \u00e0 Montr\u00e9al - UQAM","og_url":"https:\/\/uqam.ca\/pt-br\/informacao\/sobre\/","og_site_name":"Universit\u00e9 du Qu\u00e9bec \u00e0 Montr\u00e9al","article_publisher":"http:\/\/www.facebook.com\/uqam1","article_modified_time":"2025-09-04T18:51:31+00:00","og_image":[{"width":1080,"height":763,"url":"https:\/\/ressources-medias.uqam.ca\/media\/uploads\/20200306151917\/campuscentral.jpg","type":"image\/jpeg"}],"twitter_card":"summary_large_image","twitter_site":"@uqam","twitter_misc":{"Est. tempo de leitura":"3 minutos"},"schema":{"@context":"https:\/\/schema.org","@graph":[{"@type":"WebPage","@id":"https:\/\/uqam.ca\/pt-br\/informacao\/sobre\/","url":"https:\/\/uqam.ca\/pt-br\/informacao\/sobre\/","name":"Sobre a UQAM - UQAM","isPartOf":{"@id":"https:\/\/uqam.ca\/#website"},"datePublished":"2019-07-24T19:14:09+00:00","dateModified":"2025-09-04T18:51:31+00:00","description":"Sobre a UQAM - Universit\u00e9 du Qu\u00e9bec \u00e0 Montr\u00e9al - UQAM","breadcrumb":{"@id":"https:\/\/uqam.ca\/pt-br\/informacao\/sobre\/#breadcrumb"},"inLanguage":"pt-BR","potentialAction":[{"@type":"ReadAction","target":["https:\/\/uqam.ca\/pt-br\/informacao\/sobre\/"]}]},{"@type":"BreadcrumbList","@id":"https:\/\/uqam.ca\/pt-br\/informacao\/sobre\/#breadcrumb","itemListElement":[{"@type":"ListItem","position":1,"name":"UQAM","item":"https:\/\/uqam.ca"},{"@type":"ListItem","position":2,"name":"Universit\u00e9 du Qu\u00e9bec \u00e0 Montr\u00e9al","item":"https:\/\/uqam.ca\/pt-br\/"},{"@type":"ListItem","position":3,"name":"Informa\u00e7\u00f5es em Portugu\u00eas","item":"https:\/\/uqam.ca\/pt-br\/informacao\/"},{"@type":"ListItem","position":4,"name":"Sobre a UQAM"}]},{"@type":"WebSite","@id":"https:\/\/uqam.ca\/#website","url":"https:\/\/uqam.ca\/","name":"Universit\u00e9 du Qu\u00e9bec \u00e0 Montr\u00e9al","description":"UQAM","publisher":{"@id":"https:\/\/uqam.ca\/#organization"},"potentialAction":[{"@type":"SearchAction","target":{"@type":"EntryPoint","urlTemplate":"https:\/\/uqam.ca\/?s={search_term_string}"},"query-input":{"@type":"PropertyValueSpecification","valueRequired":true,"valueName":"search_term_string"}}],"inLanguage":"pt-BR"},{"@type":"Organization","@id":"https:\/\/uqam.ca\/#organization","name":"UQAM | Universit\u00e9 du Qu\u00e9bec \u00e0 Montr\u00e9al","url":"https:\/\/uqam.ca\/","logo":{"@type":"ImageObject","inLanguage":"pt-BR","@id":"https:\/\/uqam.ca\/#\/schema\/logo\/image\/","url":"https:\/\/ressources-medias.uqam.ca\/media\/uploads\/20200306145948\/uqambleu.jpg","contentUrl":"https:\/\/ressources-medias.uqam.ca\/media\/uploads\/20200306145948\/uqambleu.jpg","width":400,"height":400,"caption":"UQAM | Universit\u00e9 du Qu\u00e9bec \u00e0 Montr\u00e9al"},"image":{"@id":"https:\/\/uqam.ca\/#\/schema\/logo\/image\/"},"sameAs":["http:\/\/www.facebook.com\/uqam1","https:\/\/x.com\/uqam","http:\/\/www.instagram.com\/uqam","http:\/\/www.linkedin.com\/school\/uqam\/","http:\/\/www.pinterest.ca\/uqam\/","http:\/\/www.youtube.com\/user\/UQAMtv"]}]}},"coauthors":[],"author_meta":{"author_link":"https:\/\/uqam.ca\/pt-br\/author\/audiovisuel_admin\/","display_name":"audiovisuel_admin"},"relative_dates":{"created":"Publicado 7 anos atr\u00e1s","modified":"Atualizado 8 meses atr\u00e1s"},"absolute_dates":{"created":"Publicado em 24 julho","modified":"Atualizado em 4 setembro"},"absolute_dates_time":{"created":"Publicado em 24 julho 7:14 pm","modified":"Atualizado em 4 setembro 2:51 pm"},"featured_img_caption":"","featured_img":false,"series_order":"","_links":{"self":[{"href":"https:\/\/uqam.ca\/pt-br\/wp-json\/wp\/v2\/pages\/146","targetHints":{"allow":["GET"]}}],"collection":[{"href":"https:\/\/uqam.ca\/pt-br\/wp-json\/wp\/v2\/pages"}],"about":[{"href":"https:\/\/uqam.ca\/pt-br\/wp-json\/wp\/v2\/types\/page"}],"author":[{"embeddable":true,"href":"https:\/\/uqam.ca\/pt-br\/wp-json\/wp\/v2\/users\/1"}],"replies":[{"embeddable":true,"href":"https:\/\/uqam.ca\/pt-br\/wp-json\/wp\/v2\/comments?post=146"}],"version-history":[{"count":7,"href":"https:\/\/uqam.ca\/pt-br\/wp-json\/wp\/v2\/pages\/146\/revisions"}],"predecessor-version":[{"id":11962,"href":"https:\/\/uqam.ca\/pt-br\/wp-json\/wp\/v2\/pages\/146\/revisions\/11962"}],"up":[{"embeddable":true,"href":"https:\/\/uqam.ca\/pt-br\/wp-json\/wp\/v2\/pages\/140"}],"wp:attachment":[{"href":"https:\/\/uqam.ca\/pt-br\/wp-json\/wp\/v2\/media?parent=146"}],"curies":[{"name":"wp","href":"https:\/\/api.w.org\/{rel}","templated":true}]}}