{"id":543,"date":"2019-07-29T20:50:51","date_gmt":"2019-07-29T20:50:51","guid":{"rendered":"https:\/\/uqam.dev.uqam.ca\/contact\/"},"modified":"2020-06-22T10:13:24","modified_gmt":"2020-06-22T14:13:24","slug":"contacto","status":"publish","type":"page","link":"https:\/\/uqam.ca\/es\/informacion\/contacto\/","title":{"rendered":"Contacto"},"content":{"rendered":"\n<div class=\"wp-block-advgb-columns advgb-columns-wrapper pageJoindre joindre-telephone\" id=\"advgb-cols-ddf03b06-9e06-47b6-b0b7-543c2da6bc90\"><div class=\"advgb-columns-container\"><div class=\"advgb-columns advgb-columns-row advgb-is-mobile advgb-columns-2 layout-23-13 mbl-layout-stacked vgutter-10\">\n<div class=\"wp-block-advgb-column advgb-column advgb-is-two-thirds-tablet advgb-is-full-mobile\" id=\"advgb-col-112153eb-2668-430a-8c19-67a0ea83d182\"><div class=\"advgb-column-inner\" style=\"border-style:none;border-width:1px\">\n<h2 class=\"wp-block-heading\">Tel\u00e9fono<\/h2>\n\n\n\n<p><a href=\"tel:514-987-3000\">514 987-3000<\/a><\/p>\n<\/div><\/div>\n\n\n\n<div class=\"wp-block-advgb-column advgb-column advgb-is-one-third-tablet advgb-is-full-mobile\" id=\"advgb-col-685eed5d-f82c-4072-9574-72e6c3508ddc\"><div class=\"advgb-column-inner\" style=\"border-style:none;border-width:1px\">\n<h2 class=\"wp-block-heading\"><a href=\"https:\/\/sps.uqam.ca\/mesures-durgence\/signaler-et-sinformer.html\">EMERGENCIA<\/a><\/h2>\n\n\n\n<p><a href=\"tel:514-987-3131\">514 987-3131<\/a><\/p>\n<\/div><\/div>\n<\/div><\/div><\/div>\n\n\n\n<div class=\"wp-block-advgb-accordions advgb-accordion-wrapper\" data-collapsed=\"true\">\n<div class=\"wp-block-advgb-accordion-item advgb-accordion-item\" style=\"margin-bottom:15px\"><div class=\"advgb-accordion-header\" style=\"background-color:#000;color:#eee;border-style:solid;border-radius:2px\"><span class=\"advgb-accordion-header-icon\"><svg fill=\"#fff\" xmlns=\"http:\/\/www.w3.org\/2000\/svg\" width=\"24\" height=\"24\" viewbox=\"0 0 24 24\"><path fill=\"none\" d=\"M0,0h24v24H0V0z\"><\/path><path d=\"M12,5.83L15.17,9l1.41-1.41L12,3L7.41,7.59L8.83,9L12,5.83z M12,18.17L8.83,15l-1.41,1.41L12,21l4.59-4.59L15.17,15 L12,18.17z\"><\/path><\/svg><\/span><h4 class=\"advgb-accordion-header-title\" style=\"color:inherit\">C\u00f3mo enviar un sobre dirigido a la UQAM<\/h4><\/div><div class=\"advgb-accordion-body\" style=\"border-style:solid !important;border-color:undefined !important;border-top:none !important;border-radius:2px !important\">\n<p>Universit\u00e9 du Qu\u00e9bec \u00e0 Montr\u00e9al<br><strong><em>Unidad administrativa<\/em><\/strong><br><strong><em>Nombre y cargo del destinatario<\/em><\/strong><br>Case postale 8888, succ. Centre-ville<br>Montr\u00e9al (Qu\u00e9bec) H3C 3P8 Canada <\/p>\n<\/div><\/div>\n\n\n\n<div class=\"wp-block-advgb-accordion-item advgb-accordion-item\" style=\"margin-bottom:15px\"><div class=\"advgb-accordion-header\" style=\"background-color:#000;color:#eee;border-style:solid;border-radius:2px\"><span class=\"advgb-accordion-header-icon\"><svg fill=\"#fff\" xmlns=\"http:\/\/www.w3.org\/2000\/svg\" width=\"24\" height=\"24\" viewbox=\"0 0 24 24\"><path fill=\"none\" d=\"M0,0h24v24H0V0z\"><\/path><path d=\"M12,5.83L15.17,9l1.41-1.41L12,3L7.41,7.59L8.83,9L12,5.83z M12,18.17L8.83,15l-1.41,1.41L12,21l4.59-4.59L15.17,15 L12,18.17z\"><\/path><\/svg><\/span><h4 class=\"advgb-accordion-header-title\" style=\"color:inherit\">Plataformas de recepci\u00f3n<\/h4><\/div><div class=\"advgb-accordion-body\" style=\"border-style:solid !important;border-color:undefined !important;border-top:none !important;border-radius:2px !important\">\n<h3 class=\"wp-block-heading\">Plataforma de recepci\u00f3n Aquin<\/h3>\n\n\n\n<p>1200, rue Berri<br>H2L 4S6<\/p>\n\n\n\n<hr class=\"wp-block-separator\"\/>\n\n\n\n<h3 class=\"wp-block-heading\">Plataforma de recepci\u00f3n PK<\/h3>\n\n\n\n<p>2005, rue Jeanne-Mance<br>H2X 2J6<\/p>\n<\/div><\/div>\n<\/div>\n\n\n\n<hr class=\"wp-block-separator\"\/>\n\n\n\n<div class=\"wp-block-advgb-columns advgb-columns-wrapper pageJoindre joindre-question\" id=\"advgb-cols-4ca82d95-d061-403c-bd08-ec74d178ad67\"><div class=\"advgb-columns-container\"><div class=\"advgb-columns advgb-columns-row advgb-is-mobile advgb-columns-1 layout-100 mbl-layout-stacked vgutter-10\">\n<div class=\"wp-block-advgb-column advgb-column advgb-is-full-mobile\" id=\"advgb-col-ad63baea-6d63-465b-9199-353b8381fab6\"><div class=\"advgb-column-inner\" style=\"border-style:none;border-width:1px\">\n<h2 class=\"wp-block-heading\">Preguntas sobre estudiar en la UQAM<\/h2>\n\n\n\n<p>Para toda pregunta sobre los estudios en la UQAM (<strong>admisi\u00f3n<\/strong>, <strong>expediente estudiante<\/strong>, pedidos de certificados, etc.) :<\/p>\n\n\n\n<p class=\"joindre-btn\"><a href=\"mailto:registrariat@uqam.ca\">registrariat@uqam.ca<\/a><\/p>\n\n\n\n<p><strong>Estudiantes actuales<\/strong>: para las preguntas sobre la inscripci\u00f3n (elecci\u00f3n de cursos, carrera, etc.), comun\u00edquese con la direcci\u00f3n de su <a href=\"https:\/\/etudier.uqam.ca\/programmes\">programa<\/a>. <\/p>\n<\/div><\/div>\n<\/div><\/div><\/div>\n\n\n\n<div class=\"wp-block-advgb-columns advgb-columns-wrapper pageJoindre joindre-infoFinance\" id=\"advgb-cols-75fada2f-f851-482b-a2a4-7db2dff61261\"><div class=\"advgb-columns-container\"><div class=\"advgb-columns advgb-columns-row advgb-is-mobile advgb-columns-1 layout-100 mbl-layout-stacked vgutter-10\">\n<div class=\"wp-block-advgb-column advgb-column advgb-is-full-mobile\" id=\"advgb-col-a1e14abd-2558-4f1e-9300-e2ef2711787c\"><div class=\"advgb-column-inner\" style=\"border-style:none;border-width:1px\">\n<h2 class=\"wp-block-heading\">Informaci\u00f3n financiera<\/h2>\n\n\n\n<p>Para informaciones sobre <strong>factura<\/strong>, <strong>pago<\/strong>, <strong>recibos para impuestos<\/strong>, <strong>gastos de seguros<\/strong>, etc.<\/p>\n\n\n\n<p class=\"joindre-btn\"><a href=\"mailto:comptes.etudiants@uqam.ca\">comptes.etudiants@uqam.ca<\/a><\/p>\n<\/div><\/div>\n<\/div><\/div><\/div>\n\n\n\n<div class=\"wp-block-advgb-columns advgb-columns-wrapper pageJoindre joindre-infoWeb\" id=\"advgb-cols-db9887aa-45d4-443b-98ef-14de95b62641\"><div class=\"advgb-columns-container\"><div class=\"advgb-columns advgb-columns-row advgb-is-mobile advgb-columns-1 layout-100 mbl-layout-stacked vgutter-10\">\n<div class=\"wp-block-advgb-column advgb-column advgb-is-full-mobile\" id=\"advgb-col-9e81222f-11d6-4392-a883-4002466581c4\"><div class=\"advgb-column-inner\" style=\"border-style:none;border-width:1px\">\n<h2 class=\"wp-block-heading\"><strong>Sitio web general<\/strong> de la UQAM <\/h2>\n\n\n\n<p>Para preguntas y comentarios sobre el <strong>sitio web general<\/strong> de la UQAM :<\/p>\n\n\n\n<p class=\"joindre-btn\"><a href=\"mailto:webinfo@uqam.ca\">webinfo@uqam.ca<\/a><\/p>\n\n\n\n<p>Para problemas con los servicios web del expediente estudiante (orario, inscripci\u00f3n, etc.): <a href=\"mailto:registrariat@uqam.ca\">registrariat@uqam.ca<\/a>.<\/p>\n\n\n\n<p>Cada subsitio tiene tambi\u00e9n un correo electr\u00f3nico espec\u00edfio para poder escribir directamente al responsable.<\/p>\n<\/div><\/div>\n<\/div><\/div><\/div>\n\n\n\n<div class=\"wp-block-advgb-columns advgb-columns-wrapper pageJoindre joindre-presse\" id=\"advgb-cols-0d778bf7-eeae-46a2-8dd6-06ba8ee6f53b\"><div class=\"advgb-columns-container\"><div class=\"advgb-columns advgb-columns-row advgb-is-mobile advgb-columns-1 layout-100 mbl-layout-stacked vgutter-10\">\n<div class=\"wp-block-advgb-column advgb-column advgb-is-full-mobile\" id=\"advgb-col-3e9b6168-f022-413d-8368-7c07c8eb0aa6\"><div class=\"advgb-column-inner\" style=\"border-style:none;border-width:1px\">\n<h2 class=\"wp-block-heading\">Sala de Prensa<\/h2>\n\n\n\n<p class=\"joindre-btn\"><a href=\"http:\/\/www.salledepresse.uqam.ca\/joindre-notre-equipe\">Contactar el equipo de Relaciones de Prensa y Eventos Especiales<\/a><\/p>\n<\/div><\/div>\n<\/div><\/div><\/div>\n\n\n\n<div class=\"wp-block-advgb-columns advgb-columns-wrapper pageJoindre joindre-emploi\" id=\"advgb-cols-f7fc1065-79f6-4286-9c9f-ecd3404a0b24\"><div class=\"advgb-columns-container\"><div class=\"advgb-columns advgb-columns-row advgb-is-mobile advgb-columns-1 layout-100 mbl-layout-stacked vgutter-10\">\n<div class=\"wp-block-advgb-column advgb-column advgb-is-full-mobile\" id=\"advgb-col-c01ddfcc-65fd-433f-b4fc-4514675ffbb1\"><div class=\"advgb-column-inner\" style=\"border-style:none;border-width:1px\">\n<h2 class=\"wp-block-heading\">Bolsa de trabajo<\/h2>\n\n\n\n<ul class=\"wp-block-list\"><li><a href=\"https:\/\/rhu.uqam.ca\/visiteurs\/\">Para postularse a un empleo en la UQAM o para enviar su CV<\/a><\/li><li><a href=\"http:\/\/vie-etudiante.uqam.ca\/employeur\/nouvelles-et-ressources.html\">Para enviar una oferta de empleo para estudiantes o egresados de la UQAM<\/a><\/li><\/ul>\n<\/div><\/div>\n<\/div><\/div><\/div>\n\n\n\n<div class=\"wp-block-advgb-columns advgb-columns-wrapper pageJoindre joindre-autre\" id=\"advgb-cols-fcbc1649-f188-4bc4-90c2-4d400bc91509\"><div class=\"advgb-columns-container\"><div class=\"advgb-columns advgb-columns-row advgb-is-mobile advgb-columns-1 layout-100 mbl-layout-stacked vgutter-10\">\n<div class=\"wp-block-advgb-column advgb-column advgb-is-full-mobile\" id=\"advgb-col-6b12da6f-ae63-4f79-8b97-c850b1eb0427\"><div class=\"advgb-column-inner\" style=\"border-style:none;border-width:1px\">\n<h2 class=\"wp-block-heading\">Otras preguntas<\/h2>\n\n\n\n<p>Si no sabe a qui\u00e9n dirigirse:<\/p>\n\n\n\n<p class=\"joindre-btn\"><a href=\"mailto:general@uqam.ca\">general@uqam.ca<\/a><\/p>\n\n\n\n<p>Para todo pedido de informaci\u00f3n relactionado con los estudios en la UQAM, escriba a <a href=\"mailto:registrariat@uqam.ca\">registrariat@uqam.ca<\/a>.<br><br>Para todo problema de tipo inform\u00e1tico: correos que no llegan a destino, su correo electr\u00f3nico UQAM, laboratorios inform\u00e1ticos, acceso red, acceso inal\u00e1mbrico (Wi-Fi), consulte el sitio <a href=\"https:\/\/servicesinformatiques.uqam.ca\/accueil\">servicesinformatiques.uqam.ca<\/a>.<\/p>\n<\/div><\/div>\n<\/div><\/div><\/div>\n\n\n\n<p><\/p>\n<style class=\"advgb-styles-renderer\">#advgb-col-112153eb-2668-430a-8c19-67a0ea83d182>.advgb-column-inner{}@media screen and (max-width: 1023px) {#advgb-col-112153eb-2668-430a-8c19-67a0ea83d182>.advgb-column-inner{}}@media screen and (max-width: 767px) {#advgb-col-112153eb-2668-430a-8c19-67a0ea83d182>.advgb-column-inner{}}#advgb-col-685eed5d-f82c-4072-9574-72e6c3508ddc>.advgb-column-inner{}@media screen and (max-width: 1023px) {#advgb-col-685eed5d-f82c-4072-9574-72e6c3508ddc>.advgb-column-inner{}}@media screen and (max-width: 767px) {#advgb-col-685eed5d-f82c-4072-9574-72e6c3508ddc>.advgb-column-inner{}}#advgb-cols-ddf03b06-9e06-47b6-b0b7-543c2da6bc90{}@media screen and (max-width: 1023px) {#advgb-cols-ddf03b06-9e06-47b6-b0b7-543c2da6bc90{}}@media screen and (max-width: 767px) {#advgb-cols-ddf03b06-9e06-47b6-b0b7-543c2da6bc90{}}#advgb-col-112153eb-2668-430a-8c19-67a0ea83d182>.advgb-column-inner{}@media screen and (max-width: 1023px) {#advgb-col-112153eb-2668-430a-8c19-67a0ea83d182>.advgb-column-inner{}}@media screen and (max-width: 767px) {#advgb-col-112153eb-2668-430a-8c19-67a0ea83d182>.advgb-column-inner{}}#advgb-col-685eed5d-f82c-4072-9574-72e6c3508ddc>.advgb-column-inner{}@media screen and (max-width: 1023px) {#advgb-col-685eed5d-f82c-4072-9574-72e6c3508ddc>.advgb-column-inner{}}@media screen and (max-width: 767px) {#advgb-col-685eed5d-f82c-4072-9574-72e6c3508ddc>.advgb-column-inner{}}#advgb-col-ad63baea-6d63-465b-9199-353b8381fab6>.advgb-column-inner{}@media screen and (max-width: 1023px) {#advgb-col-ad63baea-6d63-465b-9199-353b8381fab6>.advgb-column-inner{}}@media screen and (max-width: 767px) {#advgb-col-ad63baea-6d63-465b-9199-353b8381fab6>.advgb-column-inner{}}#advgb-cols-4ca82d95-d061-403c-bd08-ec74d178ad67{}@media screen and (max-width: 1023px) {#advgb-cols-4ca82d95-d061-403c-bd08-ec74d178ad67{}}@media screen and (max-width: 767px) {#advgb-cols-4ca82d95-d061-403c-bd08-ec74d178ad67{}}#advgb-col-ad63baea-6d63-465b-9199-353b8381fab6>.advgb-column-inner{}@media screen and (max-width: 1023px) {#advgb-col-ad63baea-6d63-465b-9199-353b8381fab6>.advgb-column-inner{}}@media screen and (max-width: 767px) {#advgb-col-ad63baea-6d63-465b-9199-353b8381fab6>.advgb-column-inner{}}#advgb-col-a1e14abd-2558-4f1e-9300-e2ef2711787c>.advgb-column-inner{}@media screen and (max-width: 1023px) {#advgb-col-a1e14abd-2558-4f1e-9300-e2ef2711787c>.advgb-column-inner{}}@media screen and (max-width: 767px) {#advgb-col-a1e14abd-2558-4f1e-9300-e2ef2711787c>.advgb-column-inner{}}#advgb-cols-75fada2f-f851-482b-a2a4-7db2dff61261{}@media screen and (max-width: 1023px) {#advgb-cols-75fada2f-f851-482b-a2a4-7db2dff61261{}}@media screen and (max-width: 767px) {#advgb-cols-75fada2f-f851-482b-a2a4-7db2dff61261{}}#advgb-col-a1e14abd-2558-4f1e-9300-e2ef2711787c>.advgb-column-inner{}@media screen and (max-width: 1023px) {#advgb-col-a1e14abd-2558-4f1e-9300-e2ef2711787c>.advgb-column-inner{}}@media screen and (max-width: 767px) {#advgb-col-a1e14abd-2558-4f1e-9300-e2ef2711787c>.advgb-column-inner{}}#advgb-col-9e81222f-11d6-4392-a883-4002466581c4>.advgb-column-inner{}@media screen and (max-width: 1023px) {#advgb-col-9e81222f-11d6-4392-a883-4002466581c4>.advgb-column-inner{}}@media screen and (max-width: 767px) {#advgb-col-9e81222f-11d6-4392-a883-4002466581c4>.advgb-column-inner{}}#advgb-cols-db9887aa-45d4-443b-98ef-14de95b62641{}@media screen and (max-width: 1023px) {#advgb-cols-db9887aa-45d4-443b-98ef-14de95b62641{}}@media screen and (max-width: 767px) {#advgb-cols-db9887aa-45d4-443b-98ef-14de95b62641{}}#advgb-col-9e81222f-11d6-4392-a883-4002466581c4>.advgb-column-inner{}@media screen and (max-width: 1023px) {#advgb-col-9e81222f-11d6-4392-a883-4002466581c4>.advgb-column-inner{}}@media screen and (max-width: 767px) {#advgb-col-9e81222f-11d6-4392-a883-4002466581c4>.advgb-column-inner{}}#advgb-col-3e9b6168-f022-413d-8368-7c07c8eb0aa6>.advgb-column-inner{}@media screen and (max-width: 1023px) {#advgb-col-3e9b6168-f022-413d-8368-7c07c8eb0aa6>.advgb-column-inner{}}@media screen and (max-width: 767px) {#advgb-col-3e9b6168-f022-413d-8368-7c07c8eb0aa6>.advgb-column-inner{}}#advgb-cols-0d778bf7-eeae-46a2-8dd6-06ba8ee6f53b{}@media screen and (max-width: 1023px) {#advgb-cols-0d778bf7-eeae-46a2-8dd6-06ba8ee6f53b{}}@media screen and (max-width: 767px) {#advgb-cols-0d778bf7-eeae-46a2-8dd6-06ba8ee6f53b{}}#advgb-col-3e9b6168-f022-413d-8368-7c07c8eb0aa6>.advgb-column-inner{}@media screen and (max-width: 1023px) {#advgb-col-3e9b6168-f022-413d-8368-7c07c8eb0aa6>.advgb-column-inner{}}@media screen and (max-width: 767px) {#advgb-col-3e9b6168-f022-413d-8368-7c07c8eb0aa6>.advgb-column-inner{}}#advgb-col-c01ddfcc-65fd-433f-b4fc-4514675ffbb1>.advgb-column-inner{}@media screen and (max-width: 1023px) {#advgb-col-c01ddfcc-65fd-433f-b4fc-4514675ffbb1>.advgb-column-inner{}}@media screen and (max-width: 767px) {#advgb-col-c01ddfcc-65fd-433f-b4fc-4514675ffbb1>.advgb-column-inner{}}#advgb-cols-f7fc1065-79f6-4286-9c9f-ecd3404a0b24{}@media screen and (max-width: 1023px) {#advgb-cols-f7fc1065-79f6-4286-9c9f-ecd3404a0b24{}}@media screen and (max-width: 767px) {#advgb-cols-f7fc1065-79f6-4286-9c9f-ecd3404a0b24{}}#advgb-col-c01ddfcc-65fd-433f-b4fc-4514675ffbb1>.advgb-column-inner{}@media screen and (max-width: 1023px) {#advgb-col-c01ddfcc-65fd-433f-b4fc-4514675ffbb1>.advgb-column-inner{}}@media screen and (max-width: 767px) {#advgb-col-c01ddfcc-65fd-433f-b4fc-4514675ffbb1>.advgb-column-inner{}}#advgb-col-6b12da6f-ae63-4f79-8b97-c850b1eb0427>.advgb-column-inner{}@media screen and (max-width: 1023px) {#advgb-col-6b12da6f-ae63-4f79-8b97-c850b1eb0427>.advgb-column-inner{}}@media screen and (max-width: 767px) {#advgb-col-6b12da6f-ae63-4f79-8b97-c850b1eb0427>.advgb-column-inner{}}#advgb-cols-fcbc1649-f188-4bc4-90c2-4d400bc91509{}@media screen and (max-width: 1023px) {#advgb-cols-fcbc1649-f188-4bc4-90c2-4d400bc91509{}}@media screen and (max-width: 767px) {#advgb-cols-fcbc1649-f188-4bc4-90c2-4d400bc91509{}}#advgb-col-6b12da6f-ae63-4f79-8b97-c850b1eb0427>.advgb-column-inner{}@media screen and (max-width: 1023px) {#advgb-col-6b12da6f-ae63-4f79-8b97-c850b1eb0427>.advgb-column-inner{}}@media screen and (max-width: 767px) {#advgb-col-6b12da6f-ae63-4f79-8b97-c850b1eb0427>.advgb-column-inner{}}<\/style>","protected":false},"excerpt":{"rendered":"","protected":false},"author":1,"featured_media":0,"parent":138,"menu_order":0,"comment_status":"closed","ping_status":"closed","template":"","meta":{"_acf_changed":false,"advgb_blocks_editor_width":"","advgb_blocks_columns_visual_guide":"","_monsterinsights_skip_tracking":false,"_monsterinsights_sitenote_active":false,"_monsterinsights_sitenote_note":"","_monsterinsights_sitenote_category":0,"footnotes":""},"class_list":["post-543","page","type-page","status-publish","hentry"],"acf":[],"yoast_head":"<!-- This site is optimized with the Yoast SEO plugin v26.9 - https:\/\/yoast.com\/product\/yoast-seo-wordpress\/ -->\n<title>Contacto - UQAM<\/title>\n<meta name=\"description\" content=\"Contacto - Universit\u00e9 du Qu\u00e9bec \u00e0 Montr\u00e9al - UQAM\" \/>\n<meta name=\"robots\" content=\"index, follow, max-snippet:-1, max-image-preview:large, max-video-preview:-1\" \/>\n<link rel=\"canonical\" href=\"https:\/\/uqam.ca\/es\/informacion\/contacto\/\" \/>\n<meta property=\"og:locale\" content=\"es_ES\" \/>\n<meta property=\"og:type\" content=\"article\" \/>\n<meta property=\"og:title\" content=\"Contacto - UQAM\" \/>\n<meta property=\"og:description\" content=\"Contacto - Universit\u00e9 du Qu\u00e9bec \u00e0 Montr\u00e9al - UQAM\" \/>\n<meta property=\"og:url\" content=\"https:\/\/uqam.ca\/es\/informacion\/contacto\/\" \/>\n<meta property=\"og:site_name\" content=\"Universit\u00e9 du Qu\u00e9bec \u00e0 Montr\u00e9al\" \/>\n<meta property=\"article:publisher\" content=\"http:\/\/www.facebook.com\/uqam1\" \/>\n<meta property=\"article:modified_time\" content=\"2020-06-22T14:13:24+00:00\" \/>\n<meta property=\"og:image\" content=\"https:\/\/ressources-medias.uqam.ca\/media\/uploads\/20200306151917\/campuscentral.jpg\" \/>\n\t<meta property=\"og:image:width\" content=\"1080\" \/>\n\t<meta property=\"og:image:height\" content=\"763\" \/>\n\t<meta property=\"og:image:type\" content=\"image\/jpeg\" \/>\n<meta name=\"twitter:card\" content=\"summary_large_image\" \/>\n<meta name=\"twitter:site\" content=\"@uqam\" \/>\n<meta name=\"twitter:label1\" content=\"Tiempo de lectura\" \/>\n\t<meta name=\"twitter:data1\" content=\"1 minuto\" \/>\n<script type=\"application\/ld+json\" class=\"yoast-schema-graph\">{\"@context\":\"https:\/\/schema.org\",\"@graph\":[{\"@type\":\"WebPage\",\"@id\":\"https:\/\/uqam.ca\/es\/informacion\/contacto\/\",\"url\":\"https:\/\/uqam.ca\/es\/informacion\/contacto\/\",\"name\":\"Contacto - UQAM\",\"isPartOf\":{\"@id\":\"https:\/\/uqam.ca\/#website\"},\"datePublished\":\"2019-07-29T20:50:51+00:00\",\"dateModified\":\"2020-06-22T14:13:24+00:00\",\"description\":\"Contacto - Universit\u00e9 du Qu\u00e9bec \u00e0 Montr\u00e9al - UQAM\",\"breadcrumb\":{\"@id\":\"https:\/\/uqam.ca\/es\/informacion\/contacto\/#breadcrumb\"},\"inLanguage\":\"es\",\"potentialAction\":[{\"@type\":\"ReadAction\",\"target\":[\"https:\/\/uqam.ca\/es\/informacion\/contacto\/\"]}]},{\"@type\":\"BreadcrumbList\",\"@id\":\"https:\/\/uqam.ca\/es\/informacion\/contacto\/#breadcrumb\",\"itemListElement\":[{\"@type\":\"ListItem\",\"position\":1,\"name\":\"UQAM\",\"item\":\"https:\/\/uqam.ca\"},{\"@type\":\"ListItem\",\"position\":2,\"name\":\"Universit\u00e9 du Qu\u00e9bec \u00e0 Montr\u00e9al\",\"item\":\"https:\/\/uqam.ca\/es\/\"},{\"@type\":\"ListItem\",\"position\":3,\"name\":\"Informaci\u00f3n en espa\u00f1ol\",\"item\":\"https:\/\/uqam.ca\/es\/informacion\/\"},{\"@type\":\"ListItem\",\"position\":4,\"name\":\"Contacto\"}]},{\"@type\":\"WebSite\",\"@id\":\"https:\/\/uqam.ca\/#website\",\"url\":\"https:\/\/uqam.ca\/\",\"name\":\"Universit\u00e9 du Qu\u00e9bec \u00e0 Montr\u00e9al\",\"description\":\"UQAM\",\"publisher\":{\"@id\":\"https:\/\/uqam.ca\/#organization\"},\"potentialAction\":[{\"@type\":\"SearchAction\",\"target\":{\"@type\":\"EntryPoint\",\"urlTemplate\":\"https:\/\/uqam.ca\/?s={search_term_string}\"},\"query-input\":{\"@type\":\"PropertyValueSpecification\",\"valueRequired\":true,\"valueName\":\"search_term_string\"}}],\"inLanguage\":\"es\"},{\"@type\":\"Organization\",\"@id\":\"https:\/\/uqam.ca\/#organization\",\"name\":\"UQAM | Universit\u00e9 du Qu\u00e9bec \u00e0 Montr\u00e9al\",\"url\":\"https:\/\/uqam.ca\/\",\"logo\":{\"@type\":\"ImageObject\",\"inLanguage\":\"es\",\"@id\":\"https:\/\/uqam.ca\/#\/schema\/logo\/image\/\",\"url\":\"https:\/\/ressources-medias.uqam.ca\/media\/uploads\/20200306145948\/uqambleu.jpg\",\"contentUrl\":\"https:\/\/ressources-medias.uqam.ca\/media\/uploads\/20200306145948\/uqambleu.jpg\",\"width\":400,\"height\":400,\"caption\":\"UQAM | Universit\u00e9 du Qu\u00e9bec \u00e0 Montr\u00e9al\"},\"image\":{\"@id\":\"https:\/\/uqam.ca\/#\/schema\/logo\/image\/\"},\"sameAs\":[\"http:\/\/www.facebook.com\/uqam1\",\"https:\/\/x.com\/uqam\",\"http:\/\/www.instagram.com\/uqam\",\"http:\/\/www.linkedin.com\/school\/uqam\/\",\"http:\/\/www.pinterest.ca\/uqam\/\",\"http:\/\/www.youtube.com\/user\/UQAMtv\"]}]}<\/script>\n<!-- \/ Yoast SEO plugin. -->","yoast_head_json":{"title":"Contacto - UQAM","description":"Contacto - Universit\u00e9 du Qu\u00e9bec \u00e0 Montr\u00e9al - UQAM","robots":{"index":"index","follow":"follow","max-snippet":"max-snippet:-1","max-image-preview":"max-image-preview:large","max-video-preview":"max-video-preview:-1"},"canonical":"https:\/\/uqam.ca\/es\/informacion\/contacto\/","og_locale":"es_ES","og_type":"article","og_title":"Contacto - UQAM","og_description":"Contacto - Universit\u00e9 du Qu\u00e9bec \u00e0 Montr\u00e9al - UQAM","og_url":"https:\/\/uqam.ca\/es\/informacion\/contacto\/","og_site_name":"Universit\u00e9 du Qu\u00e9bec \u00e0 Montr\u00e9al","article_publisher":"http:\/\/www.facebook.com\/uqam1","article_modified_time":"2020-06-22T14:13:24+00:00","og_image":[{"width":1080,"height":763,"url":"https:\/\/ressources-medias.uqam.ca\/media\/uploads\/20200306151917\/campuscentral.jpg","type":"image\/jpeg"}],"twitter_card":"summary_large_image","twitter_site":"@uqam","twitter_misc":{"Tiempo de lectura":"1 minuto"},"schema":{"@context":"https:\/\/schema.org","@graph":[{"@type":"WebPage","@id":"https:\/\/uqam.ca\/es\/informacion\/contacto\/","url":"https:\/\/uqam.ca\/es\/informacion\/contacto\/","name":"Contacto - UQAM","isPartOf":{"@id":"https:\/\/uqam.ca\/#website"},"datePublished":"2019-07-29T20:50:51+00:00","dateModified":"2020-06-22T14:13:24+00:00","description":"Contacto - Universit\u00e9 du Qu\u00e9bec \u00e0 Montr\u00e9al - UQAM","breadcrumb":{"@id":"https:\/\/uqam.ca\/es\/informacion\/contacto\/#breadcrumb"},"inLanguage":"es","potentialAction":[{"@type":"ReadAction","target":["https:\/\/uqam.ca\/es\/informacion\/contacto\/"]}]},{"@type":"BreadcrumbList","@id":"https:\/\/uqam.ca\/es\/informacion\/contacto\/#breadcrumb","itemListElement":[{"@type":"ListItem","position":1,"name":"UQAM","item":"https:\/\/uqam.ca"},{"@type":"ListItem","position":2,"name":"Universit\u00e9 du Qu\u00e9bec \u00e0 Montr\u00e9al","item":"https:\/\/uqam.ca\/es\/"},{"@type":"ListItem","position":3,"name":"Informaci\u00f3n en espa\u00f1ol","item":"https:\/\/uqam.ca\/es\/informacion\/"},{"@type":"ListItem","position":4,"name":"Contacto"}]},{"@type":"WebSite","@id":"https:\/\/uqam.ca\/#website","url":"https:\/\/uqam.ca\/","name":"Universit\u00e9 du Qu\u00e9bec \u00e0 Montr\u00e9al","description":"UQAM","publisher":{"@id":"https:\/\/uqam.ca\/#organization"},"potentialAction":[{"@type":"SearchAction","target":{"@type":"EntryPoint","urlTemplate":"https:\/\/uqam.ca\/?s={search_term_string}"},"query-input":{"@type":"PropertyValueSpecification","valueRequired":true,"valueName":"search_term_string"}}],"inLanguage":"es"},{"@type":"Organization","@id":"https:\/\/uqam.ca\/#organization","name":"UQAM | Universit\u00e9 du Qu\u00e9bec \u00e0 Montr\u00e9al","url":"https:\/\/uqam.ca\/","logo":{"@type":"ImageObject","inLanguage":"es","@id":"https:\/\/uqam.ca\/#\/schema\/logo\/image\/","url":"https:\/\/ressources-medias.uqam.ca\/media\/uploads\/20200306145948\/uqambleu.jpg","contentUrl":"https:\/\/ressources-medias.uqam.ca\/media\/uploads\/20200306145948\/uqambleu.jpg","width":400,"height":400,"caption":"UQAM | Universit\u00e9 du Qu\u00e9bec \u00e0 Montr\u00e9al"},"image":{"@id":"https:\/\/uqam.ca\/#\/schema\/logo\/image\/"},"sameAs":["http:\/\/www.facebook.com\/uqam1","https:\/\/x.com\/uqam","http:\/\/www.instagram.com\/uqam","http:\/\/www.linkedin.com\/school\/uqam\/","http:\/\/www.pinterest.ca\/uqam\/","http:\/\/www.youtube.com\/user\/UQAMtv"]}]}},"coauthors":[],"author_meta":{"author_link":"https:\/\/uqam.ca\/es\/author\/audiovisuel_admin\/","display_name":"audiovisuel_admin"},"relative_dates":{"created":"Publicado 7 a\u00f1os hace","modified":"Actualizado 6 a\u00f1os hace"},"absolute_dates":{"created":"Publicado el 29 julio","modified":"Actualizado el 22 junio"},"absolute_dates_time":{"created":"Publicado el 29 julio 8:50 pm","modified":"Actualizado el 22 junio 10:13 am"},"featured_img_caption":"","featured_img":false,"series_order":"","_links":{"self":[{"href":"https:\/\/uqam.ca\/es\/wp-json\/wp\/v2\/pages\/543","targetHints":{"allow":["GET"]}}],"collection":[{"href":"https:\/\/uqam.ca\/es\/wp-json\/wp\/v2\/pages"}],"about":[{"href":"https:\/\/uqam.ca\/es\/wp-json\/wp\/v2\/types\/page"}],"author":[{"embeddable":true,"href":"https:\/\/uqam.ca\/es\/wp-json\/wp\/v2\/users\/1"}],"replies":[{"embeddable":true,"href":"https:\/\/uqam.ca\/es\/wp-json\/wp\/v2\/comments?post=543"}],"version-history":[{"count":13,"href":"https:\/\/uqam.ca\/es\/wp-json\/wp\/v2\/pages\/543\/revisions"}],"predecessor-version":[{"id":2381,"href":"https:\/\/uqam.ca\/es\/wp-json\/wp\/v2\/pages\/543\/revisions\/2381"}],"up":[{"embeddable":true,"href":"https:\/\/uqam.ca\/es\/wp-json\/wp\/v2\/pages\/138"}],"wp:attachment":[{"href":"https:\/\/uqam.ca\/es\/wp-json\/wp\/v2\/media?parent=543"}],"curies":[{"name":"wp","href":"https:\/\/api.w.org\/{rel}","templated":true}]}}