{"id":534,"date":"2019-07-23T19:06:54","date_gmt":"2019-07-23T19:06:54","guid":{"rendered":"https:\/\/uqam.dev.uqam.ca\/?page_id=534"},"modified":"2026-02-20T16:06:22","modified_gmt":"2026-02-20T21:06:22","slug":"difusion","status":"publish","type":"page","link":"https:\/\/uqam.ca\/es\/informacion\/difusion\/","title":{"rendered":"Espacios de difusi\u00f3n de artes y ciencias"},"content":{"rendered":"\n<div class=\"wp-block-columns is-layout-flex wp-container-core-columns-is-layout-9d6595d7 wp-block-columns-is-layout-flex\">\n<div class=\"wp-block-column is-layout-flow wp-block-column-is-layout-flow\">\n<figure class=\"wp-block-image\"><a href=\"http:\/\/coeurdessciences.uqam.ca\/\"><img loading=\"lazy\" decoding=\"async\" width=\"667\" height=\"667\" src=\"https:\/\/ressources-medias.uqam.ca\/media\/uploads\/20200127164725\/coeurDesSciences.jpg\" alt=\"\" class=\"wp-image-1686\" srcset=\"https:\/\/ressources-medias.uqam.ca\/media\/uploads\/20200127164725\/coeurDesSciences.jpg 667w, https:\/\/ressources-medias.uqam.ca\/media\/uploads\/20200127164725\/coeurDesSciences-150x150.jpg 150w, https:\/\/ressources-medias.uqam.ca\/media\/uploads\/20200127164725\/coeurDesSciences-300x300.jpg 300w\" sizes=\"auto, (max-width: 667px) 100vw, 667px\" \/><\/a><\/figure>\n\n\n\n<h2 class=\"wp-block-heading\">C\u0153ur des sciences<\/h2>\n\n\n\n<p>El C\u0153ur des sciences tiene por misi\u00f3n contribuir al desarrollo de la cultura cient\u00edfica del p\u00fablico en general. Permite adem\u00e1s a la poblaci\u00f3n intercambiar puntos de vista y debatir sobre problem\u00e1ticas sociales, pol\u00edticas y econ\u00f3micas relacionadas con la ciencia y la tecnolog\u00eda.<\/p>\n\n\n\n<p class=\"lienExterne\"><a href=\"http:\/\/coeurdessciences.uqam.ca\/\">Sitio del C\u0153ur des sciences<\/a><\/p>\n<\/div>\n\n\n\n<div class=\"wp-block-column is-layout-flow wp-block-column-is-layout-flow\">\n<figure class=\"wp-block-image\"><a href=\"http:\/\/www.centrededesign.com\/\"><img loading=\"lazy\" decoding=\"async\" width=\"730\" height=\"730\" src=\"https:\/\/ressources-medias.uqam.ca\/media\/uploads\/20200127164732\/lieu2.jpg\" alt=\"Centre de design\" class=\"wp-image-556\" srcset=\"https:\/\/ressources-medias.uqam.ca\/media\/uploads\/20200127164732\/lieu2.jpg 730w, https:\/\/ressources-medias.uqam.ca\/media\/uploads\/20200127164732\/lieu2-150x150.jpg 150w, https:\/\/ressources-medias.uqam.ca\/media\/uploads\/20200127164732\/lieu2-300x300.jpg 300w\" sizes=\"auto, (max-width: 730px) 100vw, 730px\" \/><\/a><\/figure>\n\n\n\n<h2 class=\"wp-block-heading\">Centre de design<\/h2>\n\n\n\n<p>El Centre de design, un espacio dedicado a la promoci\u00f3n y al reconocimiento del dise\u00f1o, presenta exposiciones que ilustran las tendencias hist\u00f3ricas y actuales en los \u00e1mbitos del dise\u00f1o gr\u00e1fico, industrial, urbano, de la arquitectura y la moda.<\/p>\n\n\n\n<p class=\"lienExterne\"><a href=\"http:\/\/www.centrededesign.com\/\">Sitio del Centre de design<\/a><\/p>\n<\/div>\n\n\n\n<div class=\"wp-block-column is-layout-flow wp-block-column-is-layout-flow\">\n<figure class=\"wp-block-image\"><a href=\"https:\/\/galerie.uqam.ca\/\"><img loading=\"lazy\" decoding=\"async\" width=\"730\" height=\"730\" src=\"https:\/\/ressources-medias.uqam.ca\/media\/uploads\/20200127164732\/lieu3.jpg\" alt=\"Galerie de l'UQAM\" class=\"wp-image-560\" srcset=\"https:\/\/ressources-medias.uqam.ca\/media\/uploads\/20200127164732\/lieu3.jpg 730w, https:\/\/ressources-medias.uqam.ca\/media\/uploads\/20200127164732\/lieu3-150x150.jpg 150w, https:\/\/ressources-medias.uqam.ca\/media\/uploads\/20200127164732\/lieu3-300x300.jpg 300w\" sizes=\"auto, (max-width: 730px) 100vw, 730px\" \/><\/a><\/figure>\n\n\n\n<h2 class=\"wp-block-heading\">Galerie de l&#8217;UQAM<\/h2>\n\n\n\n<p>La Galerie de l\u2019UQAM produce y presenta exposiciones de arte contempor\u00e1neo quebequense, canadiense e internacional, la mayor\u00eda de los cuales realizadas por comisarios reconocidos.<\/p>\n\n\n\n<p class=\"lienExterne\"><a href=\"https:\/\/galerie.uqam.ca\/\">Sitio de la Galerie de l\u2019UQAM<\/a><\/p>\n<\/div>\n<\/div>\n\n\n\n<div class=\"wp-block-columns pt-6 is-layout-flex wp-container-core-columns-is-layout-9d6595d7 wp-block-columns-is-layout-flex\">\n<div class=\"wp-block-column is-layout-flow wp-block-column-is-layout-flow\">\n<figure class=\"wp-block-image\"><a href=\"https:\/\/evenements.uqam.ca\/\"><img loading=\"lazy\" decoding=\"async\" width=\"707\" height=\"707\" src=\"https:\/\/ressources-medias.uqam.ca\/media\/uploads\/20200127164725\/espacesPublicsExterieurs.jpg\" alt=\"\" class=\"wp-image-1690\" srcset=\"https:\/\/ressources-medias.uqam.ca\/media\/uploads\/20200127164725\/espacesPublicsExterieurs.jpg 707w, https:\/\/ressources-medias.uqam.ca\/media\/uploads\/20200127164725\/espacesPublicsExterieurs-150x150.jpg 150w, https:\/\/ressources-medias.uqam.ca\/media\/uploads\/20200127164725\/espacesPublicsExterieurs-300x300.jpg 300w\" sizes=\"auto, (max-width: 707px) 100vw, 707px\" \/><\/a><\/figure>\n\n\n\n<h2 class=\"wp-block-heading\">Espacios P\u00fablicos Exteriores<\/h2>\n\n\n\n<p>Los espacios p\u00fablicos exteriores incluyen la Place Pasteur, situada frente al pabell\u00f3n Athanase-David, el campanario del pabell\u00f3n Judith-Jasmin, as\u00ed como las fachadas de los pabellones de Dise\u00f1o y Pr\u00e9sident-Kennedy. Cada a\u00f1o proyectos de ocupaci\u00f3n y de proyecciones arquitect\u00f3nicas se apoderan de estos lugares.<\/p>\n\n\n\n<p class=\"lienExterne\"><a href=\"https:\/\/evenements.uqam.ca\/\">Calendario cultural<\/a><\/p>\n<\/div>\n\n\n\n<div class=\"wp-block-column is-layout-flow wp-block-column-is-layout-flow\">\n<figure class=\"wp-block-image\"><a href=\"http:\/\/www.danse.uqam.ca\/\"><img loading=\"lazy\" decoding=\"async\" width=\"730\" height=\"730\" src=\"https:\/\/ressources-medias.uqam.ca\/media\/uploads\/20200127164732\/lieu5.jpg\" alt=\"Pabell\u00f3n de Danza\" class=\"wp-image-568\" srcset=\"https:\/\/ressources-medias.uqam.ca\/media\/uploads\/20200127164732\/lieu5.jpg 730w, https:\/\/ressources-medias.uqam.ca\/media\/uploads\/20200127164732\/lieu5-150x150.jpg 150w, https:\/\/ressources-medias.uqam.ca\/media\/uploads\/20200127164732\/lieu5-300x300.jpg 300w\" sizes=\"auto, (max-width: 730px) 100vw, 730px\" \/><\/a><\/figure>\n\n\n\n<h2 class=\"wp-block-heading\">Pabell\u00f3n de Danza<\/h2>\n\n\n\n<p>El Pabell\u00f3n de Danza incluye dos salas muy funcionales. Estas salas, abiertas al p\u00fablico, las utilizan tanto la UQAM como las compa\u00f1\u00edas de danza y los bailarines independientes.<\/p>\n\n\n\n<p class=\"lienExterne\"><a href=\"http:\/\/www.danse.uqam.ca\/\">Sitio del Departamento de Danza<\/a><\/p>\n<\/div>\n\n\n\n<div class=\"wp-block-column is-layout-flow wp-block-column-is-layout-flow\">\n<figure class=\"wp-block-image\"><a href=\"http:\/\/cdex.uqam.ca\/\"><img loading=\"lazy\" decoding=\"async\" width=\"708\" height=\"708\" src=\"https:\/\/ressources-medias.uqam.ca\/media\/uploads\/20200127164725\/CDEx.jpg\" alt=\"\" class=\"wp-image-1682\" srcset=\"https:\/\/ressources-medias.uqam.ca\/media\/uploads\/20200127164725\/CDEx.jpg 708w, https:\/\/ressources-medias.uqam.ca\/media\/uploads\/20200127164725\/CDEx-150x150.jpg 150w, https:\/\/ressources-medias.uqam.ca\/media\/uploads\/20200127164725\/CDEx-300x300.jpg 300w\" sizes=\"auto, (max-width: 708px) 100vw, 708px\" \/><\/a><\/figure>\n\n\n\n<h2 class=\"wp-block-heading\">Centre de diffusion et d&#8217;exp\u00e9rimentation (CDEx)<\/h2>\n\n\n\n<p>El CDEx, situado en la esquina de las calles Saint-Denis y Sainte-Catherine, es un lugar de exposici\u00f3n y experimentaci\u00f3n para los estudiantes de maestr\u00eda en artes visuales y medi\u00e1ticas y para los estudiantes de doctorado. Asimismo, personas ajenas a estos dos programas pueden presentar all\u00ed sus proyectos.<\/p>\n\n\n\n<p class=\"lienExterne\"><a href=\"http:\/\/cdex.uqam.ca\/\">Sitio del CDEx<\/a><\/p>\n<\/div>\n<\/div>\n\n\n\n<div class=\"wp-block-columns pt-6 is-layout-flex wp-container-core-columns-is-layout-9d6595d7 wp-block-columns-is-layout-flex\">\n<div class=\"wp-block-column is-layout-flow wp-block-column-is-layout-flow\">\n<figure class=\"wp-block-image\"><a href=\"http:\/\/www.centrepierrepeladeau.uqam.ca\/\"><img loading=\"lazy\" decoding=\"async\" width=\"730\" height=\"730\" src=\"https:\/\/ressources-medias.uqam.ca\/media\/uploads\/20200127164732\/lieu7.jpg\" alt=\"Centre Pierre-P\u00e9ladeau (salle Pierre-Mercure)\" class=\"wp-image-576\" srcset=\"https:\/\/ressources-medias.uqam.ca\/media\/uploads\/20200127164732\/lieu7.jpg 730w, https:\/\/ressources-medias.uqam.ca\/media\/uploads\/20200127164732\/lieu7-150x150.jpg 150w, https:\/\/ressources-medias.uqam.ca\/media\/uploads\/20200127164732\/lieu7-300x300.jpg 300w\" sizes=\"auto, (max-width: 730px) 100vw, 730px\" \/><\/a><\/figure>\n\n\n\n<h2 class=\"wp-block-heading\">Centre Pierre-P\u00e9ladeau (salle Pierre-Mercure)<\/h2>\n\n\n\n<p>El Centre Pierre-P\u00e9ladeau, inaugurado en octubre de 1992, est\u00e1 considerado como un importante espacio de difusi\u00f3n y producci\u00f3n de las artes esc\u00e9nicas de Montreal.<\/p>\n\n\n\n<p class=\"lienExterne\"><a href=\"http:\/\/www.centrepierrepeladeau.uqam.ca\/\">Sitio del Centre Pierre-P\u00e9ladeau<\/a><\/p>\n<\/div>\n\n\n\n<div class=\"wp-block-column is-layout-flow wp-block-column-is-layout-flow\">\n<figure class=\"wp-block-image\"><a href=\"https:\/\/theatre.uqam.ca\/lecole\/location-de-salles\/studio-theatre-alfred-laliberte\/\"><img loading=\"lazy\" decoding=\"async\" width=\"730\" height=\"730\" src=\"https:\/\/ressources-medias.uqam.ca\/media\/uploads\/20200127164731\/lieu9.jpg\" alt=\"Studio-th\u00e9\u00e2tre Alfred-Lalibert\u00e9\" class=\"wp-image-584\" srcset=\"https:\/\/ressources-medias.uqam.ca\/media\/uploads\/20200127164731\/lieu9.jpg 730w, https:\/\/ressources-medias.uqam.ca\/media\/uploads\/20200127164731\/lieu9-150x150.jpg 150w, https:\/\/ressources-medias.uqam.ca\/media\/uploads\/20200127164731\/lieu9-300x300.jpg 300w\" sizes=\"auto, (max-width: 730px) 100vw, 730px\" \/><\/a><\/figure>\n\n\n\n<h2 class=\"wp-block-heading\">Sala de teatro<\/h2>\n\n\n\n<p>El Studio-d&#8217;essai Claude-Gauvreau sirve como sede de espect\u00e1culos, coloquios, congresos, conferencias y asambleas p\u00fablicas.<\/p>\n\n\n\n<p class=\"lienExterne\"><a href=\"https:\/\/theatre.uqam.ca\/lecole\/location-de-salles\/studio-dessai-claude-gauvreau\">Alquiler de esta sala<\/a><\/p>\n<\/div>\n\n\n\n<div class=\"wp-block-column is-layout-flow wp-block-column-is-layout-flow\">\n<figure class=\"wp-block-image\"><a href=\"http:\/\/www.audiovisuel.uqam.ca\/services\/cinemas.asp\"><img loading=\"lazy\" decoding=\"async\" width=\"730\" height=\"730\" src=\"https:\/\/ressources-medias.uqam.ca\/media\/uploads\/20200127164731\/lieu8.jpg\" alt=\"Salas de cine\" class=\"wp-image-580\" srcset=\"https:\/\/ressources-medias.uqam.ca\/media\/uploads\/20200127164731\/lieu8.jpg 730w, https:\/\/ressources-medias.uqam.ca\/media\/uploads\/20200127164731\/lieu8-150x150.jpg 150w, https:\/\/ressources-medias.uqam.ca\/media\/uploads\/20200127164731\/lieu8-300x300.jpg 300w\" sizes=\"auto, (max-width: 730px) 100vw, 730px\" \/><\/a><\/figure>\n\n\n\n<h2 class=\"wp-block-heading\">Salas de cine<\/h2>\n\n\n\n<p>El Servicio de Audiovisual cuenta con dos salas de cine situadas en el pabell\u00f3n Judith-Jasmin Annexe, sito en la calle Saint-Denis, No 1564, en pleno coraz\u00f3n del Barrio Latino. <\/p>\n\n\n\n<p class=\"lienExterne\"><\/p>\n<\/div>\n<\/div>\n","protected":false},"excerpt":{"rendered":"<p>C\u0153ur des sciences El C\u0153ur des sciences tiene por misi\u00f3n contribuir al desarrollo de la cultura cient\u00edfica del p\u00fablico en general. Permite adem\u00e1s a la poblaci\u00f3n intercambiar puntos de vista y debatir sobre problem\u00e1ticas sociales, pol\u00edticas y econ\u00f3micas relacionadas con la ciencia y la tecnolog\u00eda. Sitio del C\u0153ur des sciences Centre de design El Centre [&hellip;]<\/p>\n","protected":false},"author":1,"featured_media":0,"parent":138,"menu_order":0,"comment_status":"closed","ping_status":"closed","template":"","meta":{"_acf_changed":false,"advgb_blocks_editor_width":"","advgb_blocks_columns_visual_guide":"","_monsterinsights_skip_tracking":false,"_monsterinsights_sitenote_active":false,"_monsterinsights_sitenote_note":"","_monsterinsights_sitenote_category":0,"footnotes":""},"class_list":["post-534","page","type-page","status-publish","hentry"],"acf":[],"yoast_head":"<!-- This site is optimized with the Yoast SEO plugin v26.9 - https:\/\/yoast.com\/product\/yoast-seo-wordpress\/ -->\n<title>Espacios de difusi\u00f3n de artes y ciencias - UQAM<\/title>\n<meta name=\"description\" content=\"Espacios de difusi\u00f3n de artes y ciencias - Universit\u00e9 du Qu\u00e9bec \u00e0 Montr\u00e9al - UQAM\" \/>\n<meta name=\"robots\" content=\"index, follow, max-snippet:-1, max-image-preview:large, max-video-preview:-1\" \/>\n<link rel=\"canonical\" href=\"https:\/\/uqam.ca\/es\/informacion\/difusion\/\" \/>\n<meta property=\"og:locale\" content=\"es_ES\" \/>\n<meta property=\"og:type\" content=\"article\" \/>\n<meta property=\"og:title\" content=\"Espacios de difusi\u00f3n de artes y ciencias - UQAM\" \/>\n<meta property=\"og:description\" content=\"Espacios de difusi\u00f3n de artes y ciencias - Universit\u00e9 du Qu\u00e9bec \u00e0 Montr\u00e9al - UQAM\" \/>\n<meta property=\"og:url\" content=\"https:\/\/uqam.ca\/es\/informacion\/difusion\/\" \/>\n<meta property=\"og:site_name\" content=\"Universit\u00e9 du Qu\u00e9bec \u00e0 Montr\u00e9al\" \/>\n<meta property=\"article:publisher\" content=\"http:\/\/www.facebook.com\/uqam1\" \/>\n<meta property=\"article:modified_time\" content=\"2026-02-20T21:06:22+00:00\" \/>\n<meta property=\"og:image\" content=\"https:\/\/uqam.ca\/wp-content\/uploads\/coeurDesSciences.jpg\" \/>\n<meta name=\"twitter:card\" content=\"summary_large_image\" \/>\n<meta name=\"twitter:site\" content=\"@uqam\" \/>\n<meta name=\"twitter:label1\" content=\"Tiempo de lectura\" \/>\n\t<meta name=\"twitter:data1\" content=\"8 minutos\" \/>\n<script type=\"application\/ld+json\" class=\"yoast-schema-graph\">{\"@context\":\"https:\/\/schema.org\",\"@graph\":[{\"@type\":\"WebPage\",\"@id\":\"https:\/\/uqam.ca\/es\/informacion\/difusion\/\",\"url\":\"https:\/\/uqam.ca\/es\/informacion\/difusion\/\",\"name\":\"Espacios de difusi\u00f3n de artes y ciencias - UQAM\",\"isPartOf\":{\"@id\":\"https:\/\/uqam.ca\/#website\"},\"primaryImageOfPage\":{\"@id\":\"https:\/\/uqam.ca\/es\/informacion\/difusion\/#primaryimage\"},\"image\":{\"@id\":\"https:\/\/uqam.ca\/es\/informacion\/difusion\/#primaryimage\"},\"thumbnailUrl\":\"https:\/\/uqam.ca\/wp-content\/uploads\/coeurDesSciences.jpg\",\"datePublished\":\"2019-07-23T19:06:54+00:00\",\"dateModified\":\"2026-02-20T21:06:22+00:00\",\"description\":\"Espacios de difusi\u00f3n de artes y ciencias - Universit\u00e9 du Qu\u00e9bec \u00e0 Montr\u00e9al - UQAM\",\"breadcrumb\":{\"@id\":\"https:\/\/uqam.ca\/es\/informacion\/difusion\/#breadcrumb\"},\"inLanguage\":\"es\",\"potentialAction\":[{\"@type\":\"ReadAction\",\"target\":[\"https:\/\/uqam.ca\/es\/informacion\/difusion\/\"]}]},{\"@type\":\"ImageObject\",\"inLanguage\":\"es\",\"@id\":\"https:\/\/uqam.ca\/es\/informacion\/difusion\/#primaryimage\",\"url\":\"https:\/\/uqam.ca\/wp-content\/uploads\/coeurDesSciences.jpg\",\"contentUrl\":\"https:\/\/uqam.ca\/wp-content\/uploads\/coeurDesSciences.jpg\"},{\"@type\":\"BreadcrumbList\",\"@id\":\"https:\/\/uqam.ca\/es\/informacion\/difusion\/#breadcrumb\",\"itemListElement\":[{\"@type\":\"ListItem\",\"position\":1,\"name\":\"UQAM\",\"item\":\"https:\/\/uqam.ca\"},{\"@type\":\"ListItem\",\"position\":2,\"name\":\"Universit\u00e9 du Qu\u00e9bec \u00e0 Montr\u00e9al\",\"item\":\"https:\/\/uqam.ca\/es\/\"},{\"@type\":\"ListItem\",\"position\":3,\"name\":\"Informaci\u00f3n en espa\u00f1ol\",\"item\":\"https:\/\/uqam.ca\/es\/informacion\/\"},{\"@type\":\"ListItem\",\"position\":4,\"name\":\"Espacios de difusi\u00f3n de artes y ciencias\"}]},{\"@type\":\"WebSite\",\"@id\":\"https:\/\/uqam.ca\/#website\",\"url\":\"https:\/\/uqam.ca\/\",\"name\":\"Universit\u00e9 du Qu\u00e9bec \u00e0 Montr\u00e9al\",\"description\":\"UQAM\",\"publisher\":{\"@id\":\"https:\/\/uqam.ca\/#organization\"},\"potentialAction\":[{\"@type\":\"SearchAction\",\"target\":{\"@type\":\"EntryPoint\",\"urlTemplate\":\"https:\/\/uqam.ca\/?s={search_term_string}\"},\"query-input\":{\"@type\":\"PropertyValueSpecification\",\"valueRequired\":true,\"valueName\":\"search_term_string\"}}],\"inLanguage\":\"es\"},{\"@type\":\"Organization\",\"@id\":\"https:\/\/uqam.ca\/#organization\",\"name\":\"UQAM | Universit\u00e9 du Qu\u00e9bec \u00e0 Montr\u00e9al\",\"url\":\"https:\/\/uqam.ca\/\",\"logo\":{\"@type\":\"ImageObject\",\"inLanguage\":\"es\",\"@id\":\"https:\/\/uqam.ca\/#\/schema\/logo\/image\/\",\"url\":\"https:\/\/ressources-medias.uqam.ca\/media\/uploads\/20200306145948\/uqambleu.jpg\",\"contentUrl\":\"https:\/\/ressources-medias.uqam.ca\/media\/uploads\/20200306145948\/uqambleu.jpg\",\"width\":400,\"height\":400,\"caption\":\"UQAM | Universit\u00e9 du Qu\u00e9bec \u00e0 Montr\u00e9al\"},\"image\":{\"@id\":\"https:\/\/uqam.ca\/#\/schema\/logo\/image\/\"},\"sameAs\":[\"http:\/\/www.facebook.com\/uqam1\",\"https:\/\/x.com\/uqam\",\"http:\/\/www.instagram.com\/uqam\",\"http:\/\/www.linkedin.com\/school\/uqam\/\",\"http:\/\/www.pinterest.ca\/uqam\/\",\"http:\/\/www.youtube.com\/user\/UQAMtv\"]}]}<\/script>\n<!-- \/ Yoast SEO plugin. -->","yoast_head_json":{"title":"Espacios de difusi\u00f3n de artes y ciencias - UQAM","description":"Espacios de difusi\u00f3n de artes y ciencias - Universit\u00e9 du Qu\u00e9bec \u00e0 Montr\u00e9al - UQAM","robots":{"index":"index","follow":"follow","max-snippet":"max-snippet:-1","max-image-preview":"max-image-preview:large","max-video-preview":"max-video-preview:-1"},"canonical":"https:\/\/uqam.ca\/es\/informacion\/difusion\/","og_locale":"es_ES","og_type":"article","og_title":"Espacios de difusi\u00f3n de artes y ciencias - UQAM","og_description":"Espacios de difusi\u00f3n de artes y ciencias - Universit\u00e9 du Qu\u00e9bec \u00e0 Montr\u00e9al - UQAM","og_url":"https:\/\/uqam.ca\/es\/informacion\/difusion\/","og_site_name":"Universit\u00e9 du Qu\u00e9bec \u00e0 Montr\u00e9al","article_publisher":"http:\/\/www.facebook.com\/uqam1","article_modified_time":"2026-02-20T21:06:22+00:00","og_image":[{"url":"https:\/\/uqam.ca\/wp-content\/uploads\/coeurDesSciences.jpg","type":"","width":"","height":""}],"twitter_card":"summary_large_image","twitter_site":"@uqam","twitter_misc":{"Tiempo de lectura":"8 minutos"},"schema":{"@context":"https:\/\/schema.org","@graph":[{"@type":"WebPage","@id":"https:\/\/uqam.ca\/es\/informacion\/difusion\/","url":"https:\/\/uqam.ca\/es\/informacion\/difusion\/","name":"Espacios de difusi\u00f3n de artes y ciencias - UQAM","isPartOf":{"@id":"https:\/\/uqam.ca\/#website"},"primaryImageOfPage":{"@id":"https:\/\/uqam.ca\/es\/informacion\/difusion\/#primaryimage"},"image":{"@id":"https:\/\/uqam.ca\/es\/informacion\/difusion\/#primaryimage"},"thumbnailUrl":"https:\/\/uqam.ca\/wp-content\/uploads\/coeurDesSciences.jpg","datePublished":"2019-07-23T19:06:54+00:00","dateModified":"2026-02-20T21:06:22+00:00","description":"Espacios de difusi\u00f3n de artes y ciencias - Universit\u00e9 du Qu\u00e9bec \u00e0 Montr\u00e9al - UQAM","breadcrumb":{"@id":"https:\/\/uqam.ca\/es\/informacion\/difusion\/#breadcrumb"},"inLanguage":"es","potentialAction":[{"@type":"ReadAction","target":["https:\/\/uqam.ca\/es\/informacion\/difusion\/"]}]},{"@type":"ImageObject","inLanguage":"es","@id":"https:\/\/uqam.ca\/es\/informacion\/difusion\/#primaryimage","url":"https:\/\/uqam.ca\/wp-content\/uploads\/coeurDesSciences.jpg","contentUrl":"https:\/\/uqam.ca\/wp-content\/uploads\/coeurDesSciences.jpg"},{"@type":"BreadcrumbList","@id":"https:\/\/uqam.ca\/es\/informacion\/difusion\/#breadcrumb","itemListElement":[{"@type":"ListItem","position":1,"name":"UQAM","item":"https:\/\/uqam.ca"},{"@type":"ListItem","position":2,"name":"Universit\u00e9 du Qu\u00e9bec \u00e0 Montr\u00e9al","item":"https:\/\/uqam.ca\/es\/"},{"@type":"ListItem","position":3,"name":"Informaci\u00f3n en espa\u00f1ol","item":"https:\/\/uqam.ca\/es\/informacion\/"},{"@type":"ListItem","position":4,"name":"Espacios de difusi\u00f3n de artes y ciencias"}]},{"@type":"WebSite","@id":"https:\/\/uqam.ca\/#website","url":"https:\/\/uqam.ca\/","name":"Universit\u00e9 du Qu\u00e9bec \u00e0 Montr\u00e9al","description":"UQAM","publisher":{"@id":"https:\/\/uqam.ca\/#organization"},"potentialAction":[{"@type":"SearchAction","target":{"@type":"EntryPoint","urlTemplate":"https:\/\/uqam.ca\/?s={search_term_string}"},"query-input":{"@type":"PropertyValueSpecification","valueRequired":true,"valueName":"search_term_string"}}],"inLanguage":"es"},{"@type":"Organization","@id":"https:\/\/uqam.ca\/#organization","name":"UQAM | Universit\u00e9 du Qu\u00e9bec \u00e0 Montr\u00e9al","url":"https:\/\/uqam.ca\/","logo":{"@type":"ImageObject","inLanguage":"es","@id":"https:\/\/uqam.ca\/#\/schema\/logo\/image\/","url":"https:\/\/ressources-medias.uqam.ca\/media\/uploads\/20200306145948\/uqambleu.jpg","contentUrl":"https:\/\/ressources-medias.uqam.ca\/media\/uploads\/20200306145948\/uqambleu.jpg","width":400,"height":400,"caption":"UQAM | Universit\u00e9 du Qu\u00e9bec \u00e0 Montr\u00e9al"},"image":{"@id":"https:\/\/uqam.ca\/#\/schema\/logo\/image\/"},"sameAs":["http:\/\/www.facebook.com\/uqam1","https:\/\/x.com\/uqam","http:\/\/www.instagram.com\/uqam","http:\/\/www.linkedin.com\/school\/uqam\/","http:\/\/www.pinterest.ca\/uqam\/","http:\/\/www.youtube.com\/user\/UQAMtv"]}]}},"coauthors":[],"author_meta":{"author_link":"https:\/\/uqam.ca\/es\/author\/audiovisuel_admin\/","display_name":"audiovisuel_admin"},"relative_dates":{"created":"Publicado 7 a\u00f1os hace","modified":"Actualizado 1 mes hace"},"absolute_dates":{"created":"Publicado el 23 julio","modified":"Actualizado el 20 febrero"},"absolute_dates_time":{"created":"Publicado el 23 julio 7:06 pm","modified":"Actualizado el 20 febrero 4:06 pm"},"featured_img_caption":"","featured_img":false,"series_order":"","_links":{"self":[{"href":"https:\/\/uqam.ca\/es\/wp-json\/wp\/v2\/pages\/534","targetHints":{"allow":["GET"]}}],"collection":[{"href":"https:\/\/uqam.ca\/es\/wp-json\/wp\/v2\/pages"}],"about":[{"href":"https:\/\/uqam.ca\/es\/wp-json\/wp\/v2\/types\/page"}],"author":[{"embeddable":true,"href":"https:\/\/uqam.ca\/es\/wp-json\/wp\/v2\/users\/1"}],"replies":[{"embeddable":true,"href":"https:\/\/uqam.ca\/es\/wp-json\/wp\/v2\/comments?post=534"}],"version-history":[{"count":16,"href":"https:\/\/uqam.ca\/es\/wp-json\/wp\/v2\/pages\/534\/revisions"}],"predecessor-version":[{"id":13039,"href":"https:\/\/uqam.ca\/es\/wp-json\/wp\/v2\/pages\/534\/revisions\/13039"}],"up":[{"embeddable":true,"href":"https:\/\/uqam.ca\/es\/wp-json\/wp\/v2\/pages\/138"}],"wp:attachment":[{"href":"https:\/\/uqam.ca\/es\/wp-json\/wp\/v2\/media?parent=534"}],"curies":[{"name":"wp","href":"https:\/\/api.w.org\/{rel}","templated":true}]}}