{"id":509,"date":"2019-07-23T18:59:40","date_gmt":"2019-07-23T18:59:40","guid":{"rendered":"https:\/\/uqam.dev.uqam.ca\/?page_id=509"},"modified":"2026-03-16T15:14:39","modified_gmt":"2026-03-16T19:14:39","slug":"cifras","status":"publish","type":"page","link":"https:\/\/uqam.ca\/es\/informacion\/cifras\/","title":{"rendered":"La UQAM en cifras"},"content":{"rendered":"\n<hr class=\"wp-block-separator has-css-opacity advgb-dyn-c3f4f0ad\"\/>\n\n\n\n<div class=\"wp-block-columns is-layout-flex wp-container-core-columns-is-layout-9d6595d7 wp-block-columns-is-layout-flex\">\n<div class=\"wp-block-column is-layout-flow wp-block-column-is-layout-flow\">\n<p class=\"has-text-align-center bigText\">34 845<\/p>\n\n\n\n<h2 class=\"wp-block-heading has-text-align-center\">estudiantes<\/h2>\n\n\n\n<p class=\"has-text-align-center smallText\">(trimestre de oto\u00f1o 2025)<\/p>\n\n\n\n<hr class=\"wp-block-separator has-css-opacity dotted advgb-dyn-988e9bb8\"\/>\n<\/div>\n\n\n\n<div class=\"wp-block-column is-layout-flow wp-block-column-is-layout-flow\"><div class=\"visualizer-front-container\" id=\"chart_wrapper_visualizer-2176-1789124221\"><style type=\"text\/css\" name=\"visualizer-custom-css\" id=\"customcss-visualizer-2176\">.locker,.locker-loader{position:absolute;top:0;left:0;width:100%;height:100%}.locker{z-index:1000;opacity:.8;background-color:#fff;-ms-filter:\"progid:DXImageTransform.Microsoft.Alpha(Opacity=80)\";filter:alpha(opacity=80)}.locker-loader{z-index:1001;background:url(https:\/\/uqam.ca\/wp-content\/plugins\/visualizer\/images\/ajax-loader.gif) no-repeat center center}.dt-button{display:none!important}.visualizer-front-container.visualizer-lazy-render{content-visibility: auto;}.google-visualization-controls-categoryfilter label.google-visualization-controls-label {vertical-align: middle;}.google-visualization-controls-categoryfilter li.goog-inline-block {margin: 0 0.2em;}.google-visualization-controls-categoryfilter li {padding: 0 0.2em;}.visualizer-front-container .dataTables_scrollHeadInner{margin: 0 auto;}<\/style><div id=\"visualizer-2176-1789124221\" class=\"visualizer-front  visualizer-front-2176\"><\/div><!-- Not showing structured data for chart 2176 because description is empty --><\/div>\n<\/div>\n<\/div>\n\n\n\n<hr class=\"wp-block-separator has-css-opacity advgb-dyn-c3f4f0ad\"\/>\n\n\n\n<ul class=\"wp-block-list\">\n<li>4994 estudiantes extranjeros procedentes de 94 pa\u00edses<\/li>\n<\/ul>\n\n\n\n<hr class=\"wp-block-separator has-css-opacity advgb-dyn-c3f4f0ad\"\/>\n\n\n\n<div class=\"wp-block-group\"><div class=\"wp-block-group__inner-container is-layout-constrained wp-block-group-is-layout-constrained\">\n<p class=\"has-text-align-center bigText\">315 230<\/p>\n\n\n\n<h2 class=\"wp-block-heading has-text-align-center\"><a href=\"https:\/\/diplomes.uqam.ca\/statistiques\/\">graduados<\/a><\/h2>\n\n\n\n<p class=\"has-text-align-center smallText\">(diciembre de 2025)<\/p>\n<\/div><\/div>\n\n\n\n<hr class=\"wp-block-separator has-css-opacity advgb-dyn-c3f4f0ad\"\/>\n\n\n\n<div class=\"wp-block-columns is-layout-flex wp-container-core-columns-is-layout-9d6595d7 wp-block-columns-is-layout-flex\">\n<div class=\"wp-block-column is-layout-flow wp-block-column-is-layout-flow\">\n<p class=\"has-text-align-center bigText\">441 006<\/p>\n\n\n\n<h2 class=\"wp-block-heading has-text-align-center\"> t\u00edtulos entregados<\/h2>\n\n\n\n<p class=\"has-text-align-center smallText\">(diciembre de 2025)<\/p>\n<\/div>\n<\/div>\n\n\n\n<hr class=\"wp-block-separator has-css-opacity advgb-dyn-c3f4f0ad\"\/>\n\n\n\n<div class=\"wp-block-columns is-layout-flex wp-container-core-columns-is-layout-9d6595d7 wp-block-columns-is-layout-flex\">\n<div class=\"wp-block-column is-layout-flow wp-block-column-is-layout-flow\">\n<p class=\"has-text-align-center bigText\">5662<\/p>\n\n\n\n<h2 class=\"wp-block-heading has-text-align-center\">recursos humanos<\/h2>\n\n\n\n<p class=\"has-text-align-center smallText\">(noviembre de 2025)<\/p>\n\n\n\n<hr class=\"wp-block-separator has-css-opacity d-md-none advgb-dyn-bfb1daa2\"\/>\n<\/div>\n\n\n\n<div class=\"wp-block-column is-layout-flow wp-block-column-is-layout-flow\"><div class=\"visualizer-front-container\" id=\"chart_wrapper_visualizer-2152-1137591094\"><style type=\"text\/css\" name=\"visualizer-custom-css\" id=\"customcss-visualizer-2152\">.locker,.locker-loader{position:absolute;top:0;left:0;width:100%;height:100%}.locker{z-index:1000;opacity:.8;background-color:#fff;-ms-filter:\"progid:DXImageTransform.Microsoft.Alpha(Opacity=80)\";filter:alpha(opacity=80)}.locker-loader{z-index:1001;background:url(https:\/\/uqam.ca\/wp-content\/plugins\/visualizer\/images\/ajax-loader.gif) no-repeat center center}.dt-button{display:none!important}.visualizer-front-container.visualizer-lazy-render{content-visibility: auto;}.google-visualization-controls-categoryfilter label.google-visualization-controls-label {vertical-align: middle;}.google-visualization-controls-categoryfilter li.goog-inline-block {margin: 0 0.2em;}.google-visualization-controls-categoryfilter li {padding: 0 0.2em;}.visualizer-front-container .dataTables_scrollHeadInner{margin: 0 auto;}<\/style><div id=\"visualizer-2152-1137591094\" class=\"visualizer-front  visualizer-front-2152\"><\/div><!-- Not showing structured data for chart 2152 because description is empty --><\/div>\n<\/div>\n<\/div>\n\n\n\n<hr class=\"wp-block-separator has-css-opacity d-md-none advgb-dyn-bfb1daa2\"\/>\n\n\n\n<div class=\"wp-block-group\"><div class=\"wp-block-group__inner-container is-layout-constrained wp-block-group-is-layout-constrained\">\n<p><strong>Nota :<\/strong><\/p>\n\n\n\n<ul class=\"wp-block-list\">\n<li>Los empleados estudiantes, los empleados del Centro Deportivo, los empleados contractuales y los decanos no est\u00e1n incluidos en estas estad\u00edsticas.<\/li>\n<\/ul>\n<\/div><\/div>\n\n\n\n<hr class=\"wp-block-separator has-css-opacity advgb-dyn-c3f4f0ad\"\/>\n\n\n\n<div class=\"wp-block-columns accolade-horizontale-inverse d-md-none is-layout-flex wp-container-core-columns-is-layout-9d6595d7 wp-block-columns-is-layout-flex\">\n<div class=\"wp-block-column is-layout-flow wp-block-column-is-layout-flow\">\n<p class=\"has-text-align-center bigText\">7<\/p>\n\n\n\n<h2 class=\"wp-block-heading has-text-align-center\">facultades<\/h2>\n<\/div>\n\n\n\n<div class=\"wp-block-column is-layout-flow wp-block-column-is-layout-flow\">\n<p class=\"has-text-align-center bigText\">1<\/p>\n\n\n\n<h2 class=\"wp-block-heading has-text-align-center\">escuela<\/h2>\n<\/div>\n<\/div>\n\n\n\n<div class=\"wp-block-columns is-layout-flex wp-container-core-columns-is-layout-9d6595d7 wp-block-columns-is-layout-flex\">\n<div class=\"wp-block-column accolade-vertical d-none d-md-block is-layout-flow wp-block-column-is-layout-flow\">\n<p class=\"has-text-align-center bigText\">7<\/p>\n\n\n\n<h2 class=\"wp-block-heading has-text-align-center\">facultades<\/h2>\n\n\n\n<p class=\"has-text-align-center bigText\">1<\/p>\n\n\n\n<h2 class=\"wp-block-heading has-text-align-center\">escuela<\/h2>\n<\/div>\n\n\n\n<div class=\"wp-block-column is-layout-flow wp-block-column-is-layout-flow\">\n<p class=\"has-text-align-center bigText\">41<\/p>\n\n\n\n<h2 class=\"wp-block-heading has-text-align-center\"><a href=\"\/es\/facultes\/\">departamentos<br>y escuelas<\/a><\/h2>\n<\/div>\n\n\n\n<div class=\"wp-block-column dotted-border-left is-layout-flow wp-block-column-is-layout-flow\">\n<ul class=\"wp-block-list\">\n<li><a href=\"http:\/\/www.esg.uqam.ca\/\">Escuela de Ciencias de la Administraci\u00f3n<\/a><\/li>\n\n\n\n<li><a href=\"http:\/\/www.arts.uqam.ca\/\">Facultad de Artes<\/a><\/li>\n\n\n\n<li><a href=\"http:\/\/www.faccom.uqam.ca\/\">Facultad de Comunicaci\u00f3n<\/a><\/li>\n\n\n\n<li><a href=\"http:\/\/www.fspd.uqam.ca\/\">Facultad de Ciencias Pol\u00edticas y Derecho<\/a><\/li>\n\n\n\n<li><a href=\"http:\/\/www.sciences.uqam.ca\/\">Facultad de Ciencias<\/a><\/li>\n\n\n\n<li><a href=\"http:\/\/www.fse.uqam.ca\/\">Facultad de Ciencias de la Educaci\u00f3n<\/a><\/li>\n\n\n\n<li>Facultad de Ciencias de la Salud (en desarrollo)<\/li>\n\n\n\n<li><a href=\"http:\/\/www.fsh.uqam.ca\/\">Facultad de Ciencias Humanas<\/a><\/li>\n<\/ul>\n\n\n\n<hr class=\"wp-block-separator has-css-opacity dotted advgb-dyn-988e9bb8\"\/>\n\n\n\n<ul class=\"wp-block-list\">\n<li><a href=\"\/es\/facultes\/\">41 departamentos y escuelas<\/a><\/li>\n<\/ul>\n<\/div>\n<\/div>\n\n\n\n<hr class=\"wp-block-separator has-css-opacity advgb-dyn-c3f4f0ad\"\/>\n\n\n\n<div class=\"wp-block-group\"><div class=\"wp-block-group__inner-container is-layout-constrained wp-block-group-is-layout-constrained\">\n<p class=\"has-text-align-center bigText\">378<\/p>\n\n\n\n<h2 class=\"wp-block-heading has-text-align-center accolade-horizontale-inverse\"><a href=\"http:\/\/www.programmes.uqam.ca\/\">programas<\/a><\/h2>\n<\/div><\/div>\n\n\n\n<div class=\"wp-block-columns dotted-border is-layout-flex wp-container-core-columns-is-layout-9d6595d7 wp-block-columns-is-layout-flex\">\n<div class=\"wp-block-column is-layout-flow wp-block-column-is-layout-flow\">\n<p class=\"has-text-align-center bigText\">212<\/p>\n\n\n\n<h2 class=\"wp-block-heading has-text-align-center\"><a href=\"http:\/\/www.programmes.uqam.ca\/\">programas<br>de primer ciclo<\/a><\/h2>\n<\/div>\n\n\n\n<div class=\"wp-block-column is-layout-flow wp-block-column-is-layout-flow\">\n<p class=\"has-text-align-center bigText\">133<\/p>\n\n\n\n<h2 class=\"wp-block-heading has-text-align-center\"><a href=\"http:\/\/www.programmes.uqam.ca\/\">programas<br>de segundo ciclo<\/a><\/h2>\n<\/div>\n\n\n\n<div class=\"wp-block-column is-layout-flow wp-block-column-is-layout-flow\">\n<p class=\"has-text-align-center bigText\">33<\/p>\n\n\n\n<h2 class=\"wp-block-heading has-text-align-center\"><a href=\"http:\/\/www.programmes.uqam.ca\/\">programas<br>de tercer ciclo<\/a><\/h2>\n<\/div>\n<\/div>\n\n\n\n<hr class=\"wp-block-separator has-css-opacity advgb-dyn-c3f4f0ad\"\/>\n\n\n\n<div class=\"wp-block-columns dotted-border is-layout-flex wp-container-core-columns-is-layout-9d6595d7 wp-block-columns-is-layout-flex\">\n<div class=\"wp-block-column is-layout-flow wp-block-column-is-layout-flow\">\n<p class=\"has-text-align-center bigText\">26<\/p>\n\n\n\n<h4 class=\"wp-block-heading has-text-align-center\"><a href=\"http:\/\/www.recherche.uqam.ca\/unites-de-recherche-et-de-creation.html\">centros de investigaci\u00f3n<br>institucional<\/a><\/h4>\n<\/div>\n\n\n\n<div class=\"wp-block-column is-layout-flow wp-block-column-is-layout-flow\">\n<p class=\"has-text-align-center bigText\">38<\/p>\n\n\n\n<h4 class=\"wp-block-heading has-text-align-center\"><a href=\"http:\/\/www.recherche.uqam.ca\/unites-de-recherche-et-de-creation.html\">c\u00e1tedras de investigaci\u00f3n<br>de Canad\u00e1<\/a><\/h4>\n<\/div>\n\n\n\n<div class=\"wp-block-column is-layout-flow wp-block-column-is-layout-flow\">\n<p class=\"has-text-align-center bigText\">29<\/p>\n\n\n\n<h4 class=\"wp-block-heading has-text-align-center\"><a href=\"http:\/\/www.recherche.uqam.ca\/unites-de-recherche-et-de-creation.html\">c\u00e1tedras de<br>investigaci\u00f3n-innovaci\u00f3n<\/a><\/h4>\n<\/div>\n<\/div>\n\n\n\n<div class=\"wp-block-columns dotted-border is-layout-flex wp-container-core-columns-is-layout-9d6595d7 wp-block-columns-is-layout-flex\">\n<div class=\"wp-block-column is-layout-flow wp-block-column-is-layout-flow\">\n<p class=\"has-text-align-center bigText\">2<\/p>\n\n\n\n<h4 class=\"wp-block-heading has-text-align-center\"><a href=\"http:\/\/www.recherche.uqam.ca\/unites-de-recherche-et-de-creation.html\">unidades institucionales de transferencia de conocimientos<\/a><\/h4>\n<\/div>\n\n\n\n<div class=\"wp-block-column is-layout-flow wp-block-column-is-layout-flow\">\n<p class=\"has-text-align-center bigText\">22<\/p>\n\n\n\n<h4 class=\"wp-block-heading has-text-align-center\"><a href=\"http:\/\/www.recherche.uqam.ca\/unites-de-recherche-et-de-creation.html\"> estrat\u00e9gicas<br>UQAM<\/a><\/h4>\n<\/div>\n\n\n\n<div class=\"wp-block-column is-layout-flow wp-block-column-is-layout-flow\">\n<p class=\"has-text-align-center bigText\">5<\/p>\n\n\n\n<h4 class=\"wp-block-heading has-text-align-center\"><a href=\"http:\/\/www.recherche.uqam.ca\/unites-de-recherche-et-de-creation.html\">c\u00e1tedras UNESCO<br>(internacional)<\/a><\/h4>\n<\/div>\n<\/div>\n\n\n\n<div class=\"wp-block-columns is-layout-flex wp-container-core-columns-is-layout-9d6595d7 wp-block-columns-is-layout-flex\">\n<div class=\"wp-block-column is-layout-flow wp-block-column-is-layout-flow\">\n<p class=\"has-text-align-center bigText\">4<\/p>\n\n\n\n<h4 class=\"wp-block-heading has-text-align-center\"><a href=\"http:\/\/www.recherche.uqam.ca\/unites-de-recherche-et-de-creation.html\">c\u00e1tedras<\/a> <a href=\"http:\/\/www.recherche.uqam.ca\/unites-de-recherche-et-de-creation.html\">Fonds de recherche du Qu\u00e9bec<\/a><\/h4>\n<\/div>\n\n\n\n<div class=\"wp-block-column is-layout-flow wp-block-column-is-layout-flow\">\n<p class=\"has-text-align-center bigText\">6<\/p>\n\n\n\n<h4 class=\"wp-block-heading has-text-align-center\"><a href=\"http:\/\/www.recherche.uqam.ca\/unites-de-recherche-et-de-creation.html\">institutos<\/a><\/h4>\n<\/div>\n\n\n\n<div class=\"wp-block-column is-layout-flow wp-block-column-is-layout-flow\"><\/div>\n<\/div>\n\n\n\n<hr class=\"wp-block-separator has-css-opacity advgb-dyn-c3f4f0ad\"\/>\n\n\n\n<div class=\"wp-block-group\"><div class=\"wp-block-group__inner-container is-layout-constrained wp-block-group-is-layout-constrained\">\n<p class=\"has-text-align-center bigText\">296 000 000<\/p>\n\n\n\n<h2 class=\"wp-block-heading has-text-align-center\">de d\u00f3lares<\/h2>\n\n\n\n<p class=\"has-text-align-center smallText\">(abril de 2023)<\/p>\n\n\n\n<p><a href=\"http:\/\/www.fondation.uqam.ca\/\"><strong>Fundaci\u00f3n de la UQAM<\/strong><\/a><br>Cerca de 296 millones de d\u00f3lares recaudados para financiar las actividades prioritarias de la UQAM en materia de ense\u00f1anza, de investigaci\u00f3n y de creaci\u00f3n, incluyendo 44 millones entregados directamente a los estudiantes en forma de becas. <\/p>\n<\/div><\/div>\n\n\n\n<hr class=\"wp-block-separator has-css-opacity advgb-dyn-c3f4f0ad\"\/>\n\n\n","protected":false},"excerpt":{"rendered":"<p>34 845 estudiantes (trimestre de oto\u00f1o 2025) 315 230 graduados (diciembre de 2025) 441 006 t\u00edtulos entregados (diciembre de 2025) 5662 recursos humanos (noviembre de 2025) Nota : 7 facultades 1 escuela 7 facultades 1 escuela 41 departamentosy escuelas 378 programas 212 programasde primer ciclo 133 programasde segundo ciclo 33 programasde tercer ciclo 26 centros [&hellip;]<\/p>\n","protected":false},"author":1,"featured_media":0,"parent":138,"menu_order":0,"comment_status":"closed","ping_status":"closed","template":"","meta":{"_acf_changed":false,"advgb_blocks_editor_width":"","advgb_blocks_columns_visual_guide":"","_monsterinsights_skip_tracking":false,"_monsterinsights_sitenote_active":false,"_monsterinsights_sitenote_note":"","_monsterinsights_sitenote_category":0,"footnotes":""},"class_list":["post-509","page","type-page","status-publish","hentry"],"acf":[],"yoast_head":"<!-- This site is optimized with the Yoast SEO plugin v26.9 - https:\/\/yoast.com\/product\/yoast-seo-wordpress\/ -->\n<title>La UQAM en cifras - UQAM<\/title>\n<meta name=\"description\" content=\"La UQAM en cifras - Universit\u00e9 du Qu\u00e9bec \u00e0 Montr\u00e9al - UQAM\" \/>\n<meta name=\"robots\" content=\"index, follow, max-snippet:-1, max-image-preview:large, max-video-preview:-1\" \/>\n<link rel=\"canonical\" href=\"https:\/\/uqam.ca\/es\/informacion\/cifras\/\" \/>\n<meta property=\"og:locale\" content=\"es_ES\" \/>\n<meta property=\"og:type\" content=\"article\" \/>\n<meta property=\"og:title\" content=\"La UQAM en cifras - UQAM\" \/>\n<meta property=\"og:description\" content=\"La UQAM en cifras - Universit\u00e9 du Qu\u00e9bec \u00e0 Montr\u00e9al - UQAM\" \/>\n<meta property=\"og:url\" content=\"https:\/\/uqam.ca\/es\/informacion\/cifras\/\" \/>\n<meta property=\"og:site_name\" content=\"Universit\u00e9 du Qu\u00e9bec \u00e0 Montr\u00e9al\" \/>\n<meta property=\"article:publisher\" content=\"http:\/\/www.facebook.com\/uqam1\" \/>\n<meta property=\"article:modified_time\" content=\"2026-03-16T19:14:39+00:00\" \/>\n<meta property=\"og:image\" content=\"https:\/\/ressources-medias.uqam.ca\/media\/uploads\/20200306151917\/campuscentral.jpg\" \/>\n\t<meta property=\"og:image:width\" content=\"1080\" \/>\n\t<meta property=\"og:image:height\" content=\"763\" \/>\n\t<meta property=\"og:image:type\" content=\"image\/jpeg\" \/>\n<meta name=\"twitter:card\" content=\"summary_large_image\" \/>\n<meta name=\"twitter:site\" content=\"@uqam\" \/>\n<meta name=\"twitter:label1\" content=\"Tiempo de lectura\" \/>\n\t<meta name=\"twitter:data1\" content=\"2 minutos\" \/>\n<script type=\"application\/ld+json\" class=\"yoast-schema-graph\">{\"@context\":\"https:\/\/schema.org\",\"@graph\":[{\"@type\":\"WebPage\",\"@id\":\"https:\/\/uqam.ca\/es\/informacion\/cifras\/\",\"url\":\"https:\/\/uqam.ca\/es\/informacion\/cifras\/\",\"name\":\"La UQAM en cifras - UQAM\",\"isPartOf\":{\"@id\":\"https:\/\/uqam.ca\/#website\"},\"datePublished\":\"2019-07-23T18:59:40+00:00\",\"dateModified\":\"2026-03-16T19:14:39+00:00\",\"description\":\"La UQAM en cifras - Universit\u00e9 du Qu\u00e9bec \u00e0 Montr\u00e9al - UQAM\",\"breadcrumb\":{\"@id\":\"https:\/\/uqam.ca\/es\/informacion\/cifras\/#breadcrumb\"},\"inLanguage\":\"es\",\"potentialAction\":[{\"@type\":\"ReadAction\",\"target\":[\"https:\/\/uqam.ca\/es\/informacion\/cifras\/\"]}]},{\"@type\":\"BreadcrumbList\",\"@id\":\"https:\/\/uqam.ca\/es\/informacion\/cifras\/#breadcrumb\",\"itemListElement\":[{\"@type\":\"ListItem\",\"position\":1,\"name\":\"UQAM\",\"item\":\"https:\/\/uqam.ca\"},{\"@type\":\"ListItem\",\"position\":2,\"name\":\"Universit\u00e9 du Qu\u00e9bec \u00e0 Montr\u00e9al\",\"item\":\"https:\/\/uqam.ca\/es\/\"},{\"@type\":\"ListItem\",\"position\":3,\"name\":\"Informaci\u00f3n en espa\u00f1ol\",\"item\":\"https:\/\/uqam.ca\/es\/informacion\/\"},{\"@type\":\"ListItem\",\"position\":4,\"name\":\"La UQAM en cifras\"}]},{\"@type\":\"WebSite\",\"@id\":\"https:\/\/uqam.ca\/#website\",\"url\":\"https:\/\/uqam.ca\/\",\"name\":\"Universit\u00e9 du Qu\u00e9bec \u00e0 Montr\u00e9al\",\"description\":\"UQAM\",\"publisher\":{\"@id\":\"https:\/\/uqam.ca\/#organization\"},\"potentialAction\":[{\"@type\":\"SearchAction\",\"target\":{\"@type\":\"EntryPoint\",\"urlTemplate\":\"https:\/\/uqam.ca\/?s={search_term_string}\"},\"query-input\":{\"@type\":\"PropertyValueSpecification\",\"valueRequired\":true,\"valueName\":\"search_term_string\"}}],\"inLanguage\":\"es\"},{\"@type\":\"Organization\",\"@id\":\"https:\/\/uqam.ca\/#organization\",\"name\":\"UQAM | Universit\u00e9 du Qu\u00e9bec \u00e0 Montr\u00e9al\",\"url\":\"https:\/\/uqam.ca\/\",\"logo\":{\"@type\":\"ImageObject\",\"inLanguage\":\"es\",\"@id\":\"https:\/\/uqam.ca\/#\/schema\/logo\/image\/\",\"url\":\"https:\/\/ressources-medias.uqam.ca\/media\/uploads\/20200306145948\/uqambleu.jpg\",\"contentUrl\":\"https:\/\/ressources-medias.uqam.ca\/media\/uploads\/20200306145948\/uqambleu.jpg\",\"width\":400,\"height\":400,\"caption\":\"UQAM | Universit\u00e9 du Qu\u00e9bec \u00e0 Montr\u00e9al\"},\"image\":{\"@id\":\"https:\/\/uqam.ca\/#\/schema\/logo\/image\/\"},\"sameAs\":[\"http:\/\/www.facebook.com\/uqam1\",\"https:\/\/x.com\/uqam\",\"http:\/\/www.instagram.com\/uqam\",\"http:\/\/www.linkedin.com\/school\/uqam\/\",\"http:\/\/www.pinterest.ca\/uqam\/\",\"http:\/\/www.youtube.com\/user\/UQAMtv\"]}]}<\/script>\n<!-- \/ Yoast SEO plugin. -->","yoast_head_json":{"title":"La UQAM en cifras - UQAM","description":"La UQAM en cifras - Universit\u00e9 du Qu\u00e9bec \u00e0 Montr\u00e9al - UQAM","robots":{"index":"index","follow":"follow","max-snippet":"max-snippet:-1","max-image-preview":"max-image-preview:large","max-video-preview":"max-video-preview:-1"},"canonical":"https:\/\/uqam.ca\/es\/informacion\/cifras\/","og_locale":"es_ES","og_type":"article","og_title":"La UQAM en cifras - UQAM","og_description":"La UQAM en cifras - Universit\u00e9 du Qu\u00e9bec \u00e0 Montr\u00e9al - UQAM","og_url":"https:\/\/uqam.ca\/es\/informacion\/cifras\/","og_site_name":"Universit\u00e9 du Qu\u00e9bec \u00e0 Montr\u00e9al","article_publisher":"http:\/\/www.facebook.com\/uqam1","article_modified_time":"2026-03-16T19:14:39+00:00","og_image":[{"width":1080,"height":763,"url":"https:\/\/ressources-medias.uqam.ca\/media\/uploads\/20200306151917\/campuscentral.jpg","type":"image\/jpeg"}],"twitter_card":"summary_large_image","twitter_site":"@uqam","twitter_misc":{"Tiempo de lectura":"2 minutos"},"schema":{"@context":"https:\/\/schema.org","@graph":[{"@type":"WebPage","@id":"https:\/\/uqam.ca\/es\/informacion\/cifras\/","url":"https:\/\/uqam.ca\/es\/informacion\/cifras\/","name":"La UQAM en cifras - UQAM","isPartOf":{"@id":"https:\/\/uqam.ca\/#website"},"datePublished":"2019-07-23T18:59:40+00:00","dateModified":"2026-03-16T19:14:39+00:00","description":"La UQAM en cifras - Universit\u00e9 du Qu\u00e9bec \u00e0 Montr\u00e9al - UQAM","breadcrumb":{"@id":"https:\/\/uqam.ca\/es\/informacion\/cifras\/#breadcrumb"},"inLanguage":"es","potentialAction":[{"@type":"ReadAction","target":["https:\/\/uqam.ca\/es\/informacion\/cifras\/"]}]},{"@type":"BreadcrumbList","@id":"https:\/\/uqam.ca\/es\/informacion\/cifras\/#breadcrumb","itemListElement":[{"@type":"ListItem","position":1,"name":"UQAM","item":"https:\/\/uqam.ca"},{"@type":"ListItem","position":2,"name":"Universit\u00e9 du Qu\u00e9bec \u00e0 Montr\u00e9al","item":"https:\/\/uqam.ca\/es\/"},{"@type":"ListItem","position":3,"name":"Informaci\u00f3n en espa\u00f1ol","item":"https:\/\/uqam.ca\/es\/informacion\/"},{"@type":"ListItem","position":4,"name":"La UQAM en cifras"}]},{"@type":"WebSite","@id":"https:\/\/uqam.ca\/#website","url":"https:\/\/uqam.ca\/","name":"Universit\u00e9 du Qu\u00e9bec \u00e0 Montr\u00e9al","description":"UQAM","publisher":{"@id":"https:\/\/uqam.ca\/#organization"},"potentialAction":[{"@type":"SearchAction","target":{"@type":"EntryPoint","urlTemplate":"https:\/\/uqam.ca\/?s={search_term_string}"},"query-input":{"@type":"PropertyValueSpecification","valueRequired":true,"valueName":"search_term_string"}}],"inLanguage":"es"},{"@type":"Organization","@id":"https:\/\/uqam.ca\/#organization","name":"UQAM | Universit\u00e9 du Qu\u00e9bec \u00e0 Montr\u00e9al","url":"https:\/\/uqam.ca\/","logo":{"@type":"ImageObject","inLanguage":"es","@id":"https:\/\/uqam.ca\/#\/schema\/logo\/image\/","url":"https:\/\/ressources-medias.uqam.ca\/media\/uploads\/20200306145948\/uqambleu.jpg","contentUrl":"https:\/\/ressources-medias.uqam.ca\/media\/uploads\/20200306145948\/uqambleu.jpg","width":400,"height":400,"caption":"UQAM | Universit\u00e9 du Qu\u00e9bec \u00e0 Montr\u00e9al"},"image":{"@id":"https:\/\/uqam.ca\/#\/schema\/logo\/image\/"},"sameAs":["http:\/\/www.facebook.com\/uqam1","https:\/\/x.com\/uqam","http:\/\/www.instagram.com\/uqam","http:\/\/www.linkedin.com\/school\/uqam\/","http:\/\/www.pinterest.ca\/uqam\/","http:\/\/www.youtube.com\/user\/UQAMtv"]}]}},"coauthors":[],"author_meta":{"author_link":"https:\/\/uqam.ca\/es\/author\/audiovisuel_admin\/","display_name":"audiovisuel_admin"},"relative_dates":{"created":"Publicado 7 a\u00f1os hace","modified":"Actualizado 1 mes hace"},"absolute_dates":{"created":"Publicado el 23 julio","modified":"Actualizado el 16 marzo"},"absolute_dates_time":{"created":"Publicado el 23 julio 6:59 pm","modified":"Actualizado el 16 marzo 3:14 pm"},"featured_img_caption":"","featured_img":false,"series_order":"","_links":{"self":[{"href":"https:\/\/uqam.ca\/es\/wp-json\/wp\/v2\/pages\/509","targetHints":{"allow":["GET"]}}],"collection":[{"href":"https:\/\/uqam.ca\/es\/wp-json\/wp\/v2\/pages"}],"about":[{"href":"https:\/\/uqam.ca\/es\/wp-json\/wp\/v2\/types\/page"}],"author":[{"embeddable":true,"href":"https:\/\/uqam.ca\/es\/wp-json\/wp\/v2\/users\/1"}],"replies":[{"embeddable":true,"href":"https:\/\/uqam.ca\/es\/wp-json\/wp\/v2\/comments?post=509"}],"version-history":[{"count":65,"href":"https:\/\/uqam.ca\/es\/wp-json\/wp\/v2\/pages\/509\/revisions"}],"predecessor-version":[{"id":13241,"href":"https:\/\/uqam.ca\/es\/wp-json\/wp\/v2\/pages\/509\/revisions\/13241"}],"up":[{"embeddable":true,"href":"https:\/\/uqam.ca\/es\/wp-json\/wp\/v2\/pages\/138"}],"wp:attachment":[{"href":"https:\/\/uqam.ca\/es\/wp-json\/wp\/v2\/media?parent=509"}],"curies":[{"name":"wp","href":"https:\/\/api.w.org\/{rel}","templated":true}]}}