{"id":2287,"date":"2020-03-11T11:08:50","date_gmt":"2020-03-11T15:08:50","guid":{"rendered":"https:\/\/uqam.ca\/?page_id=2287"},"modified":"2025-12-09T14:18:02","modified_gmt":"2025-12-09T19:18:02","slug":"internacional","status":"publish","type":"page","link":"https:\/\/uqam.ca\/es\/informacion\/internacional\/","title":{"rendered":"Internacional"},"content":{"rendered":"\n<p>Para la UQAM, el mundo representa una ocasi\u00f3n para crear redes, compartir sus conocimientos y, de esta manera, beneficiar a su comunidad.<\/p>\n\n\n\n<ul class=\"wp-block-list\">\n<li>La poblaci\u00f3n estudiantil de la UQAM est\u00e1 compuesta por personas de culturas y or\u00edgenes muy diversos, entre las cuales se encuentran <a href=\"https:\/\/etudier.uqam.ca\/etudiants-etrangers\">4994\u00a0estudiantes extranjeros<\/a> procedentes de 94\u00a0pa\u00edses.<\/li>\n<\/ul>\n\n\n\n<ul class=\"wp-block-list\">\n<li>La Universidad propone <a href=\"https:\/\/etudier.uqam.ca\/aucentredetout\/international\">40&nbsp;programas con una orientaci\u00f3n internacional<\/a> y ofrece, a la vez, <a href=\"https:\/\/mba.esg.uqam.ca\/fr\/mba-international\/\">MBA para directivos<\/a> (EMBA) en una docena de pa\u00edses, impartidos en franc\u00e9s, ingl\u00e9s y espa\u00f1ol. <\/li>\n<\/ul>\n\n\n\n<ul class=\"wp-block-list\">\n<li>La Universidad ha celebrado acuerdos con m\u00e1s de 400&nbsp;establecimientos en 60&nbsp;pa\u00edses. Esto permite que miles de estudiantes puedan completar su formaci\u00f3n en el extranjero y que alumnos de otros pa\u00edses puedan estudiar en la UQAM, adem\u00e1s de fomentar la movilidad docente, mediante la colaboraci\u00f3n del <a href=\"http:\/\/www.sri.uqam.ca\">Servicio de Relaciones Internacionales y Diplom\u00e1ticas<\/a> (SRID) y del <a href=\"https:\/\/international.esg.uqam.ca\/\">Servicio de Respaldo en el Extranjero<\/a> para la Escuela de Ciencias de la Gesti\u00f3n (ESG UQAM).<\/li>\n<\/ul>\n\n\n\n<ul class=\"wp-block-list\">\n<li>La <a href=\"https:\/\/langues.uqam.ca\/\">Escuela de Lenguas<\/a> abre fronteras a m\u00e1s de 700\u00a0estudiantes por a\u00f1o, a trav\u00e9s de sus cursos y programas acreditados en 10\u00a0lenguas modernas.<\/li>\n<\/ul>\n\n\n\n<ul class=\"wp-block-list\">\n<li>La\nUQAM ofrece la posibilidad de realizar <a href=\"https:\/\/etudier.uqam.ca\/ete\">cursos\nde verano<\/a> en el\nextranjero, por ejemplo, en Abiy\u00e1n, Berl\u00edn, Bogot\u00e1, Dali\u00e1n, Florencia, Molyvos\ny Praga, dedicados, entre otras tem\u00e1ticas, a arqueolog\u00eda, cine, historia,\nlenguas y culturas del mundo, adem\u00e1s de innovaciones sociales.<\/li>\n<\/ul>\n\n\n\n<ul class=\"wp-block-list\">\n<li>Cada\na\u00f1o, la Universidad organiza <a href=\"https:\/\/evenements.uqam.ca\/evenements?page=1&amp;types=13\">congresos, simposios y otros eventos<\/a> cosmopolitas de gran envergadura, en los\nque recibe a participantes de distintas partes del mundo. <\/li>\n<\/ul>\n\n\n\n<ul class=\"wp-block-list\">\n<li>La Universidad alberga diversos <a href=\"http:\/\/recherche.uqam.ca\/unites-de-recherche-et-de-creation.html\">grupos de investigaci\u00f3n<\/a> que trabajan en colaboraci\u00f3n con profesores de todo el mundo, especialmente:\n<ul class=\"wp-block-list\">\n<li> Cinco c\u00e1tedras UNESCO (comunicaci\u00f3n, educaci\u00f3n, medio&nbsp;ambiente, filosof\u00eda y prevenci\u00f3n de la radicalizaci\u00f3n). <\/li>\n\n\n\n<li> El <a href=\"http:\/\/www.ieim.uqam.ca\/\">Instituto de Estudios Internacionales de Montreal<\/a>, en el que se llevan a cabo actividades relacionadas con la globalizaci\u00f3n, la gobernanza, la seguridad, la diplomacia y los derechos humanos.  <\/li>\n<\/ul>\n<\/li>\n<\/ul>\n\n\n\n<p>Asimismo, numerosos <a href=\"https:\/\/professeurs.uqam.ca\/\">profesores<\/a> de la UQAM\nllevan a cabo sus investigaciones con socios internacionales, y una gran\ncantidad de estudiantes de los ciclos superiores tienen la oportunidad de\nrealizar actividades de investigaci\u00f3n, integrar redes internacionales y\nparticipar en pasant\u00edas en\ndiversos campos.<\/p>\n\n\n\n<ul class=\"wp-block-list\">\n<li>Muchos\nmiembros de la comunidad de la UQAM se han destacado en el \u00e1mbito internacional\n<a href=\"https:\/\/distinctions.uqam.ca\/\">al ganar diferentes concursos y prestigiosos premios<\/a>: la Orden de las Palmas Acad\u00e9micas, la\nLegi\u00f3n de Honor, el Modelo de Naciones Unidas, Google Online Marketing\nChallenge, entre otros. <\/li>\n<\/ul>\n","protected":false},"excerpt":{"rendered":"<p>Para la UQAM, el mundo representa una ocasi\u00f3n para crear redes, compartir sus conocimientos y, de esta manera, beneficiar a su comunidad. Asimismo, numerosos profesores de la UQAM llevan a cabo sus investigaciones con socios internacionales, y una gran cantidad de estudiantes de los ciclos superiores tienen la oportunidad de realizar actividades de investigaci\u00f3n, integrar [&hellip;]<\/p>\n","protected":false},"author":3,"featured_media":0,"parent":138,"menu_order":0,"comment_status":"closed","ping_status":"closed","template":"","meta":{"_acf_changed":false,"advgb_blocks_editor_width":"","advgb_blocks_columns_visual_guide":"","_monsterinsights_skip_tracking":false,"_monsterinsights_sitenote_active":false,"_monsterinsights_sitenote_note":"","_monsterinsights_sitenote_category":0,"footnotes":""},"class_list":["post-2287","page","type-page","status-publish","hentry"],"acf":[],"yoast_head":"<!-- This site is optimized with the Yoast SEO plugin v26.9 - https:\/\/yoast.com\/product\/yoast-seo-wordpress\/ -->\n<title>Internacional - UQAM<\/title>\n<meta name=\"description\" content=\"Internacional - Universit\u00e9 du Qu\u00e9bec \u00e0 Montr\u00e9al - UQAM\" \/>\n<meta name=\"robots\" content=\"index, follow, max-snippet:-1, max-image-preview:large, max-video-preview:-1\" \/>\n<link rel=\"canonical\" href=\"https:\/\/uqam.ca\/es\/informacion\/internacional\/\" \/>\n<meta property=\"og:locale\" content=\"es_ES\" \/>\n<meta property=\"og:type\" content=\"article\" \/>\n<meta property=\"og:title\" content=\"Internacional - UQAM\" \/>\n<meta property=\"og:description\" content=\"Internacional - Universit\u00e9 du Qu\u00e9bec \u00e0 Montr\u00e9al - UQAM\" \/>\n<meta property=\"og:url\" content=\"https:\/\/uqam.ca\/es\/informacion\/internacional\/\" \/>\n<meta property=\"og:site_name\" content=\"Universit\u00e9 du Qu\u00e9bec \u00e0 Montr\u00e9al\" \/>\n<meta property=\"article:publisher\" content=\"http:\/\/www.facebook.com\/uqam1\" \/>\n<meta property=\"article:modified_time\" content=\"2025-12-09T19:18:02+00:00\" \/>\n<meta property=\"og:image\" content=\"https:\/\/ressources-medias.uqam.ca\/media\/uploads\/20200306151917\/campuscentral.jpg\" \/>\n\t<meta property=\"og:image:width\" content=\"1080\" \/>\n\t<meta property=\"og:image:height\" content=\"763\" \/>\n\t<meta property=\"og:image:type\" content=\"image\/jpeg\" \/>\n<meta name=\"twitter:card\" content=\"summary_large_image\" \/>\n<meta name=\"twitter:site\" content=\"@uqam\" \/>\n<meta name=\"twitter:label1\" content=\"Tiempo de lectura\" \/>\n\t<meta name=\"twitter:data1\" content=\"2 minutos\" \/>\n<script type=\"application\/ld+json\" class=\"yoast-schema-graph\">{\"@context\":\"https:\/\/schema.org\",\"@graph\":[{\"@type\":\"WebPage\",\"@id\":\"https:\/\/uqam.ca\/es\/informacion\/internacional\/\",\"url\":\"https:\/\/uqam.ca\/es\/informacion\/internacional\/\",\"name\":\"Internacional - UQAM\",\"isPartOf\":{\"@id\":\"https:\/\/uqam.ca\/#website\"},\"datePublished\":\"2020-03-11T15:08:50+00:00\",\"dateModified\":\"2025-12-09T19:18:02+00:00\",\"description\":\"Internacional - Universit\u00e9 du Qu\u00e9bec \u00e0 Montr\u00e9al - UQAM\",\"breadcrumb\":{\"@id\":\"https:\/\/uqam.ca\/es\/informacion\/internacional\/#breadcrumb\"},\"inLanguage\":\"es\",\"potentialAction\":[{\"@type\":\"ReadAction\",\"target\":[\"https:\/\/uqam.ca\/es\/informacion\/internacional\/\"]}]},{\"@type\":\"BreadcrumbList\",\"@id\":\"https:\/\/uqam.ca\/es\/informacion\/internacional\/#breadcrumb\",\"itemListElement\":[{\"@type\":\"ListItem\",\"position\":1,\"name\":\"UQAM\",\"item\":\"https:\/\/uqam.ca\"},{\"@type\":\"ListItem\",\"position\":2,\"name\":\"Universit\u00e9 du Qu\u00e9bec \u00e0 Montr\u00e9al\",\"item\":\"https:\/\/uqam.ca\/es\/\"},{\"@type\":\"ListItem\",\"position\":3,\"name\":\"Informaci\u00f3n en espa\u00f1ol\",\"item\":\"https:\/\/uqam.ca\/es\/informacion\/\"},{\"@type\":\"ListItem\",\"position\":4,\"name\":\"Internacional\"}]},{\"@type\":\"WebSite\",\"@id\":\"https:\/\/uqam.ca\/#website\",\"url\":\"https:\/\/uqam.ca\/\",\"name\":\"Universit\u00e9 du Qu\u00e9bec \u00e0 Montr\u00e9al\",\"description\":\"UQAM\",\"publisher\":{\"@id\":\"https:\/\/uqam.ca\/#organization\"},\"potentialAction\":[{\"@type\":\"SearchAction\",\"target\":{\"@type\":\"EntryPoint\",\"urlTemplate\":\"https:\/\/uqam.ca\/?s={search_term_string}\"},\"query-input\":{\"@type\":\"PropertyValueSpecification\",\"valueRequired\":true,\"valueName\":\"search_term_string\"}}],\"inLanguage\":\"es\"},{\"@type\":\"Organization\",\"@id\":\"https:\/\/uqam.ca\/#organization\",\"name\":\"UQAM | Universit\u00e9 du Qu\u00e9bec \u00e0 Montr\u00e9al\",\"url\":\"https:\/\/uqam.ca\/\",\"logo\":{\"@type\":\"ImageObject\",\"inLanguage\":\"es\",\"@id\":\"https:\/\/uqam.ca\/#\/schema\/logo\/image\/\",\"url\":\"https:\/\/ressources-medias.uqam.ca\/media\/uploads\/20200306145948\/uqambleu.jpg\",\"contentUrl\":\"https:\/\/ressources-medias.uqam.ca\/media\/uploads\/20200306145948\/uqambleu.jpg\",\"width\":400,\"height\":400,\"caption\":\"UQAM | Universit\u00e9 du Qu\u00e9bec \u00e0 Montr\u00e9al\"},\"image\":{\"@id\":\"https:\/\/uqam.ca\/#\/schema\/logo\/image\/\"},\"sameAs\":[\"http:\/\/www.facebook.com\/uqam1\",\"https:\/\/x.com\/uqam\",\"http:\/\/www.instagram.com\/uqam\",\"http:\/\/www.linkedin.com\/school\/uqam\/\",\"http:\/\/www.pinterest.ca\/uqam\/\",\"http:\/\/www.youtube.com\/user\/UQAMtv\"]}]}<\/script>\n<!-- \/ Yoast SEO plugin. -->","yoast_head_json":{"title":"Internacional - UQAM","description":"Internacional - Universit\u00e9 du Qu\u00e9bec \u00e0 Montr\u00e9al - UQAM","robots":{"index":"index","follow":"follow","max-snippet":"max-snippet:-1","max-image-preview":"max-image-preview:large","max-video-preview":"max-video-preview:-1"},"canonical":"https:\/\/uqam.ca\/es\/informacion\/internacional\/","og_locale":"es_ES","og_type":"article","og_title":"Internacional - UQAM","og_description":"Internacional - Universit\u00e9 du Qu\u00e9bec \u00e0 Montr\u00e9al - UQAM","og_url":"https:\/\/uqam.ca\/es\/informacion\/internacional\/","og_site_name":"Universit\u00e9 du Qu\u00e9bec \u00e0 Montr\u00e9al","article_publisher":"http:\/\/www.facebook.com\/uqam1","article_modified_time":"2025-12-09T19:18:02+00:00","og_image":[{"width":1080,"height":763,"url":"https:\/\/ressources-medias.uqam.ca\/media\/uploads\/20200306151917\/campuscentral.jpg","type":"image\/jpeg"}],"twitter_card":"summary_large_image","twitter_site":"@uqam","twitter_misc":{"Tiempo de lectura":"2 minutos"},"schema":{"@context":"https:\/\/schema.org","@graph":[{"@type":"WebPage","@id":"https:\/\/uqam.ca\/es\/informacion\/internacional\/","url":"https:\/\/uqam.ca\/es\/informacion\/internacional\/","name":"Internacional - UQAM","isPartOf":{"@id":"https:\/\/uqam.ca\/#website"},"datePublished":"2020-03-11T15:08:50+00:00","dateModified":"2025-12-09T19:18:02+00:00","description":"Internacional - Universit\u00e9 du Qu\u00e9bec \u00e0 Montr\u00e9al - UQAM","breadcrumb":{"@id":"https:\/\/uqam.ca\/es\/informacion\/internacional\/#breadcrumb"},"inLanguage":"es","potentialAction":[{"@type":"ReadAction","target":["https:\/\/uqam.ca\/es\/informacion\/internacional\/"]}]},{"@type":"BreadcrumbList","@id":"https:\/\/uqam.ca\/es\/informacion\/internacional\/#breadcrumb","itemListElement":[{"@type":"ListItem","position":1,"name":"UQAM","item":"https:\/\/uqam.ca"},{"@type":"ListItem","position":2,"name":"Universit\u00e9 du Qu\u00e9bec \u00e0 Montr\u00e9al","item":"https:\/\/uqam.ca\/es\/"},{"@type":"ListItem","position":3,"name":"Informaci\u00f3n en espa\u00f1ol","item":"https:\/\/uqam.ca\/es\/informacion\/"},{"@type":"ListItem","position":4,"name":"Internacional"}]},{"@type":"WebSite","@id":"https:\/\/uqam.ca\/#website","url":"https:\/\/uqam.ca\/","name":"Universit\u00e9 du Qu\u00e9bec \u00e0 Montr\u00e9al","description":"UQAM","publisher":{"@id":"https:\/\/uqam.ca\/#organization"},"potentialAction":[{"@type":"SearchAction","target":{"@type":"EntryPoint","urlTemplate":"https:\/\/uqam.ca\/?s={search_term_string}"},"query-input":{"@type":"PropertyValueSpecification","valueRequired":true,"valueName":"search_term_string"}}],"inLanguage":"es"},{"@type":"Organization","@id":"https:\/\/uqam.ca\/#organization","name":"UQAM | Universit\u00e9 du Qu\u00e9bec \u00e0 Montr\u00e9al","url":"https:\/\/uqam.ca\/","logo":{"@type":"ImageObject","inLanguage":"es","@id":"https:\/\/uqam.ca\/#\/schema\/logo\/image\/","url":"https:\/\/ressources-medias.uqam.ca\/media\/uploads\/20200306145948\/uqambleu.jpg","contentUrl":"https:\/\/ressources-medias.uqam.ca\/media\/uploads\/20200306145948\/uqambleu.jpg","width":400,"height":400,"caption":"UQAM | Universit\u00e9 du Qu\u00e9bec \u00e0 Montr\u00e9al"},"image":{"@id":"https:\/\/uqam.ca\/#\/schema\/logo\/image\/"},"sameAs":["http:\/\/www.facebook.com\/uqam1","https:\/\/x.com\/uqam","http:\/\/www.instagram.com\/uqam","http:\/\/www.linkedin.com\/school\/uqam\/","http:\/\/www.pinterest.ca\/uqam\/","http:\/\/www.youtube.com\/user\/UQAMtv"]}]}},"coauthors":[],"author_meta":{"author_link":"https:\/\/uqam.ca\/es\/author\/bedard_syl\/","display_name":"B\u00e9dard, Sylvain"},"relative_dates":{"created":"Publicado 6 a\u00f1os hace","modified":"Actualizado 4 meses hace"},"absolute_dates":{"created":"Publicado el 11 marzo","modified":"Actualizado el 9 diciembre"},"absolute_dates_time":{"created":"Publicado el 11 marzo 11:08 am","modified":"Actualizado el 9 diciembre 2:18 pm"},"featured_img_caption":"","featured_img":false,"series_order":"","_links":{"self":[{"href":"https:\/\/uqam.ca\/es\/wp-json\/wp\/v2\/pages\/2287","targetHints":{"allow":["GET"]}}],"collection":[{"href":"https:\/\/uqam.ca\/es\/wp-json\/wp\/v2\/pages"}],"about":[{"href":"https:\/\/uqam.ca\/es\/wp-json\/wp\/v2\/types\/page"}],"author":[{"embeddable":true,"href":"https:\/\/uqam.ca\/es\/wp-json\/wp\/v2\/users\/3"}],"replies":[{"embeddable":true,"href":"https:\/\/uqam.ca\/es\/wp-json\/wp\/v2\/comments?post=2287"}],"version-history":[{"count":7,"href":"https:\/\/uqam.ca\/es\/wp-json\/wp\/v2\/pages\/2287\/revisions"}],"predecessor-version":[{"id":12737,"href":"https:\/\/uqam.ca\/es\/wp-json\/wp\/v2\/pages\/2287\/revisions\/12737"}],"up":[{"embeddable":true,"href":"https:\/\/uqam.ca\/es\/wp-json\/wp\/v2\/pages\/138"}],"wp:attachment":[{"href":"https:\/\/uqam.ca\/es\/wp-json\/wp\/v2\/media?parent=2287"}],"curies":[{"name":"wp","href":"https:\/\/api.w.org\/{rel}","templated":true}]}}