{"id":144,"date":"2019-07-24T19:13:30","date_gmt":"2019-07-24T19:13:30","guid":{"rendered":"https:\/\/uqam.dev.uqam.ca\/?page_id=144"},"modified":"2025-09-04T14:51:13","modified_gmt":"2025-09-04T18:51:13","slug":"acerca","status":"publish","type":"page","link":"https:\/\/uqam.ca\/es\/informacion\/acerca\/","title":{"rendered":"Acerca de la UQAM"},"content":{"rendered":"\n<p>La Universit\u00e9 du Qu\u00e9bec \u00e0 Montr\u00e9al (UQAM) es una&nbsp;<strong>universidad de lengua francesa<\/strong>.<\/p>\n\n\n\n<p>Creativa, abierta y din\u00e1mica, la UQAM es una universidad de vanguardia con proyecci\u00f3n internacional. La originalidad y las caracter\u00edsticas propias de sus programas, sus actividades de investigaci\u00f3n basadas en las preocupaciones sociales y sus innovaciones en materia de creaci\u00f3n han contribuido a edificar su renombre.<\/p>\n\n\n\n<hr class=\"wp-block-separator has-css-opacity\"\/>\n\n\n\n<h2 class=\"wp-block-heading\">Una universidad urbana<\/h2>\n\n\n\n<p>El campus central de la UQAM y el Complejo de Ciencias Pierre-Dansereau est\u00e1n ubicados en el coraz\u00f3n de los barrios m\u00e1s centrales y m\u00e1s animados de Montreal: el Barrio Latino y Barrio de los Espect\u00e1culos. La UQAM est\u00e1 conectada directamente con las estaciones de metro Berri-UQAM y Place-des-Arts. Adem\u00e1s, hay ciclov\u00edas y estaciones de bicicleta auto-servicio en las inmediaciones de sus pabellones.<\/p>\n\n\n\n<hr class=\"wp-block-separator has-css-opacity\"\/>\n\n\n\n<h2 class=\"wp-block-heading\">Numerosos e innovadores programas de estudio<\/h2>\n\n\n\n<p>La UQAM ofrece m\u00e1s de 375 programas de estudios divididos en 8 grandes \u00e1mbitos: artes, comunicaci\u00f3n, educaci\u00f3n, gesti\u00f3n, salud, ciencia pol\u00edtica y derecho, ciencias y ciencias humanas. Varias de estas formaciones son \u00fanicas en Qu\u00e9bec, en Canad\u00e1 y en Am\u00e9rica del Norte.<\/p>\n\n\n\n<hr class=\"wp-block-separator has-css-opacity\"\/>\n\n\n\n<h2 class=\"wp-block-heading\">La posibilidad de estudiar en campus regionales<\/h2>\n\n\n\n<p>Adem\u00e1s de su campus de Montreal, la UQAM recibe a los estudiantes en sus quatro campus ubicados en la regi\u00f3n metropolitana, lo que les permite cursar sus estudios a algunos kil\u00f3metros de su residencia. Los campus de Lanaudi\u00e8re, de Laval, de Longueuil  y de Mont\u00e9r\u00e9gie-Ouest ofrecen programas de estudios completos al igual que cursos de d\u00eda, de noche o el fin de semana.<\/p>\n\n\n\n<hr class=\"wp-block-separator has-css-opacity\"\/>\n\n\n\n<h2 class=\"wp-block-heading\">Una dimensi\u00f3n internacional<\/h2>\n\n\n\n<p>Cada a\u00f1o, la UQAM recibe m\u00e1s de 5.000 estudiantes extranjeros procedentes de 95 pa\u00edses. Respalda asimismo varios centros de investigaci\u00f3n con vocaci\u00f3n internacional, como el Instituto de Estudios Internacionales de Montreal. Con el correr del tiempo, la UQAM firm\u00f3 convenios con m\u00e1s de 400 establecimientos en 60 pa\u00edses, sin contar los numerosos v\u00ednculos creados gracias a su pertenencia a redes universitarias internacionales.<\/p>\n\n\n\n<hr class=\"wp-block-separator has-css-opacity\"\/>\n\n\n\n<h2 class=\"wp-block-heading\">Investigaci\u00f3n de punta<\/h2>\n\n\n\n<p>La UQAM ocupa el 1er lugar en Quebec y en el 8vo en Canad\u00e1 en materia de financiaci\u00f3n de la investigaci\u00f3n en la categor\u00eda de universidades con vocaci\u00f3n general (Research Infosource, 2020). Los investigadores de la universidad, reunidos en m\u00e1s de un centenar de unidades de investigaci\u00f3n y de creaci\u00f3n, son galardonados a\u00f1o tras a\u00f1o con numerosos premios y distinciones.<\/p>\n\n\n\n<hr class=\"wp-block-separator has-css-opacity\"\/>\n\n\n\n<h2 class=\"wp-block-heading\">La innovaci\u00f3n: elemento central de la misi\u00f3n de la UQAM<\/h2>\n\n\n\n<p>La UQAM fue pionera en el desarrollo de numerosas \u00e1reas de estudios que tradicionalmente no estaban en el \u00e1mbito universitario. La instituci\u00f3n re\u00fane especialidades \u00fanicas que han contribuido a configurar su identidad institucional, especialmente en materia de relaciones p\u00fablicas, actuario de seguros, sexolog\u00eda, derecho social, dise\u00f1o y artes visuales, estudios feministas, econom\u00eda social, sin olvidar sus progresos en ciencias de la Tierra y la atm\u00f3sfera al igual que en salud.<\/p>\n\n\n\n<hr class=\"wp-block-separator has-css-opacity\"\/>\n\n\n\n<h2 class=\"wp-block-heading\">Escuela de lenguas<\/h2>\n\n\n\n<p>La UQAM acoge a un gran n\u00famero de estudiantes extranjeros. Dado que es una universidad franc\u00f3fona, la mayor\u00eda de los cursos son impartidos en franc\u00e9s. Sin embargo, la <a href=\"http:\/\/www.langues.uqam.ca\">Escuela de lenguas<\/a> ofrece varios programas de estudio para el perfeccionamiento de otros idiomas incluyendo franc\u00e9s como lengua extranjera. La Escuela de lenguas se destaca por la calidad de sus programas y por la tecnolog\u00eda que acompa\u00f1a la ense\u00f1anza de lenguas extranjeras.<\/p>\n","protected":false},"excerpt":{"rendered":"<p>La Universit\u00e9 du Qu\u00e9bec \u00e0 Montr\u00e9al (UQAM) es una&nbsp;universidad de lengua francesa. Creativa, abierta y din\u00e1mica, la UQAM es una universidad de vanguardia con proyecci\u00f3n internacional. La originalidad y las caracter\u00edsticas propias de sus programas, sus actividades de investigaci\u00f3n basadas en las preocupaciones sociales y sus innovaciones en materia de creaci\u00f3n han contribuido a edificar [&hellip;]<\/p>\n","protected":false},"author":1,"featured_media":0,"parent":138,"menu_order":0,"comment_status":"closed","ping_status":"closed","template":"","meta":{"_acf_changed":false,"advgb_blocks_editor_width":"","advgb_blocks_columns_visual_guide":"","_monsterinsights_skip_tracking":false,"_monsterinsights_sitenote_active":false,"_monsterinsights_sitenote_note":"","_monsterinsights_sitenote_category":0,"footnotes":""},"class_list":["post-144","page","type-page","status-publish","hentry"],"acf":[],"yoast_head":"<!-- This site is optimized with the Yoast SEO plugin v26.9 - https:\/\/yoast.com\/product\/yoast-seo-wordpress\/ -->\n<title>Acerca de la UQAM - UQAM<\/title>\n<meta name=\"description\" content=\"Acerca de la UQAM - Universit\u00e9 du Qu\u00e9bec \u00e0 Montr\u00e9al - UQAM\" \/>\n<meta name=\"robots\" content=\"index, follow, max-snippet:-1, max-image-preview:large, max-video-preview:-1\" \/>\n<link rel=\"canonical\" href=\"https:\/\/uqam.ca\/es\/informacion\/acerca\/\" \/>\n<meta property=\"og:locale\" content=\"es_ES\" \/>\n<meta property=\"og:type\" content=\"article\" \/>\n<meta property=\"og:title\" content=\"Acerca de la UQAM - UQAM\" \/>\n<meta property=\"og:description\" content=\"Acerca de la UQAM - Universit\u00e9 du Qu\u00e9bec \u00e0 Montr\u00e9al - UQAM\" \/>\n<meta property=\"og:url\" content=\"https:\/\/uqam.ca\/es\/informacion\/acerca\/\" \/>\n<meta property=\"og:site_name\" content=\"Universit\u00e9 du Qu\u00e9bec \u00e0 Montr\u00e9al\" \/>\n<meta property=\"article:publisher\" content=\"http:\/\/www.facebook.com\/uqam1\" \/>\n<meta property=\"article:modified_time\" content=\"2025-09-04T18:51:13+00:00\" \/>\n<meta property=\"og:image\" content=\"https:\/\/ressources-medias.uqam.ca\/media\/uploads\/20200306151917\/campuscentral.jpg\" \/>\n\t<meta property=\"og:image:width\" content=\"1080\" \/>\n\t<meta property=\"og:image:height\" content=\"763\" \/>\n\t<meta property=\"og:image:type\" content=\"image\/jpeg\" \/>\n<meta name=\"twitter:card\" content=\"summary_large_image\" \/>\n<meta name=\"twitter:site\" content=\"@uqam\" \/>\n<meta name=\"twitter:label1\" content=\"Tiempo de lectura\" \/>\n\t<meta name=\"twitter:data1\" content=\"3 minutos\" \/>\n<script type=\"application\/ld+json\" class=\"yoast-schema-graph\">{\"@context\":\"https:\/\/schema.org\",\"@graph\":[{\"@type\":\"WebPage\",\"@id\":\"https:\/\/uqam.ca\/es\/informacion\/acerca\/\",\"url\":\"https:\/\/uqam.ca\/es\/informacion\/acerca\/\",\"name\":\"Acerca de la UQAM - UQAM\",\"isPartOf\":{\"@id\":\"https:\/\/uqam.ca\/#website\"},\"datePublished\":\"2019-07-24T19:13:30+00:00\",\"dateModified\":\"2025-09-04T18:51:13+00:00\",\"description\":\"Acerca de la UQAM - Universit\u00e9 du Qu\u00e9bec \u00e0 Montr\u00e9al - UQAM\",\"breadcrumb\":{\"@id\":\"https:\/\/uqam.ca\/es\/informacion\/acerca\/#breadcrumb\"},\"inLanguage\":\"es\",\"potentialAction\":[{\"@type\":\"ReadAction\",\"target\":[\"https:\/\/uqam.ca\/es\/informacion\/acerca\/\"]}]},{\"@type\":\"BreadcrumbList\",\"@id\":\"https:\/\/uqam.ca\/es\/informacion\/acerca\/#breadcrumb\",\"itemListElement\":[{\"@type\":\"ListItem\",\"position\":1,\"name\":\"UQAM\",\"item\":\"https:\/\/uqam.ca\"},{\"@type\":\"ListItem\",\"position\":2,\"name\":\"Universit\u00e9 du Qu\u00e9bec \u00e0 Montr\u00e9al\",\"item\":\"https:\/\/uqam.ca\/es\/\"},{\"@type\":\"ListItem\",\"position\":3,\"name\":\"Informaci\u00f3n en espa\u00f1ol\",\"item\":\"https:\/\/uqam.ca\/es\/informacion\/\"},{\"@type\":\"ListItem\",\"position\":4,\"name\":\"Acerca de la UQAM\"}]},{\"@type\":\"WebSite\",\"@id\":\"https:\/\/uqam.ca\/#website\",\"url\":\"https:\/\/uqam.ca\/\",\"name\":\"Universit\u00e9 du Qu\u00e9bec \u00e0 Montr\u00e9al\",\"description\":\"UQAM\",\"publisher\":{\"@id\":\"https:\/\/uqam.ca\/#organization\"},\"potentialAction\":[{\"@type\":\"SearchAction\",\"target\":{\"@type\":\"EntryPoint\",\"urlTemplate\":\"https:\/\/uqam.ca\/?s={search_term_string}\"},\"query-input\":{\"@type\":\"PropertyValueSpecification\",\"valueRequired\":true,\"valueName\":\"search_term_string\"}}],\"inLanguage\":\"es\"},{\"@type\":\"Organization\",\"@id\":\"https:\/\/uqam.ca\/#organization\",\"name\":\"UQAM | Universit\u00e9 du Qu\u00e9bec \u00e0 Montr\u00e9al\",\"url\":\"https:\/\/uqam.ca\/\",\"logo\":{\"@type\":\"ImageObject\",\"inLanguage\":\"es\",\"@id\":\"https:\/\/uqam.ca\/#\/schema\/logo\/image\/\",\"url\":\"https:\/\/ressources-medias.uqam.ca\/media\/uploads\/20200306145948\/uqambleu.jpg\",\"contentUrl\":\"https:\/\/ressources-medias.uqam.ca\/media\/uploads\/20200306145948\/uqambleu.jpg\",\"width\":400,\"height\":400,\"caption\":\"UQAM | Universit\u00e9 du Qu\u00e9bec \u00e0 Montr\u00e9al\"},\"image\":{\"@id\":\"https:\/\/uqam.ca\/#\/schema\/logo\/image\/\"},\"sameAs\":[\"http:\/\/www.facebook.com\/uqam1\",\"https:\/\/x.com\/uqam\",\"http:\/\/www.instagram.com\/uqam\",\"http:\/\/www.linkedin.com\/school\/uqam\/\",\"http:\/\/www.pinterest.ca\/uqam\/\",\"http:\/\/www.youtube.com\/user\/UQAMtv\"]}]}<\/script>\n<!-- \/ Yoast SEO plugin. -->","yoast_head_json":{"title":"Acerca de la UQAM - UQAM","description":"Acerca de la UQAM - Universit\u00e9 du Qu\u00e9bec \u00e0 Montr\u00e9al - UQAM","robots":{"index":"index","follow":"follow","max-snippet":"max-snippet:-1","max-image-preview":"max-image-preview:large","max-video-preview":"max-video-preview:-1"},"canonical":"https:\/\/uqam.ca\/es\/informacion\/acerca\/","og_locale":"es_ES","og_type":"article","og_title":"Acerca de la UQAM - UQAM","og_description":"Acerca de la UQAM - Universit\u00e9 du Qu\u00e9bec \u00e0 Montr\u00e9al - UQAM","og_url":"https:\/\/uqam.ca\/es\/informacion\/acerca\/","og_site_name":"Universit\u00e9 du Qu\u00e9bec \u00e0 Montr\u00e9al","article_publisher":"http:\/\/www.facebook.com\/uqam1","article_modified_time":"2025-09-04T18:51:13+00:00","og_image":[{"width":1080,"height":763,"url":"https:\/\/ressources-medias.uqam.ca\/media\/uploads\/20200306151917\/campuscentral.jpg","type":"image\/jpeg"}],"twitter_card":"summary_large_image","twitter_site":"@uqam","twitter_misc":{"Tiempo de lectura":"3 minutos"},"schema":{"@context":"https:\/\/schema.org","@graph":[{"@type":"WebPage","@id":"https:\/\/uqam.ca\/es\/informacion\/acerca\/","url":"https:\/\/uqam.ca\/es\/informacion\/acerca\/","name":"Acerca de la UQAM - UQAM","isPartOf":{"@id":"https:\/\/uqam.ca\/#website"},"datePublished":"2019-07-24T19:13:30+00:00","dateModified":"2025-09-04T18:51:13+00:00","description":"Acerca de la UQAM - Universit\u00e9 du Qu\u00e9bec \u00e0 Montr\u00e9al - UQAM","breadcrumb":{"@id":"https:\/\/uqam.ca\/es\/informacion\/acerca\/#breadcrumb"},"inLanguage":"es","potentialAction":[{"@type":"ReadAction","target":["https:\/\/uqam.ca\/es\/informacion\/acerca\/"]}]},{"@type":"BreadcrumbList","@id":"https:\/\/uqam.ca\/es\/informacion\/acerca\/#breadcrumb","itemListElement":[{"@type":"ListItem","position":1,"name":"UQAM","item":"https:\/\/uqam.ca"},{"@type":"ListItem","position":2,"name":"Universit\u00e9 du Qu\u00e9bec \u00e0 Montr\u00e9al","item":"https:\/\/uqam.ca\/es\/"},{"@type":"ListItem","position":3,"name":"Informaci\u00f3n en espa\u00f1ol","item":"https:\/\/uqam.ca\/es\/informacion\/"},{"@type":"ListItem","position":4,"name":"Acerca de la UQAM"}]},{"@type":"WebSite","@id":"https:\/\/uqam.ca\/#website","url":"https:\/\/uqam.ca\/","name":"Universit\u00e9 du Qu\u00e9bec \u00e0 Montr\u00e9al","description":"UQAM","publisher":{"@id":"https:\/\/uqam.ca\/#organization"},"potentialAction":[{"@type":"SearchAction","target":{"@type":"EntryPoint","urlTemplate":"https:\/\/uqam.ca\/?s={search_term_string}"},"query-input":{"@type":"PropertyValueSpecification","valueRequired":true,"valueName":"search_term_string"}}],"inLanguage":"es"},{"@type":"Organization","@id":"https:\/\/uqam.ca\/#organization","name":"UQAM | Universit\u00e9 du Qu\u00e9bec \u00e0 Montr\u00e9al","url":"https:\/\/uqam.ca\/","logo":{"@type":"ImageObject","inLanguage":"es","@id":"https:\/\/uqam.ca\/#\/schema\/logo\/image\/","url":"https:\/\/ressources-medias.uqam.ca\/media\/uploads\/20200306145948\/uqambleu.jpg","contentUrl":"https:\/\/ressources-medias.uqam.ca\/media\/uploads\/20200306145948\/uqambleu.jpg","width":400,"height":400,"caption":"UQAM | Universit\u00e9 du Qu\u00e9bec \u00e0 Montr\u00e9al"},"image":{"@id":"https:\/\/uqam.ca\/#\/schema\/logo\/image\/"},"sameAs":["http:\/\/www.facebook.com\/uqam1","https:\/\/x.com\/uqam","http:\/\/www.instagram.com\/uqam","http:\/\/www.linkedin.com\/school\/uqam\/","http:\/\/www.pinterest.ca\/uqam\/","http:\/\/www.youtube.com\/user\/UQAMtv"]}]}},"coauthors":[],"author_meta":{"author_link":"https:\/\/uqam.ca\/es\/author\/audiovisuel_admin\/","display_name":"audiovisuel_admin"},"relative_dates":{"created":"Publicado 7 a\u00f1os hace","modified":"Actualizado 7 meses hace"},"absolute_dates":{"created":"Publicado el 24 julio","modified":"Actualizado el 4 septiembre"},"absolute_dates_time":{"created":"Publicado el 24 julio 7:13 pm","modified":"Actualizado el 4 septiembre 2:51 pm"},"featured_img_caption":"","featured_img":false,"series_order":"","_links":{"self":[{"href":"https:\/\/uqam.ca\/es\/wp-json\/wp\/v2\/pages\/144","targetHints":{"allow":["GET"]}}],"collection":[{"href":"https:\/\/uqam.ca\/es\/wp-json\/wp\/v2\/pages"}],"about":[{"href":"https:\/\/uqam.ca\/es\/wp-json\/wp\/v2\/types\/page"}],"author":[{"embeddable":true,"href":"https:\/\/uqam.ca\/es\/wp-json\/wp\/v2\/users\/1"}],"replies":[{"embeddable":true,"href":"https:\/\/uqam.ca\/es\/wp-json\/wp\/v2\/comments?post=144"}],"version-history":[{"count":9,"href":"https:\/\/uqam.ca\/es\/wp-json\/wp\/v2\/pages\/144\/revisions"}],"predecessor-version":[{"id":11961,"href":"https:\/\/uqam.ca\/es\/wp-json\/wp\/v2\/pages\/144\/revisions\/11961"}],"up":[{"embeddable":true,"href":"https:\/\/uqam.ca\/es\/wp-json\/wp\/v2\/pages\/138"}],"wp:attachment":[{"href":"https:\/\/uqam.ca\/es\/wp-json\/wp\/v2\/media?parent=144"}],"curies":[{"name":"wp","href":"https:\/\/api.w.org\/{rel}","templated":true}]}}