{"id":532,"date":"2019-07-23T19:06:54","date_gmt":"2019-07-23T19:06:54","guid":{"rendered":"https:\/\/uqam.dev.uqam.ca\/?page_id=532"},"modified":"2026-02-20T15:49:29","modified_gmt":"2026-02-20T20:49:29","slug":"centers","status":"publish","type":"page","link":"https:\/\/uqam.ca\/en\/information\/centers\/","title":{"rendered":"Art and science centers"},"content":{"rendered":"\n<div class=\"wp-block-columns is-layout-flex wp-container-core-columns-is-layout-9d6595d7 wp-block-columns-is-layout-flex\">\n<div class=\"wp-block-column is-layout-flow wp-block-column-is-layout-flow\">\n<figure class=\"wp-block-image\"><a href=\"http:\/\/coeurdessciences.uqam.ca\/\"><img loading=\"lazy\" decoding=\"async\" width=\"667\" height=\"667\" src=\"https:\/\/ressources-medias.uqam.ca\/media\/uploads\/20200127164725\/coeurDesSciences.jpg\" alt=\"\" class=\"wp-image-1684\" srcset=\"https:\/\/ressources-medias.uqam.ca\/media\/uploads\/20200127164725\/coeurDesSciences.jpg 667w, https:\/\/ressources-medias.uqam.ca\/media\/uploads\/20200127164725\/coeurDesSciences-150x150.jpg 150w, https:\/\/ressources-medias.uqam.ca\/media\/uploads\/20200127164725\/coeurDesSciences-300x300.jpg 300w\" sizes=\"auto, (max-width: 667px) 100vw, 667px\" \/><\/a><\/figure>\n\n\n\n<h2 class=\"wp-block-heading\">C\u0153ur des sciences<\/h2>\n\n\n\n<p>The mission of C\u0153ur des sciences is to foster the development of scientific literacy in the general public. It also provides an opportunity to discuss social, political and economic issues related to science and technology.<\/p>\n\n\n\n<p class=\"lienExterne\"><a href=\"http:\/\/coeurdessciences.uqam.ca\/\">C\u0153ur des sciences website<\/a><\/p>\n<\/div>\n\n\n\n<div class=\"wp-block-column is-layout-flow wp-block-column-is-layout-flow\">\n<figure class=\"wp-block-image\"><a href=\"http:\/\/www.centrededesign.com\/\"><img loading=\"lazy\" decoding=\"async\" width=\"730\" height=\"730\" src=\"https:\/\/ressources-medias.uqam.ca\/media\/uploads\/20200127164732\/lieu2.jpg\" alt=\"Centre de design\" class=\"wp-image-556\" srcset=\"https:\/\/ressources-medias.uqam.ca\/media\/uploads\/20200127164732\/lieu2.jpg 730w, https:\/\/ressources-medias.uqam.ca\/media\/uploads\/20200127164732\/lieu2-150x150.jpg 150w, https:\/\/ressources-medias.uqam.ca\/media\/uploads\/20200127164732\/lieu2-300x300.jpg 300w\" sizes=\"auto, (max-width: 730px) 100vw, 730px\" \/><\/a><\/figure>\n\n\n\n<h2 class=\"wp-block-heading\">Centre de design<\/h2>\n\n\n\n<p>Dedicated to the promotion and recognition of design, the Centre de design presents exhibitions that illustrate historical and current trends in graphic, industrial and urban design, architecture, and fashion.<\/p>\n\n\n\n<p class=\"lienExterne\"><a href=\"http:\/\/www.centrededesign.com\/\">Centre de design website<\/a><\/p>\n<\/div>\n\n\n\n<div class=\"wp-block-column is-layout-flow wp-block-column-is-layout-flow\">\n<figure class=\"wp-block-image\"><a href=\"https:\/\/galerie.uqam.ca\/\"><img loading=\"lazy\" decoding=\"async\" width=\"730\" height=\"730\" src=\"https:\/\/ressources-medias.uqam.ca\/media\/uploads\/20200127164732\/lieu3.jpg\" alt=\"Galerie de l'UQAM\" class=\"wp-image-560\" srcset=\"https:\/\/ressources-medias.uqam.ca\/media\/uploads\/20200127164732\/lieu3.jpg 730w, https:\/\/ressources-medias.uqam.ca\/media\/uploads\/20200127164732\/lieu3-150x150.jpg 150w, https:\/\/ressources-medias.uqam.ca\/media\/uploads\/20200127164732\/lieu3-300x300.jpg 300w\" sizes=\"auto, (max-width: 730px) 100vw, 730px\" \/><\/a><\/figure>\n\n\n\n<h2 class=\"wp-block-heading\">Galerie de l&#8217;UQAM<\/h2>\n\n\n\n<p>The Galerie de l\u2019UQAM organizes and holds exhibitions of contemporary Quebec, Canadian and international art, produced mainly by recognized curators.<\/p>\n\n\n\n<p class=\"lienExterne\"><a href=\"https:\/\/galerie.uqam.ca\/\">Galerie de l\u2019UQAM website<\/a><\/p>\n<\/div>\n<\/div>\n\n\n\n<div class=\"wp-block-columns pt-6 is-layout-flex wp-container-core-columns-is-layout-9d6595d7 wp-block-columns-is-layout-flex\">\n<div class=\"wp-block-column is-layout-flow wp-block-column-is-layout-flow\">\n<figure class=\"wp-block-image\"><a href=\"https:\/\/evenements.uqam.ca\/\"><img loading=\"lazy\" decoding=\"async\" width=\"707\" height=\"707\" src=\"https:\/\/ressources-medias.uqam.ca\/media\/uploads\/20200127164725\/espacesPublicsExterieurs.jpg\" alt=\"\" class=\"wp-image-1688\" srcset=\"https:\/\/ressources-medias.uqam.ca\/media\/uploads\/20200127164725\/espacesPublicsExterieurs.jpg 707w, https:\/\/ressources-medias.uqam.ca\/media\/uploads\/20200127164725\/espacesPublicsExterieurs-150x150.jpg 150w, https:\/\/ressources-medias.uqam.ca\/media\/uploads\/20200127164725\/espacesPublicsExterieurs-300x300.jpg 300w\" sizes=\"auto, (max-width: 707px) 100vw, 707px\" \/><\/a><\/figure>\n\n\n\n<h2 class=\"wp-block-heading\">Outdoor public spaces<\/h2>\n\n\n\n<p>UQAM\u2019s outdoor public spaces include Place Pasteur, in front of the Athanase-David Pavilion; the bell tower of the Judith-Jasmin Pavilion; and the facades of the Design and President Kennedy pavilions. Each year, these spaces are used for occupation projects and architectural projections.<\/p>\n\n\n\n<p class=\"lienExterne\"><a href=\"https:\/\/evenements.uqam.ca\/\">Cultural calendar<\/a><\/p>\n<\/div>\n\n\n\n<div class=\"wp-block-column is-layout-flow wp-block-column-is-layout-flow\">\n<figure class=\"wp-block-image\"><a href=\"http:\/\/www.agoradanse.com\/\"><img loading=\"lazy\" decoding=\"async\" width=\"730\" height=\"730\" src=\"https:\/\/ressources-medias.uqam.ca\/media\/uploads\/20200127164732\/lieu5.jpg\" alt=\"Dance Pavillon\" class=\"wp-image-568\" srcset=\"https:\/\/ressources-medias.uqam.ca\/media\/uploads\/20200127164732\/lieu5.jpg 730w, https:\/\/ressources-medias.uqam.ca\/media\/uploads\/20200127164732\/lieu5-150x150.jpg 150w, https:\/\/ressources-medias.uqam.ca\/media\/uploads\/20200127164732\/lieu5-300x300.jpg 300w\" sizes=\"auto, (max-width: 730px) 100vw, 730px\" \/><\/a><\/figure>\n\n\n\n<h2 class=\"wp-block-heading\">Dance Pavilion<\/h2>\n\n\n\n<p>The Dance Pavilion has two very functional performance spaces that are open to the public. These spaces are used both by UQAM and by dance companies and independent dancers.<\/p>\n\n\n\n<p class=\"lienExterne\"><a href=\"http:\/\/www.agoradanse.com\/\">Dance Department website<\/a><\/p>\n<\/div>\n\n\n\n<div class=\"wp-block-column is-layout-flow wp-block-column-is-layout-flow\">\n<figure class=\"wp-block-image\"><a href=\"http:\/\/cdex.uqam.ca\/\"><img loading=\"lazy\" decoding=\"async\" width=\"708\" height=\"708\" src=\"https:\/\/ressources-medias.uqam.ca\/media\/uploads\/20200127164725\/CDEx.jpg\" alt=\"\" class=\"wp-image-1680\" srcset=\"https:\/\/ressources-medias.uqam.ca\/media\/uploads\/20200127164725\/CDEx.jpg 708w, https:\/\/ressources-medias.uqam.ca\/media\/uploads\/20200127164725\/CDEx-150x150.jpg 150w, https:\/\/ressources-medias.uqam.ca\/media\/uploads\/20200127164725\/CDEx-300x300.jpg 300w\" sizes=\"auto, (max-width: 708px) 100vw, 708px\" \/><\/a><\/figure>\n\n\n\n<h2 class=\"wp-block-heading\">Centre de diffusion et d&#8217;exp\u00e9rimentation (CDEx)<\/h2>\n\n\n\n<p>Located on the corner of Saint-Denis and Sainte-Catherine streets, CDEx is a venue for exhibition and experimentation by Masters and PhD students in Visual and Media Arts. People outside these two programs also can present their projects here.<\/p>\n\n\n\n<p class=\"lienExterne\"><a href=\"http:\/\/cdex.uqam.ca\/\">CDEx website<\/a><\/p>\n<\/div>\n<\/div>\n\n\n\n<div class=\"wp-block-columns pt-6 is-layout-flex wp-container-core-columns-is-layout-9d6595d7 wp-block-columns-is-layout-flex\">\n<div class=\"wp-block-column is-layout-flow wp-block-column-is-layout-flow\">\n<figure class=\"wp-block-image\"><a href=\"http:\/\/www.centrepierrepeladeau.uqam.ca\/\"><img loading=\"lazy\" decoding=\"async\" width=\"730\" height=\"730\" src=\"https:\/\/ressources-medias.uqam.ca\/media\/uploads\/20200127164732\/lieu7.jpg\" alt=\"Centre Pierre-P\u00e9ladeau (salle Pierre-Mercure)\" class=\"wp-image-576\" srcset=\"https:\/\/ressources-medias.uqam.ca\/media\/uploads\/20200127164732\/lieu7.jpg 730w, https:\/\/ressources-medias.uqam.ca\/media\/uploads\/20200127164732\/lieu7-150x150.jpg 150w, https:\/\/ressources-medias.uqam.ca\/media\/uploads\/20200127164732\/lieu7-300x300.jpg 300w\" sizes=\"auto, (max-width: 730px) 100vw, 730px\" \/><\/a><\/figure>\n\n\n\n<h2 class=\"wp-block-heading\">Centre Pierre-P\u00e9ladeau (salle Pierre-Mercure)<\/h2>\n\n\n\n<p>Since October 1992, the Centre Pierre-P\u00e9ladeau has been considered a major venue for the production and presentation of the performing arts in Montreal.<\/p>\n\n\n\n<p class=\"lienExterne\"><a href=\"http:\/\/www.centrepierrepeladeau.uqam.ca\/\">Centre Pierre-P\u00e9ladeau website<\/a><\/p>\n<\/div>\n\n\n\n<div class=\"wp-block-column is-layout-flow wp-block-column-is-layout-flow\">\n<figure class=\"wp-block-image\"><a href=\"http:\/\/www.audiovisuel.uqam.ca\/services\/cinemas.asp\"><img loading=\"lazy\" decoding=\"async\" width=\"730\" height=\"730\" src=\"https:\/\/ressources-medias.uqam.ca\/media\/uploads\/20200127164731\/lieu8.jpg\" alt=\"Cin\u00e9mas\" class=\"wp-image-580\" srcset=\"https:\/\/ressources-medias.uqam.ca\/media\/uploads\/20200127164731\/lieu8.jpg 730w, https:\/\/ressources-medias.uqam.ca\/media\/uploads\/20200127164731\/lieu8-150x150.jpg 150w, https:\/\/ressources-medias.uqam.ca\/media\/uploads\/20200127164731\/lieu8-300x300.jpg 300w\" sizes=\"auto, (max-width: 730px) 100vw, 730px\" \/><\/a><\/figure>\n\n\n\n<h2 class=\"wp-block-heading\">Cinemas<\/h2>\n\n\n\n<p>The Audiovisual Service has two cinemas located in the Judith-Jasmin Annex at 1564 Saint-Denis Street, in the heart of the Latin Quarter. <\/p>\n\n\n\n<p class=\"lienExterne\"><\/p>\n<\/div>\n\n\n\n<div class=\"wp-block-column is-layout-flow wp-block-column-is-layout-flow\">\n<figure class=\"wp-block-image\"><a href=\"https:\/\/theatre.uqam.ca\/lecole\/location-de-salles\/studio-theatre-alfred-laliberte\/https:\/\/theatre.uqam.ca\/lecole\/location-de-salles\/studio-theatre-alfred-laliberte\/\"><img loading=\"lazy\" decoding=\"async\" width=\"730\" height=\"730\" src=\"https:\/\/ressources-medias.uqam.ca\/media\/uploads\/20200127164731\/lieu9.jpg\" alt=\"Studio-th\u00e9\u00e2tre Alfred-Lalibert\u00e9\" class=\"wp-image-584\" srcset=\"https:\/\/ressources-medias.uqam.ca\/media\/uploads\/20200127164731\/lieu9.jpg 730w, https:\/\/ressources-medias.uqam.ca\/media\/uploads\/20200127164731\/lieu9-150x150.jpg 150w, https:\/\/ressources-medias.uqam.ca\/media\/uploads\/20200127164731\/lieu9-300x300.jpg 300w\" sizes=\"auto, (max-width: 730px) 100vw, 730px\" \/><\/a><\/figure>\n\n\n\n<h2 class=\"wp-block-heading\">Theatre spaces<\/h2>\n\n\n\n<p>The Studio-d&#8217;essai Claude-Gauvreau can be used for shows, symposia, conferences, talks and public meetings.<\/p>\n\n\n\n<p class=\"lienExterne\"><a href=\"https:\/\/theatre.uqam.ca\/lecole\/location-de-salles\/studio-dessai-claude-gauvreau\">Renting theatre spaces<\/a><\/p>\n<\/div>\n<\/div>\n","protected":false},"excerpt":{"rendered":"<p>C\u0153ur des sciences The mission of C\u0153ur des sciences is to foster the development of scientific literacy in the general public. It also provides an opportunity to discuss social, political and economic issues related to science and technology. C\u0153ur des sciences website Centre de design Dedicated to the promotion and recognition of design, the Centre [&hellip;]<\/p>\n","protected":false},"author":1,"featured_media":0,"parent":136,"menu_order":0,"comment_status":"closed","ping_status":"closed","template":"","meta":{"_acf_changed":false,"advgb_blocks_editor_width":"","advgb_blocks_columns_visual_guide":"","_monsterinsights_skip_tracking":false,"_monsterinsights_sitenote_active":false,"_monsterinsights_sitenote_note":"","_monsterinsights_sitenote_category":0,"footnotes":""},"class_list":["post-532","page","type-page","status-publish","hentry"],"acf":[],"yoast_head":"<!-- This site is optimized with the Yoast SEO plugin v26.9 - https:\/\/yoast.com\/product\/yoast-seo-wordpress\/ -->\n<title>Art and science centers - UQAM<\/title>\n<meta name=\"description\" content=\"Art and science centers - Universit\u00e9 du Qu\u00e9bec \u00e0 Montr\u00e9al - UQAM\" \/>\n<meta name=\"robots\" content=\"index, follow, max-snippet:-1, max-image-preview:large, max-video-preview:-1\" \/>\n<link rel=\"canonical\" href=\"https:\/\/uqam.ca\/en\/information\/centers\/\" \/>\n<meta property=\"og:locale\" content=\"en_US\" \/>\n<meta property=\"og:type\" content=\"article\" \/>\n<meta property=\"og:title\" content=\"Art and science centers - UQAM\" \/>\n<meta property=\"og:description\" content=\"Art and science centers - Universit\u00e9 du Qu\u00e9bec \u00e0 Montr\u00e9al - UQAM\" \/>\n<meta property=\"og:url\" content=\"https:\/\/uqam.ca\/en\/information\/centers\/\" \/>\n<meta property=\"og:site_name\" content=\"Universit\u00e9 du Qu\u00e9bec \u00e0 Montr\u00e9al\" \/>\n<meta property=\"article:publisher\" content=\"http:\/\/www.facebook.com\/uqam1\" \/>\n<meta property=\"article:modified_time\" content=\"2026-02-20T20:49:29+00:00\" \/>\n<meta property=\"og:image\" content=\"https:\/\/uqam.ca\/wp-content\/uploads\/coeurDesSciences.jpg\" \/>\n<meta name=\"twitter:card\" content=\"summary_large_image\" \/>\n<meta name=\"twitter:site\" content=\"@uqam\" \/>\n<meta name=\"twitter:label1\" content=\"Est. reading time\" \/>\n\t<meta name=\"twitter:data1\" content=\"7 minutes\" \/>\n<script type=\"application\/ld+json\" class=\"yoast-schema-graph\">{\"@context\":\"https:\/\/schema.org\",\"@graph\":[{\"@type\":\"WebPage\",\"@id\":\"https:\/\/uqam.ca\/en\/information\/centers\/\",\"url\":\"https:\/\/uqam.ca\/en\/information\/centers\/\",\"name\":\"Art and science centers - UQAM\",\"isPartOf\":{\"@id\":\"https:\/\/uqam.ca\/#website\"},\"primaryImageOfPage\":{\"@id\":\"https:\/\/uqam.ca\/en\/information\/centers\/#primaryimage\"},\"image\":{\"@id\":\"https:\/\/uqam.ca\/en\/information\/centers\/#primaryimage\"},\"thumbnailUrl\":\"https:\/\/uqam.ca\/wp-content\/uploads\/coeurDesSciences.jpg\",\"datePublished\":\"2019-07-23T19:06:54+00:00\",\"dateModified\":\"2026-02-20T20:49:29+00:00\",\"description\":\"Art and science centers - Universit\u00e9 du Qu\u00e9bec \u00e0 Montr\u00e9al - UQAM\",\"breadcrumb\":{\"@id\":\"https:\/\/uqam.ca\/en\/information\/centers\/#breadcrumb\"},\"inLanguage\":\"en-US\",\"potentialAction\":[{\"@type\":\"ReadAction\",\"target\":[\"https:\/\/uqam.ca\/en\/information\/centers\/\"]}]},{\"@type\":\"ImageObject\",\"inLanguage\":\"en-US\",\"@id\":\"https:\/\/uqam.ca\/en\/information\/centers\/#primaryimage\",\"url\":\"https:\/\/uqam.ca\/wp-content\/uploads\/coeurDesSciences.jpg\",\"contentUrl\":\"https:\/\/uqam.ca\/wp-content\/uploads\/coeurDesSciences.jpg\"},{\"@type\":\"BreadcrumbList\",\"@id\":\"https:\/\/uqam.ca\/en\/information\/centers\/#breadcrumb\",\"itemListElement\":[{\"@type\":\"ListItem\",\"position\":1,\"name\":\"UQAM\",\"item\":\"https:\/\/uqam.ca\"},{\"@type\":\"ListItem\",\"position\":2,\"name\":\"Universit\u00e9 du Qu\u00e9bec \u00e0 Montr\u00e9al\",\"item\":\"https:\/\/uqam.ca\/en\/\"},{\"@type\":\"ListItem\",\"position\":3,\"name\":\"Information in English\",\"item\":\"https:\/\/uqam.ca\/en\/information\/\"},{\"@type\":\"ListItem\",\"position\":4,\"name\":\"Art and science centers\"}]},{\"@type\":\"WebSite\",\"@id\":\"https:\/\/uqam.ca\/#website\",\"url\":\"https:\/\/uqam.ca\/\",\"name\":\"Universit\u00e9 du Qu\u00e9bec \u00e0 Montr\u00e9al\",\"description\":\"UQAM\",\"publisher\":{\"@id\":\"https:\/\/uqam.ca\/#organization\"},\"potentialAction\":[{\"@type\":\"SearchAction\",\"target\":{\"@type\":\"EntryPoint\",\"urlTemplate\":\"https:\/\/uqam.ca\/?s={search_term_string}\"},\"query-input\":{\"@type\":\"PropertyValueSpecification\",\"valueRequired\":true,\"valueName\":\"search_term_string\"}}],\"inLanguage\":\"en-US\"},{\"@type\":\"Organization\",\"@id\":\"https:\/\/uqam.ca\/#organization\",\"name\":\"UQAM | Universit\u00e9 du Qu\u00e9bec \u00e0 Montr\u00e9al\",\"url\":\"https:\/\/uqam.ca\/\",\"logo\":{\"@type\":\"ImageObject\",\"inLanguage\":\"en-US\",\"@id\":\"https:\/\/uqam.ca\/#\/schema\/logo\/image\/\",\"url\":\"https:\/\/ressources-medias.uqam.ca\/media\/uploads\/20200306145948\/uqambleu.jpg\",\"contentUrl\":\"https:\/\/ressources-medias.uqam.ca\/media\/uploads\/20200306145948\/uqambleu.jpg\",\"width\":400,\"height\":400,\"caption\":\"UQAM | Universit\u00e9 du Qu\u00e9bec \u00e0 Montr\u00e9al\"},\"image\":{\"@id\":\"https:\/\/uqam.ca\/#\/schema\/logo\/image\/\"},\"sameAs\":[\"http:\/\/www.facebook.com\/uqam1\",\"https:\/\/x.com\/uqam\",\"http:\/\/www.instagram.com\/uqam\",\"http:\/\/www.linkedin.com\/school\/uqam\/\",\"http:\/\/www.pinterest.ca\/uqam\/\",\"http:\/\/www.youtube.com\/user\/UQAMtv\"]}]}<\/script>\n<!-- \/ Yoast SEO plugin. -->","yoast_head_json":{"title":"Art and science centers - UQAM","description":"Art and science centers - Universit\u00e9 du Qu\u00e9bec \u00e0 Montr\u00e9al - UQAM","robots":{"index":"index","follow":"follow","max-snippet":"max-snippet:-1","max-image-preview":"max-image-preview:large","max-video-preview":"max-video-preview:-1"},"canonical":"https:\/\/uqam.ca\/en\/information\/centers\/","og_locale":"en_US","og_type":"article","og_title":"Art and science centers - UQAM","og_description":"Art and science centers - Universit\u00e9 du Qu\u00e9bec \u00e0 Montr\u00e9al - UQAM","og_url":"https:\/\/uqam.ca\/en\/information\/centers\/","og_site_name":"Universit\u00e9 du Qu\u00e9bec \u00e0 Montr\u00e9al","article_publisher":"http:\/\/www.facebook.com\/uqam1","article_modified_time":"2026-02-20T20:49:29+00:00","og_image":[{"url":"https:\/\/uqam.ca\/wp-content\/uploads\/coeurDesSciences.jpg","type":"","width":"","height":""}],"twitter_card":"summary_large_image","twitter_site":"@uqam","twitter_misc":{"Est. reading time":"7 minutes"},"schema":{"@context":"https:\/\/schema.org","@graph":[{"@type":"WebPage","@id":"https:\/\/uqam.ca\/en\/information\/centers\/","url":"https:\/\/uqam.ca\/en\/information\/centers\/","name":"Art and science centers - UQAM","isPartOf":{"@id":"https:\/\/uqam.ca\/#website"},"primaryImageOfPage":{"@id":"https:\/\/uqam.ca\/en\/information\/centers\/#primaryimage"},"image":{"@id":"https:\/\/uqam.ca\/en\/information\/centers\/#primaryimage"},"thumbnailUrl":"https:\/\/uqam.ca\/wp-content\/uploads\/coeurDesSciences.jpg","datePublished":"2019-07-23T19:06:54+00:00","dateModified":"2026-02-20T20:49:29+00:00","description":"Art and science centers - Universit\u00e9 du Qu\u00e9bec \u00e0 Montr\u00e9al - UQAM","breadcrumb":{"@id":"https:\/\/uqam.ca\/en\/information\/centers\/#breadcrumb"},"inLanguage":"en-US","potentialAction":[{"@type":"ReadAction","target":["https:\/\/uqam.ca\/en\/information\/centers\/"]}]},{"@type":"ImageObject","inLanguage":"en-US","@id":"https:\/\/uqam.ca\/en\/information\/centers\/#primaryimage","url":"https:\/\/uqam.ca\/wp-content\/uploads\/coeurDesSciences.jpg","contentUrl":"https:\/\/uqam.ca\/wp-content\/uploads\/coeurDesSciences.jpg"},{"@type":"BreadcrumbList","@id":"https:\/\/uqam.ca\/en\/information\/centers\/#breadcrumb","itemListElement":[{"@type":"ListItem","position":1,"name":"UQAM","item":"https:\/\/uqam.ca"},{"@type":"ListItem","position":2,"name":"Universit\u00e9 du Qu\u00e9bec \u00e0 Montr\u00e9al","item":"https:\/\/uqam.ca\/en\/"},{"@type":"ListItem","position":3,"name":"Information in English","item":"https:\/\/uqam.ca\/en\/information\/"},{"@type":"ListItem","position":4,"name":"Art and science centers"}]},{"@type":"WebSite","@id":"https:\/\/uqam.ca\/#website","url":"https:\/\/uqam.ca\/","name":"Universit\u00e9 du Qu\u00e9bec \u00e0 Montr\u00e9al","description":"UQAM","publisher":{"@id":"https:\/\/uqam.ca\/#organization"},"potentialAction":[{"@type":"SearchAction","target":{"@type":"EntryPoint","urlTemplate":"https:\/\/uqam.ca\/?s={search_term_string}"},"query-input":{"@type":"PropertyValueSpecification","valueRequired":true,"valueName":"search_term_string"}}],"inLanguage":"en-US"},{"@type":"Organization","@id":"https:\/\/uqam.ca\/#organization","name":"UQAM | Universit\u00e9 du Qu\u00e9bec \u00e0 Montr\u00e9al","url":"https:\/\/uqam.ca\/","logo":{"@type":"ImageObject","inLanguage":"en-US","@id":"https:\/\/uqam.ca\/#\/schema\/logo\/image\/","url":"https:\/\/ressources-medias.uqam.ca\/media\/uploads\/20200306145948\/uqambleu.jpg","contentUrl":"https:\/\/ressources-medias.uqam.ca\/media\/uploads\/20200306145948\/uqambleu.jpg","width":400,"height":400,"caption":"UQAM | Universit\u00e9 du Qu\u00e9bec \u00e0 Montr\u00e9al"},"image":{"@id":"https:\/\/uqam.ca\/#\/schema\/logo\/image\/"},"sameAs":["http:\/\/www.facebook.com\/uqam1","https:\/\/x.com\/uqam","http:\/\/www.instagram.com\/uqam","http:\/\/www.linkedin.com\/school\/uqam\/","http:\/\/www.pinterest.ca\/uqam\/","http:\/\/www.youtube.com\/user\/UQAMtv"]}]}},"coauthors":[],"author_meta":{"author_link":"https:\/\/uqam.ca\/en\/author\/audiovisuel_admin\/","display_name":"audiovisuel_admin"},"relative_dates":{"created":"Posted 7 years ago","modified":"Updated 2 months ago"},"absolute_dates":{"created":"Posted on 23 July","modified":"Updated on 20 February"},"absolute_dates_time":{"created":"Posted on 23 July 7:06 pm","modified":"Updated on 20 February 3:49 pm"},"featured_img_caption":"","featured_img":false,"series_order":"","_links":{"self":[{"href":"https:\/\/uqam.ca\/en\/wp-json\/wp\/v2\/pages\/532","targetHints":{"allow":["GET"]}}],"collection":[{"href":"https:\/\/uqam.ca\/en\/wp-json\/wp\/v2\/pages"}],"about":[{"href":"https:\/\/uqam.ca\/en\/wp-json\/wp\/v2\/types\/page"}],"author":[{"embeddable":true,"href":"https:\/\/uqam.ca\/en\/wp-json\/wp\/v2\/users\/1"}],"replies":[{"embeddable":true,"href":"https:\/\/uqam.ca\/en\/wp-json\/wp\/v2\/comments?post=532"}],"version-history":[{"count":22,"href":"https:\/\/uqam.ca\/en\/wp-json\/wp\/v2\/pages\/532\/revisions"}],"predecessor-version":[{"id":13027,"href":"https:\/\/uqam.ca\/en\/wp-json\/wp\/v2\/pages\/532\/revisions\/13027"}],"up":[{"embeddable":true,"href":"https:\/\/uqam.ca\/en\/wp-json\/wp\/v2\/pages\/136"}],"wp:attachment":[{"href":"https:\/\/uqam.ca\/en\/wp-json\/wp\/v2\/media?parent=532"}],"curies":[{"name":"wp","href":"https:\/\/api.w.org\/{rel}","templated":true}]}}