{"id":523,"date":"2019-07-29T20:50:51","date_gmt":"2019-07-29T20:50:51","guid":{"rendered":"https:\/\/uqam.dev.uqam.ca\/?page_id=523"},"modified":"2020-06-22T10:02:34","modified_gmt":"2020-06-22T14:02:34","slug":"contact","status":"publish","type":"page","link":"https:\/\/uqam.ca\/en\/information\/contact\/","title":{"rendered":"Contact"},"content":{"rendered":"\n<div class=\"wp-block-advgb-columns advgb-columns-wrapper pageJoindre joindre-telephone\" id=\"advgb-cols-0f07a542-a76e-4d74-9866-8321885a2a29\"><div class=\"advgb-columns-container\"><div class=\"advgb-columns advgb-columns-row advgb-is-mobile advgb-columns-2 layout-23-13 mbl-layout-stacked vgutter-10\">\n<div class=\"wp-block-advgb-column advgb-column advgb-is-two-thirds-tablet advgb-is-full-mobile\" id=\"advgb-col-2f9afecd-436c-4239-bfe8-121f45c7d95e\"><div class=\"advgb-column-inner\" style=\"border-style:none;border-width:1px\">\n<h2 class=\"wp-block-heading\">Phone<\/h2>\n\n\n\n<p><a href=\"tel:514-987-3000\">514 987-3000<\/a><\/p>\n<\/div><\/div>\n\n\n\n<div class=\"wp-block-advgb-column advgb-column advgb-is-one-third-tablet advgb-is-full-mobile\" id=\"advgb-col-f331ff07-0c73-457e-803d-94da74ed8cd6\"><div class=\"advgb-column-inner\" style=\"border-style:none;border-width:1px\">\n<h2 class=\"wp-block-heading\"><a href=\"https:\/\/sps.uqam.ca\/mesures-durgence\/signaler-et-sinformer.html\">EMERGENCY<\/a><\/h2>\n\n\n\n<p><a href=\"tel:514-987-3131\">514 987-3131<\/a><\/p>\n<\/div><\/div>\n<\/div><\/div><\/div>\n\n\n\n<div class=\"wp-block-advgb-accordions advgb-accordion-wrapper\" data-collapsed=\"true\">\n<div class=\"wp-block-advgb-accordion-item advgb-accordion-item\" style=\"margin-bottom:15px\"><div class=\"advgb-accordion-header\" style=\"background-color:#000;color:#eee;border-style:solid;border-radius:2px\"><span class=\"advgb-accordion-header-icon\"><svg fill=\"#fff\" xmlns=\"http:\/\/www.w3.org\/2000\/svg\" width=\"24\" height=\"24\" viewbox=\"0 0 24 24\"><path fill=\"none\" d=\"M0,0h24v24H0V0z\"><\/path><path d=\"M12,5.83L15.17,9l1.41-1.41L12,3L7.41,7.59L8.83,9L12,5.83z M12,18.17L8.83,15l-1.41,1.41L12,21l4.59-4.59L15.17,15 L12,18.17z\"><\/path><\/svg><\/span><h4 class=\"advgb-accordion-header-title\" style=\"color:inherit\">How to address an envelope mailed to UQAM<\/h4><\/div><div class=\"advgb-accordion-body\" style=\"border-style:solid !important;border-color:undefined !important;border-top:none !important;border-radius:2px !important\">\n<p>Universit\u00e9 du Qu\u00e9bec \u00e0 Montr\u00e9al<br><strong><em>Administrative unit<br>Name and title of recipient<\/em><\/strong><br>C.P. 8888, succ. Centre-ville<br>Montr\u00e9al (Qu\u00e9bec) H3C 3P8 Canada <\/p>\n<\/div><\/div>\n\n\n\n<div class=\"wp-block-advgb-accordion-item advgb-accordion-item\" style=\"margin-bottom:15px\"><div class=\"advgb-accordion-header\" style=\"background-color:#000;color:#eee;border-style:solid;border-radius:2px\"><span class=\"advgb-accordion-header-icon\"><svg fill=\"#fff\" xmlns=\"http:\/\/www.w3.org\/2000\/svg\" width=\"24\" height=\"24\" viewbox=\"0 0 24 24\"><path fill=\"none\" d=\"M0,0h24v24H0V0z\"><\/path><path d=\"M12,5.83L15.17,9l1.41-1.41L12,3L7.41,7.59L8.83,9L12,5.83z M12,18.17L8.83,15l-1.41,1.41L12,21l4.59-4.59L15.17,15 L12,18.17z\"><\/path><\/svg><\/span><h4 class=\"advgb-accordion-header-title\" style=\"color:inherit\">Receiving docks<\/h4><\/div><div class=\"advgb-accordion-body\" style=\"border-style:solid !important;border-color:undefined !important;border-top:none !important;border-radius:2px !important\">\n<h3 class=\"wp-block-heading\">Aquin receiving dock<\/h3>\n\n\n\n<p>1200 Berri<br>H2L 4S6<\/p>\n\n\n\n<hr class=\"wp-block-separator\"\/>\n\n\n\n<h3 class=\"wp-block-heading\">PK receiving dock<\/h3>\n\n\n\n<p>2005 Jeanne-Mance<br>H2X 2J6<\/p>\n<\/div><\/div>\n<\/div>\n\n\n\n<hr class=\"wp-block-separator\"\/>\n\n\n\n<div class=\"wp-block-advgb-columns advgb-columns-wrapper pageJoindre joindre-question\" id=\"advgb-cols-a7f773b7-3380-4706-91a1-c439466b87df\"><div class=\"advgb-columns-container\"><div class=\"advgb-columns advgb-columns-row advgb-is-mobile advgb-columns-1 layout-100 mbl-layout-stacked vgutter-10\">\n<div class=\"wp-block-advgb-column advgb-column advgb-is-full-mobile\" id=\"advgb-col-bf55cc7e-574e-4dbe-8ff5-11700035b18f\"><div class=\"advgb-column-inner\" style=\"border-style:none;border-width:1px\">\n<h2 class=\"wp-block-heading\">Questions about studies at UQAM<\/h2>\n\n\n\n<p>For all questions about studies at UQAM (<strong>admissions<\/strong>, <strong>student file<\/strong>, certificate requests, etc.):<\/p>\n\n\n\n<p class=\"joindre-btn\"><a href=\"mailto:registrariat@uqam.ca\">registrariat@uqam.ca<\/a><\/p>\n\n\n\n<p><strong>Current students<\/strong>: For questions about&nbsp;<strong>registration<\/strong>&nbsp;(course selection, path, etc.), contact your&nbsp;<a href=\"http:\/\/www.etudier.uqam.ca\/programmes\">program<\/a>. <\/p>\n<\/div><\/div>\n<\/div><\/div><\/div>\n\n\n\n<div class=\"wp-block-advgb-columns advgb-columns-wrapper pageJoindre joindre-infoFinance\" id=\"advgb-cols-3cc3cdc3-79e0-44d6-854c-67096a5ca632\"><div class=\"advgb-columns-container\"><div class=\"advgb-columns advgb-columns-row advgb-is-mobile advgb-columns-1 layout-100 mbl-layout-stacked vgutter-10\">\n<div class=\"wp-block-advgb-column advgb-column advgb-is-full-mobile\" id=\"advgb-col-fcd30d8c-954f-45ed-a046-29a666b55105\"><div class=\"advgb-column-inner\" style=\"border-style:none;border-width:1px\">\n<h2 class=\"wp-block-heading\">Financial informations<\/h2>\n\n\n\n<p> For information on<strong> your bill<\/strong>, <strong>payments<\/strong>, <strong>tax receipts<\/strong>, <strong>insurance charges<\/strong>, etc. <\/p>\n\n\n\n<p class=\"joindre-btn\"><a href=\"mailto:comptes.etudiants@uqam.ca\">comptes.etudiants@uqam.ca<\/a><\/p>\n<\/div><\/div>\n<\/div><\/div><\/div>\n\n\n\n<div class=\"wp-block-advgb-columns advgb-columns-wrapper pageJoindre joindre-infoWeb\" id=\"advgb-cols-cb6c3396-69f3-43fa-9fbf-49c306da4d4e\"><div class=\"advgb-columns-container\"><div class=\"advgb-columns advgb-columns-row advgb-is-mobile advgb-columns-1 layout-100 mbl-layout-stacked vgutter-10\">\n<div class=\"wp-block-advgb-column advgb-column advgb-is-full-mobile\" id=\"advgb-col-d13e130d-1a40-4c88-a10c-42f28f3cbd81\"><div class=\"advgb-column-inner\" style=\"border-style:none;border-width:1px\">\n<h2 class=\"wp-block-heading\">UQAM general website<\/h2>\n\n\n\n<p> For any questions and comments about the <strong>UQAM website<\/strong>:<\/p>\n\n\n\n<p class=\"joindre-btn\"><a href=\"mailto:webinfo@uqam.ca\">webinfo@uqam.ca<\/a><\/p>\n\n\n\n<p>For problems with an online student file (schedule, registration, etc.): <a href=\"mailto:registrariat@uqam.ca\">registrariat@uqam.ca<\/a>.<\/p>\n\n\n\n<p>Each subsite also has a specific e-mail address for contacting the relevant person in charge.<\/p>\n<\/div><\/div>\n<\/div><\/div><\/div>\n\n\n\n<div class=\"wp-block-advgb-columns advgb-columns-wrapper pageJoindre joindre-presse\" id=\"advgb-cols-a2d2be1b-53a3-4dba-a4a4-4edd79fe1d5a\"><div class=\"advgb-columns-container\"><div class=\"advgb-columns advgb-columns-row advgb-is-mobile advgb-columns-1 layout-100 mbl-layout-stacked vgutter-10\">\n<div class=\"wp-block-advgb-column advgb-column advgb-is-full-mobile\" id=\"advgb-col-dbf04bed-bb21-4333-9cfb-5b5e9c12d1de\"><div class=\"advgb-column-inner\" style=\"border-style:none;border-width:1px\">\n<h2 class=\"wp-block-heading\">Press room <\/h2>\n\n\n\n<p class=\"joindre-btn\"><a href=\"http:\/\/salledepresse.uqam.ca\/joindre-notre-equipe\">Press Relations and Special Events team<\/a><\/p>\n<\/div><\/div>\n<\/div><\/div><\/div>\n\n\n\n<div class=\"wp-block-advgb-columns advgb-columns-wrapper pageJoindre joindre-emploi\" id=\"advgb-cols-37d2a0b7-d3f9-4577-b65a-dc657f51f963\"><div class=\"advgb-columns-container\"><div class=\"advgb-columns advgb-columns-row advgb-is-mobile advgb-columns-1 layout-100 mbl-layout-stacked vgutter-10\">\n<div class=\"wp-block-advgb-column advgb-column advgb-is-full-mobile\" id=\"advgb-col-bec14682-030c-4972-b8bf-02cfd4e729cb\"><div class=\"advgb-column-inner\" style=\"border-style:none;border-width:1px\">\n<h2 class=\"wp-block-heading\">Employment offers<\/h2>\n\n\n\n<ul class=\"wp-block-list\"><li><a href=\"https:\/\/rhu.uqam.ca\/visiteurs\/\">To apply for a job at UQAM or to submit your CV<\/a><\/li><li><a href=\"http:\/\/vie-etudiante.uqam.ca\/employeur\/nouvelles-et-ressources.html\">To post a job offer for UQAM students or graduates<\/a><\/li><\/ul>\n<\/div><\/div>\n<\/div><\/div><\/div>\n\n\n\n<div class=\"wp-block-advgb-columns advgb-columns-wrapper pageJoindre joindre-autre\" id=\"advgb-cols-b5ec64b2-2948-4195-a6d3-ee857beb64ea\"><div class=\"advgb-columns-container\"><div class=\"advgb-columns advgb-columns-row advgb-is-mobile advgb-columns-1 layout-100 mbl-layout-stacked vgutter-10\">\n<div class=\"wp-block-advgb-column advgb-column advgb-is-full-mobile\" id=\"advgb-col-af8e4449-e094-4c48-ab0d-e84527fbe741\"><div class=\"advgb-column-inner\" style=\"border-style:none;border-width:1px\">\n<h2 class=\"wp-block-heading\">Other questions?<\/h2>\n\n\n\n<p>If you don\u2019t know who to ask:<\/p>\n\n\n\n<p class=\"joindre-btn\"><a href=\"mailto:general@uqam.ca\">general@uqam.ca<\/a><\/p>\n\n\n\n<p>For all questions about studies at UQAM (<strong>admissions<\/strong>, <strong>student file<\/strong>, certificate requests, etc.), please write to <a href=\"mailto:registrariat@uqam.ca\">registrariat@uqam.ca<\/a>.<br><br>For any <strong>IT problem<\/strong>: emails not reaching their destination, your UQAM e-mail, computer labs, network, wireless (Wi-Fi) access, please visit <a href=\"https:\/\/servicesinformatiques.uqam.ca\/accueil\">servicesinformatiques.uqam.ca<\/a>.<\/p>\n<\/div><\/div>\n<\/div><\/div><\/div>\n\n\n\n<p><\/p>\n<style class=\"advgb-styles-renderer\">#advgb-col-2f9afecd-436c-4239-bfe8-121f45c7d95e>.advgb-column-inner{}@media screen and (max-width: 1023px) {#advgb-col-2f9afecd-436c-4239-bfe8-121f45c7d95e>.advgb-column-inner{}}@media screen and (max-width: 767px) {#advgb-col-2f9afecd-436c-4239-bfe8-121f45c7d95e>.advgb-column-inner{}}#advgb-col-f331ff07-0c73-457e-803d-94da74ed8cd6>.advgb-column-inner{}@media screen and (max-width: 1023px) {#advgb-col-f331ff07-0c73-457e-803d-94da74ed8cd6>.advgb-column-inner{}}@media screen and (max-width: 767px) {#advgb-col-f331ff07-0c73-457e-803d-94da74ed8cd6>.advgb-column-inner{}}#advgb-cols-0f07a542-a76e-4d74-9866-8321885a2a29{}@media screen and (max-width: 1023px) {#advgb-cols-0f07a542-a76e-4d74-9866-8321885a2a29{}}@media screen and (max-width: 767px) {#advgb-cols-0f07a542-a76e-4d74-9866-8321885a2a29{}}#advgb-col-2f9afecd-436c-4239-bfe8-121f45c7d95e>.advgb-column-inner{}@media screen and (max-width: 1023px) {#advgb-col-2f9afecd-436c-4239-bfe8-121f45c7d95e>.advgb-column-inner{}}@media screen and (max-width: 767px) {#advgb-col-2f9afecd-436c-4239-bfe8-121f45c7d95e>.advgb-column-inner{}}#advgb-col-f331ff07-0c73-457e-803d-94da74ed8cd6>.advgb-column-inner{}@media screen and (max-width: 1023px) {#advgb-col-f331ff07-0c73-457e-803d-94da74ed8cd6>.advgb-column-inner{}}@media screen and (max-width: 767px) {#advgb-col-f331ff07-0c73-457e-803d-94da74ed8cd6>.advgb-column-inner{}}#advgb-col-bf55cc7e-574e-4dbe-8ff5-11700035b18f>.advgb-column-inner{}@media screen and (max-width: 1023px) {#advgb-col-bf55cc7e-574e-4dbe-8ff5-11700035b18f>.advgb-column-inner{}}@media screen and (max-width: 767px) {#advgb-col-bf55cc7e-574e-4dbe-8ff5-11700035b18f>.advgb-column-inner{}}#advgb-cols-a7f773b7-3380-4706-91a1-c439466b87df{}@media screen and (max-width: 1023px) {#advgb-cols-a7f773b7-3380-4706-91a1-c439466b87df{}}@media screen and (max-width: 767px) {#advgb-cols-a7f773b7-3380-4706-91a1-c439466b87df{}}#advgb-col-bf55cc7e-574e-4dbe-8ff5-11700035b18f>.advgb-column-inner{}@media screen and (max-width: 1023px) {#advgb-col-bf55cc7e-574e-4dbe-8ff5-11700035b18f>.advgb-column-inner{}}@media screen and (max-width: 767px) {#advgb-col-bf55cc7e-574e-4dbe-8ff5-11700035b18f>.advgb-column-inner{}}#advgb-col-fcd30d8c-954f-45ed-a046-29a666b55105>.advgb-column-inner{}@media screen and (max-width: 1023px) {#advgb-col-fcd30d8c-954f-45ed-a046-29a666b55105>.advgb-column-inner{}}@media screen and (max-width: 767px) {#advgb-col-fcd30d8c-954f-45ed-a046-29a666b55105>.advgb-column-inner{}}#advgb-cols-3cc3cdc3-79e0-44d6-854c-67096a5ca632{}@media screen and (max-width: 1023px) {#advgb-cols-3cc3cdc3-79e0-44d6-854c-67096a5ca632{}}@media screen and (max-width: 767px) {#advgb-cols-3cc3cdc3-79e0-44d6-854c-67096a5ca632{}}#advgb-col-fcd30d8c-954f-45ed-a046-29a666b55105>.advgb-column-inner{}@media screen and (max-width: 1023px) {#advgb-col-fcd30d8c-954f-45ed-a046-29a666b55105>.advgb-column-inner{}}@media screen and (max-width: 767px) {#advgb-col-fcd30d8c-954f-45ed-a046-29a666b55105>.advgb-column-inner{}}#advgb-col-d13e130d-1a40-4c88-a10c-42f28f3cbd81>.advgb-column-inner{}@media screen and (max-width: 1023px) {#advgb-col-d13e130d-1a40-4c88-a10c-42f28f3cbd81>.advgb-column-inner{}}@media screen and (max-width: 767px) {#advgb-col-d13e130d-1a40-4c88-a10c-42f28f3cbd81>.advgb-column-inner{}}#advgb-cols-cb6c3396-69f3-43fa-9fbf-49c306da4d4e{}@media screen and (max-width: 1023px) {#advgb-cols-cb6c3396-69f3-43fa-9fbf-49c306da4d4e{}}@media screen and (max-width: 767px) {#advgb-cols-cb6c3396-69f3-43fa-9fbf-49c306da4d4e{}}#advgb-col-d13e130d-1a40-4c88-a10c-42f28f3cbd81>.advgb-column-inner{}@media screen and (max-width: 1023px) {#advgb-col-d13e130d-1a40-4c88-a10c-42f28f3cbd81>.advgb-column-inner{}}@media screen and (max-width: 767px) {#advgb-col-d13e130d-1a40-4c88-a10c-42f28f3cbd81>.advgb-column-inner{}}#advgb-col-dbf04bed-bb21-4333-9cfb-5b5e9c12d1de>.advgb-column-inner{}@media screen and (max-width: 1023px) {#advgb-col-dbf04bed-bb21-4333-9cfb-5b5e9c12d1de>.advgb-column-inner{}}@media screen and (max-width: 767px) {#advgb-col-dbf04bed-bb21-4333-9cfb-5b5e9c12d1de>.advgb-column-inner{}}#advgb-cols-a2d2be1b-53a3-4dba-a4a4-4edd79fe1d5a{}@media screen and (max-width: 1023px) {#advgb-cols-a2d2be1b-53a3-4dba-a4a4-4edd79fe1d5a{}}@media screen and (max-width: 767px) {#advgb-cols-a2d2be1b-53a3-4dba-a4a4-4edd79fe1d5a{}}#advgb-col-dbf04bed-bb21-4333-9cfb-5b5e9c12d1de>.advgb-column-inner{}@media screen and (max-width: 1023px) {#advgb-col-dbf04bed-bb21-4333-9cfb-5b5e9c12d1de>.advgb-column-inner{}}@media screen and (max-width: 767px) {#advgb-col-dbf04bed-bb21-4333-9cfb-5b5e9c12d1de>.advgb-column-inner{}}#advgb-col-bec14682-030c-4972-b8bf-02cfd4e729cb>.advgb-column-inner{}@media screen and (max-width: 1023px) {#advgb-col-bec14682-030c-4972-b8bf-02cfd4e729cb>.advgb-column-inner{}}@media screen and (max-width: 767px) {#advgb-col-bec14682-030c-4972-b8bf-02cfd4e729cb>.advgb-column-inner{}}#advgb-cols-37d2a0b7-d3f9-4577-b65a-dc657f51f963{}@media screen and (max-width: 1023px) {#advgb-cols-37d2a0b7-d3f9-4577-b65a-dc657f51f963{}}@media screen and (max-width: 767px) {#advgb-cols-37d2a0b7-d3f9-4577-b65a-dc657f51f963{}}#advgb-col-bec14682-030c-4972-b8bf-02cfd4e729cb>.advgb-column-inner{}@media screen and (max-width: 1023px) {#advgb-col-bec14682-030c-4972-b8bf-02cfd4e729cb>.advgb-column-inner{}}@media screen and (max-width: 767px) {#advgb-col-bec14682-030c-4972-b8bf-02cfd4e729cb>.advgb-column-inner{}}#advgb-col-af8e4449-e094-4c48-ab0d-e84527fbe741>.advgb-column-inner{}@media screen and (max-width: 1023px) {#advgb-col-af8e4449-e094-4c48-ab0d-e84527fbe741>.advgb-column-inner{}}@media screen and (max-width: 767px) {#advgb-col-af8e4449-e094-4c48-ab0d-e84527fbe741>.advgb-column-inner{}}#advgb-cols-b5ec64b2-2948-4195-a6d3-ee857beb64ea{}@media screen and (max-width: 1023px) {#advgb-cols-b5ec64b2-2948-4195-a6d3-ee857beb64ea{}}@media screen and (max-width: 767px) {#advgb-cols-b5ec64b2-2948-4195-a6d3-ee857beb64ea{}}#advgb-col-af8e4449-e094-4c48-ab0d-e84527fbe741>.advgb-column-inner{}@media screen and (max-width: 1023px) {#advgb-col-af8e4449-e094-4c48-ab0d-e84527fbe741>.advgb-column-inner{}}@media screen and (max-width: 767px) {#advgb-col-af8e4449-e094-4c48-ab0d-e84527fbe741>.advgb-column-inner{}}<\/style>","protected":false},"excerpt":{"rendered":"","protected":false},"author":1,"featured_media":0,"parent":136,"menu_order":0,"comment_status":"closed","ping_status":"closed","template":"","meta":{"_acf_changed":false,"advgb_blocks_editor_width":"","advgb_blocks_columns_visual_guide":"","_monsterinsights_skip_tracking":false,"_monsterinsights_sitenote_active":false,"_monsterinsights_sitenote_note":"","_monsterinsights_sitenote_category":0,"footnotes":""},"class_list":["post-523","page","type-page","status-publish","hentry"],"acf":[],"yoast_head":"<!-- This site is optimized with the Yoast SEO plugin v26.9 - https:\/\/yoast.com\/product\/yoast-seo-wordpress\/ -->\n<title>Contact - UQAM<\/title>\n<meta name=\"description\" content=\"Contact - Universit\u00e9 du Qu\u00e9bec \u00e0 Montr\u00e9al - UQAM\" \/>\n<meta name=\"robots\" content=\"index, follow, max-snippet:-1, max-image-preview:large, max-video-preview:-1\" \/>\n<link rel=\"canonical\" href=\"https:\/\/uqam.ca\/en\/information\/contact\/\" \/>\n<meta property=\"og:locale\" content=\"en_US\" \/>\n<meta property=\"og:type\" content=\"article\" \/>\n<meta property=\"og:title\" content=\"Contact - UQAM\" \/>\n<meta property=\"og:description\" content=\"Contact - Universit\u00e9 du Qu\u00e9bec \u00e0 Montr\u00e9al - UQAM\" \/>\n<meta property=\"og:url\" content=\"https:\/\/uqam.ca\/en\/information\/contact\/\" \/>\n<meta property=\"og:site_name\" content=\"Universit\u00e9 du Qu\u00e9bec \u00e0 Montr\u00e9al\" \/>\n<meta property=\"article:publisher\" content=\"http:\/\/www.facebook.com\/uqam1\" \/>\n<meta property=\"article:modified_time\" content=\"2020-06-22T14:02:34+00:00\" \/>\n<meta property=\"og:image\" content=\"https:\/\/ressources-medias.uqam.ca\/media\/uploads\/20200306151917\/campuscentral.jpg\" \/>\n\t<meta property=\"og:image:width\" content=\"1080\" \/>\n\t<meta property=\"og:image:height\" content=\"763\" \/>\n\t<meta property=\"og:image:type\" content=\"image\/jpeg\" \/>\n<meta name=\"twitter:card\" content=\"summary_large_image\" \/>\n<meta name=\"twitter:site\" content=\"@uqam\" \/>\n<meta name=\"twitter:label1\" content=\"Est. reading time\" \/>\n\t<meta name=\"twitter:data1\" content=\"1 minute\" \/>\n<script type=\"application\/ld+json\" class=\"yoast-schema-graph\">{\"@context\":\"https:\/\/schema.org\",\"@graph\":[{\"@type\":\"WebPage\",\"@id\":\"https:\/\/uqam.ca\/en\/information\/contact\/\",\"url\":\"https:\/\/uqam.ca\/en\/information\/contact\/\",\"name\":\"Contact - UQAM\",\"isPartOf\":{\"@id\":\"https:\/\/uqam.ca\/#website\"},\"datePublished\":\"2019-07-29T20:50:51+00:00\",\"dateModified\":\"2020-06-22T14:02:34+00:00\",\"description\":\"Contact - Universit\u00e9 du Qu\u00e9bec \u00e0 Montr\u00e9al - UQAM\",\"breadcrumb\":{\"@id\":\"https:\/\/uqam.ca\/en\/information\/contact\/#breadcrumb\"},\"inLanguage\":\"en-US\",\"potentialAction\":[{\"@type\":\"ReadAction\",\"target\":[\"https:\/\/uqam.ca\/en\/information\/contact\/\"]}]},{\"@type\":\"BreadcrumbList\",\"@id\":\"https:\/\/uqam.ca\/en\/information\/contact\/#breadcrumb\",\"itemListElement\":[{\"@type\":\"ListItem\",\"position\":1,\"name\":\"UQAM\",\"item\":\"https:\/\/uqam.ca\"},{\"@type\":\"ListItem\",\"position\":2,\"name\":\"Universit\u00e9 du Qu\u00e9bec \u00e0 Montr\u00e9al\",\"item\":\"https:\/\/uqam.ca\/en\/\"},{\"@type\":\"ListItem\",\"position\":3,\"name\":\"Information in English\",\"item\":\"https:\/\/uqam.ca\/en\/information\/\"},{\"@type\":\"ListItem\",\"position\":4,\"name\":\"Contact\"}]},{\"@type\":\"WebSite\",\"@id\":\"https:\/\/uqam.ca\/#website\",\"url\":\"https:\/\/uqam.ca\/\",\"name\":\"Universit\u00e9 du Qu\u00e9bec \u00e0 Montr\u00e9al\",\"description\":\"UQAM\",\"publisher\":{\"@id\":\"https:\/\/uqam.ca\/#organization\"},\"potentialAction\":[{\"@type\":\"SearchAction\",\"target\":{\"@type\":\"EntryPoint\",\"urlTemplate\":\"https:\/\/uqam.ca\/?s={search_term_string}\"},\"query-input\":{\"@type\":\"PropertyValueSpecification\",\"valueRequired\":true,\"valueName\":\"search_term_string\"}}],\"inLanguage\":\"en-US\"},{\"@type\":\"Organization\",\"@id\":\"https:\/\/uqam.ca\/#organization\",\"name\":\"UQAM | Universit\u00e9 du Qu\u00e9bec \u00e0 Montr\u00e9al\",\"url\":\"https:\/\/uqam.ca\/\",\"logo\":{\"@type\":\"ImageObject\",\"inLanguage\":\"en-US\",\"@id\":\"https:\/\/uqam.ca\/#\/schema\/logo\/image\/\",\"url\":\"https:\/\/ressources-medias.uqam.ca\/media\/uploads\/20200306145948\/uqambleu.jpg\",\"contentUrl\":\"https:\/\/ressources-medias.uqam.ca\/media\/uploads\/20200306145948\/uqambleu.jpg\",\"width\":400,\"height\":400,\"caption\":\"UQAM | Universit\u00e9 du Qu\u00e9bec \u00e0 Montr\u00e9al\"},\"image\":{\"@id\":\"https:\/\/uqam.ca\/#\/schema\/logo\/image\/\"},\"sameAs\":[\"http:\/\/www.facebook.com\/uqam1\",\"https:\/\/x.com\/uqam\",\"http:\/\/www.instagram.com\/uqam\",\"http:\/\/www.linkedin.com\/school\/uqam\/\",\"http:\/\/www.pinterest.ca\/uqam\/\",\"http:\/\/www.youtube.com\/user\/UQAMtv\"]}]}<\/script>\n<!-- \/ Yoast SEO plugin. -->","yoast_head_json":{"title":"Contact - UQAM","description":"Contact - Universit\u00e9 du Qu\u00e9bec \u00e0 Montr\u00e9al - UQAM","robots":{"index":"index","follow":"follow","max-snippet":"max-snippet:-1","max-image-preview":"max-image-preview:large","max-video-preview":"max-video-preview:-1"},"canonical":"https:\/\/uqam.ca\/en\/information\/contact\/","og_locale":"en_US","og_type":"article","og_title":"Contact - UQAM","og_description":"Contact - Universit\u00e9 du Qu\u00e9bec \u00e0 Montr\u00e9al - UQAM","og_url":"https:\/\/uqam.ca\/en\/information\/contact\/","og_site_name":"Universit\u00e9 du Qu\u00e9bec \u00e0 Montr\u00e9al","article_publisher":"http:\/\/www.facebook.com\/uqam1","article_modified_time":"2020-06-22T14:02:34+00:00","og_image":[{"width":1080,"height":763,"url":"https:\/\/ressources-medias.uqam.ca\/media\/uploads\/20200306151917\/campuscentral.jpg","type":"image\/jpeg"}],"twitter_card":"summary_large_image","twitter_site":"@uqam","twitter_misc":{"Est. reading time":"1 minute"},"schema":{"@context":"https:\/\/schema.org","@graph":[{"@type":"WebPage","@id":"https:\/\/uqam.ca\/en\/information\/contact\/","url":"https:\/\/uqam.ca\/en\/information\/contact\/","name":"Contact - UQAM","isPartOf":{"@id":"https:\/\/uqam.ca\/#website"},"datePublished":"2019-07-29T20:50:51+00:00","dateModified":"2020-06-22T14:02:34+00:00","description":"Contact - Universit\u00e9 du Qu\u00e9bec \u00e0 Montr\u00e9al - UQAM","breadcrumb":{"@id":"https:\/\/uqam.ca\/en\/information\/contact\/#breadcrumb"},"inLanguage":"en-US","potentialAction":[{"@type":"ReadAction","target":["https:\/\/uqam.ca\/en\/information\/contact\/"]}]},{"@type":"BreadcrumbList","@id":"https:\/\/uqam.ca\/en\/information\/contact\/#breadcrumb","itemListElement":[{"@type":"ListItem","position":1,"name":"UQAM","item":"https:\/\/uqam.ca"},{"@type":"ListItem","position":2,"name":"Universit\u00e9 du Qu\u00e9bec \u00e0 Montr\u00e9al","item":"https:\/\/uqam.ca\/en\/"},{"@type":"ListItem","position":3,"name":"Information in English","item":"https:\/\/uqam.ca\/en\/information\/"},{"@type":"ListItem","position":4,"name":"Contact"}]},{"@type":"WebSite","@id":"https:\/\/uqam.ca\/#website","url":"https:\/\/uqam.ca\/","name":"Universit\u00e9 du Qu\u00e9bec \u00e0 Montr\u00e9al","description":"UQAM","publisher":{"@id":"https:\/\/uqam.ca\/#organization"},"potentialAction":[{"@type":"SearchAction","target":{"@type":"EntryPoint","urlTemplate":"https:\/\/uqam.ca\/?s={search_term_string}"},"query-input":{"@type":"PropertyValueSpecification","valueRequired":true,"valueName":"search_term_string"}}],"inLanguage":"en-US"},{"@type":"Organization","@id":"https:\/\/uqam.ca\/#organization","name":"UQAM | Universit\u00e9 du Qu\u00e9bec \u00e0 Montr\u00e9al","url":"https:\/\/uqam.ca\/","logo":{"@type":"ImageObject","inLanguage":"en-US","@id":"https:\/\/uqam.ca\/#\/schema\/logo\/image\/","url":"https:\/\/ressources-medias.uqam.ca\/media\/uploads\/20200306145948\/uqambleu.jpg","contentUrl":"https:\/\/ressources-medias.uqam.ca\/media\/uploads\/20200306145948\/uqambleu.jpg","width":400,"height":400,"caption":"UQAM | Universit\u00e9 du Qu\u00e9bec \u00e0 Montr\u00e9al"},"image":{"@id":"https:\/\/uqam.ca\/#\/schema\/logo\/image\/"},"sameAs":["http:\/\/www.facebook.com\/uqam1","https:\/\/x.com\/uqam","http:\/\/www.instagram.com\/uqam","http:\/\/www.linkedin.com\/school\/uqam\/","http:\/\/www.pinterest.ca\/uqam\/","http:\/\/www.youtube.com\/user\/UQAMtv"]}]}},"coauthors":[],"author_meta":{"author_link":"https:\/\/uqam.ca\/en\/author\/audiovisuel_admin\/","display_name":"audiovisuel_admin"},"relative_dates":{"created":"Posted 7 years ago","modified":"Updated 6 years ago"},"absolute_dates":{"created":"Posted on 29 July","modified":"Updated on 22 June"},"absolute_dates_time":{"created":"Posted on 29 July 8:50 pm","modified":"Updated on 22 June 10:02 am"},"featured_img_caption":"","featured_img":false,"series_order":"","_links":{"self":[{"href":"https:\/\/uqam.ca\/en\/wp-json\/wp\/v2\/pages\/523","targetHints":{"allow":["GET"]}}],"collection":[{"href":"https:\/\/uqam.ca\/en\/wp-json\/wp\/v2\/pages"}],"about":[{"href":"https:\/\/uqam.ca\/en\/wp-json\/wp\/v2\/types\/page"}],"author":[{"embeddable":true,"href":"https:\/\/uqam.ca\/en\/wp-json\/wp\/v2\/users\/1"}],"replies":[{"embeddable":true,"href":"https:\/\/uqam.ca\/en\/wp-json\/wp\/v2\/comments?post=523"}],"version-history":[{"count":17,"href":"https:\/\/uqam.ca\/en\/wp-json\/wp\/v2\/pages\/523\/revisions"}],"predecessor-version":[{"id":2377,"href":"https:\/\/uqam.ca\/en\/wp-json\/wp\/v2\/pages\/523\/revisions\/2377"}],"up":[{"embeddable":true,"href":"https:\/\/uqam.ca\/en\/wp-json\/wp\/v2\/pages\/136"}],"wp:attachment":[{"href":"https:\/\/uqam.ca\/en\/wp-json\/wp\/v2\/media?parent=523"}],"curies":[{"name":"wp","href":"https:\/\/api.w.org\/{rel}","templated":true}]}}