{"id":507,"date":"2019-07-23T18:59:40","date_gmt":"2019-07-23T18:59:40","guid":{"rendered":"https:\/\/uqam.dev.uqam.ca\/?page_id=507"},"modified":"2026-03-16T15:13:47","modified_gmt":"2026-03-16T19:13:47","slug":"numbers","status":"publish","type":"page","link":"https:\/\/uqam.ca\/en\/information\/numbers\/","title":{"rendered":"UQAM in numbers"},"content":{"rendered":"\n<hr class=\"wp-block-separator has-css-opacity advgb-dyn-c3f4f0ad\"\/>\n\n\n\n<div class=\"wp-block-columns is-layout-flex wp-container-core-columns-is-layout-9d6595d7 wp-block-columns-is-layout-flex\">\n<div class=\"wp-block-column is-layout-flow wp-block-column-is-layout-flow\">\n<p class=\"has-text-align-center bigText\">34,845<\/p>\n\n\n\n<h2 class=\"wp-block-heading has-text-align-center\">students<\/h2>\n\n\n\n<p class=\"has-text-align-center smallText\">(fall 2025)<\/p>\n\n\n\n<hr class=\"wp-block-separator has-css-opacity dotted advgb-dyn-988e9bb8\"\/>\n<\/div>\n\n\n\n<div class=\"wp-block-column is-layout-flow wp-block-column-is-layout-flow\"><div class=\"visualizer-front-container\" id=\"chart_wrapper_visualizer-2174-110343862\"><style type=\"text\/css\" name=\"visualizer-custom-css\" id=\"customcss-visualizer-2174\">.locker,.locker-loader{position:absolute;top:0;left:0;width:100%;height:100%}.locker{z-index:1000;opacity:.8;background-color:#fff;-ms-filter:\"progid:DXImageTransform.Microsoft.Alpha(Opacity=80)\";filter:alpha(opacity=80)}.locker-loader{z-index:1001;background:url(https:\/\/uqam.ca\/wp-content\/plugins\/visualizer\/images\/ajax-loader.gif) no-repeat center center}.dt-button{display:none!important}.visualizer-front-container.visualizer-lazy-render{content-visibility: auto;}.google-visualization-controls-categoryfilter label.google-visualization-controls-label {vertical-align: middle;}.google-visualization-controls-categoryfilter li.goog-inline-block {margin: 0 0.2em;}.google-visualization-controls-categoryfilter li {padding: 0 0.2em;}.visualizer-front-container .dataTables_scrollHeadInner{margin: 0 auto;}<\/style><div id=\"visualizer-2174-110343862\" class=\"visualizer-front  visualizer-front-2174\"><\/div><!-- Not showing structured data for chart 2174 because description is empty --><\/div>\n<\/div>\n<\/div>\n\n\n\n<hr class=\"wp-block-separator has-css-opacity advgb-dyn-c3f4f0ad\"\/>\n\n\n\n<ul class=\"wp-block-list\">\n<li>4,994 foreign students from 94 countries<\/li>\n<\/ul>\n\n\n\n<hr class=\"wp-block-separator has-css-opacity advgb-dyn-c3f4f0ad\"\/>\n\n\n\n<div class=\"wp-block-group\"><div class=\"wp-block-group__inner-container is-layout-constrained wp-block-group-is-layout-constrained\">\n<p class=\"has-text-align-center bigText\">315,230<\/p>\n\n\n\n<h2 class=\"wp-block-heading has-text-align-center\"><a href=\"https:\/\/diplomes.uqam.ca\/statistiques\/\">graduates<\/a><\/h2>\n\n\n\n<p class=\"has-text-align-center smallText\">(December 2025)<\/p>\n<\/div><\/div>\n\n\n\n<hr class=\"wp-block-separator has-css-opacity advgb-dyn-c3f4f0ad\"\/>\n\n\n\n<div class=\"wp-block-columns is-layout-flex wp-container-core-columns-is-layout-9d6595d7 wp-block-columns-is-layout-flex\">\n<div class=\"wp-block-column is-layout-flow wp-block-column-is-layout-flow\">\n<p class=\"has-text-align-center bigText\">441,006<\/p>\n\n\n\n<h2 class=\"wp-block-heading has-text-align-center\">degrees granted<\/h2>\n\n\n\n<p class=\"has-text-align-center smallText\">(December 2025)<\/p>\n<\/div>\n<\/div>\n\n\n\n<hr class=\"wp-block-separator has-css-opacity advgb-dyn-c3f4f0ad\"\/>\n\n\n\n<div class=\"wp-block-columns is-layout-flex wp-container-core-columns-is-layout-9d6595d7 wp-block-columns-is-layout-flex\">\n<div class=\"wp-block-column is-layout-flow wp-block-column-is-layout-flow\">\n<p class=\"has-text-align-center bigText\">5662<\/p>\n\n\n\n<h2 class=\"wp-block-heading has-text-align-center\">Human resources<\/h2>\n\n\n\n<p class=\"has-text-align-center smallText\">(November 2025)<\/p>\n\n\n\n<hr class=\"wp-block-separator has-css-opacity d-md-none advgb-dyn-bfb1daa2\"\/>\n<\/div>\n\n\n\n<div class=\"wp-block-column is-layout-flow wp-block-column-is-layout-flow\"><div class=\"visualizer-front-container\" id=\"chart_wrapper_visualizer-2150-56816688\"><style type=\"text\/css\" name=\"visualizer-custom-css\" id=\"customcss-visualizer-2150\">.locker,.locker-loader{position:absolute;top:0;left:0;width:100%;height:100%}.locker{z-index:1000;opacity:.8;background-color:#fff;-ms-filter:\"progid:DXImageTransform.Microsoft.Alpha(Opacity=80)\";filter:alpha(opacity=80)}.locker-loader{z-index:1001;background:url(https:\/\/uqam.ca\/wp-content\/plugins\/visualizer\/images\/ajax-loader.gif) no-repeat center center}.dt-button{display:none!important}.visualizer-front-container.visualizer-lazy-render{content-visibility: auto;}.google-visualization-controls-categoryfilter label.google-visualization-controls-label {vertical-align: middle;}.google-visualization-controls-categoryfilter li.goog-inline-block {margin: 0 0.2em;}.google-visualization-controls-categoryfilter li {padding: 0 0.2em;}.visualizer-front-container .dataTables_scrollHeadInner{margin: 0 auto;}<\/style><div id=\"visualizer-2150-56816688\" class=\"visualizer-front  visualizer-front-2150\"><\/div><!-- Not showing structured data for chart 2150 because description is empty --><\/div>\n<\/div>\n<\/div>\n\n\n\n<hr class=\"wp-block-separator has-css-opacity d-md-none advgb-dyn-bfb1daa2\"\/>\n\n\n\n<div class=\"wp-block-group\"><div class=\"wp-block-group__inner-container is-layout-constrained wp-block-group-is-layout-constrained\">\n<p><strong>Note :<\/strong><\/p>\n\n\n\n<ul class=\"wp-block-list\">\n<li>Student employees, Sports Center employees, contract employees and deans are not included in these statistics.<\/li>\n<\/ul>\n<\/div><\/div>\n\n\n\n<hr class=\"wp-block-separator has-css-opacity advgb-dyn-c3f4f0ad\"\/>\n\n\n\n<div class=\"wp-block-columns accolade-horizontale-inverse d-md-none is-layout-flex wp-container-core-columns-is-layout-9d6595d7 wp-block-columns-is-layout-flex\">\n<div class=\"wp-block-column is-layout-flow wp-block-column-is-layout-flow\">\n<p class=\"has-text-align-center bigText\">7<\/p>\n\n\n\n<h2 class=\"wp-block-heading has-text-align-center\">faculties<\/h2>\n<\/div>\n\n\n\n<div class=\"wp-block-column is-layout-flow wp-block-column-is-layout-flow\">\n<p class=\"has-text-align-center bigText\">1<\/p>\n\n\n\n<h2 class=\"wp-block-heading has-text-align-center\">school<\/h2>\n<\/div>\n<\/div>\n\n\n\n<div class=\"wp-block-columns is-layout-flex wp-container-core-columns-is-layout-9d6595d7 wp-block-columns-is-layout-flex\">\n<div class=\"wp-block-column accolade-vertical d-none d-md-block is-layout-flow wp-block-column-is-layout-flow\">\n<p class=\"has-text-align-center bigText\">7<\/p>\n\n\n\n<h2 class=\"wp-block-heading has-text-align-center\">faculties<\/h2>\n\n\n\n<p class=\"has-text-align-center bigText\">1<\/p>\n\n\n\n<h2 class=\"wp-block-heading has-text-align-center\">school<\/h2>\n<\/div>\n\n\n\n<div class=\"wp-block-column is-layout-flow wp-block-column-is-layout-flow\">\n<p class=\"has-text-align-center bigText\">41<\/p>\n\n\n\n<h2 class=\"wp-block-heading has-text-align-center\"><a href=\"\/en\/facultes\/\">departments<br>and schools<\/a><\/h2>\n<\/div>\n\n\n\n<div class=\"wp-block-column dotted-border-left is-layout-flow wp-block-column-is-layout-flow\">\n<ul class=\"wp-block-list\">\n<li><a href=\"http:\/\/www.esg.uqam.ca\/\">School of Management (ESG UQAM)<\/a><\/li>\n\n\n\n<li><a href=\"http:\/\/www.arts.uqam.ca\/\">Faculty of Arts<\/a><\/li>\n\n\n\n<li><a href=\"http:\/\/www.faccom.uqam.ca\/\">Faculty of Communications<\/a><\/li>\n\n\n\n<li>Faculty of Heath Sciences (in development)<\/li>\n\n\n\n<li><a href=\"http:\/\/www.fspd.uqam.ca\/\">Faculty of Political Science and Law<\/a><\/li>\n\n\n\n<li><a href=\"http:\/\/www.sciences.uqam.ca\/\">Faculty of Science<\/a><\/li>\n\n\n\n<li><a href=\"http:\/\/www.fse.uqam.ca\/\">Faculty of Education<\/a><\/li>\n\n\n\n<li><a href=\"http:\/\/www.fsh.uqam.ca\/\">Faculty of Social Sciences<\/a><\/li>\n<\/ul>\n\n\n\n<hr class=\"wp-block-separator has-css-opacity dotted advgb-dyn-988e9bb8\"\/>\n\n\n\n<ul class=\"wp-block-list\">\n<li><a href=\"\/en\/facultes\/\">41 departments and schools<\/a><\/li>\n<\/ul>\n<\/div>\n<\/div>\n\n\n\n<hr class=\"wp-block-separator has-css-opacity advgb-dyn-c3f4f0ad\"\/>\n\n\n\n<div class=\"wp-block-group\"><div class=\"wp-block-group__inner-container is-layout-constrained wp-block-group-is-layout-constrained\">\n<p class=\"has-text-align-center bigText\">378<\/p>\n\n\n\n<h2 class=\"wp-block-heading has-text-align-center accolade-horizontale-inverse\"><a href=\"http:\/\/www.programmes.uqam.ca\/\">study programs<\/a><\/h2>\n<\/div><\/div>\n\n\n\n<div class=\"wp-block-columns dotted-border is-layout-flex wp-container-core-columns-is-layout-9d6595d7 wp-block-columns-is-layout-flex\">\n<div class=\"wp-block-column is-layout-flow wp-block-column-is-layout-flow\">\n<p class=\"has-text-align-center bigText\">212<\/p>\n\n\n\n<h2 class=\"wp-block-heading has-text-align-center\"><a href=\"http:\/\/www.programmes.uqam.ca\/\">undergraduate<br>programs<\/a><\/h2>\n<\/div>\n\n\n\n<div class=\"wp-block-column is-layout-flow wp-block-column-is-layout-flow\">\n<p class=\"has-text-align-center bigText\">133<\/p>\n\n\n\n<h2 class=\"wp-block-heading has-text-align-center\"><a href=\"http:\/\/www.programmes.uqam.ca\/\">graduate<br>programs<\/a><\/h2>\n<\/div>\n\n\n\n<div class=\"wp-block-column is-layout-flow wp-block-column-is-layout-flow\">\n<p class=\"has-text-align-center bigText\">33<\/p>\n\n\n\n<h2 class=\"wp-block-heading has-text-align-center\"><a href=\"http:\/\/www.programmes.uqam.ca\/\">doctoral<br>programs<\/a><\/h2>\n<\/div>\n<\/div>\n\n\n\n<hr class=\"wp-block-separator has-css-opacity advgb-dyn-c3f4f0ad\"\/>\n\n\n\n<div class=\"wp-block-columns dotted-border is-layout-flex wp-container-core-columns-is-layout-9d6595d7 wp-block-columns-is-layout-flex\">\n<div class=\"wp-block-column is-layout-flow wp-block-column-is-layout-flow\">\n<p class=\"has-text-align-center bigText\">26<\/p>\n\n\n\n<h4 class=\"wp-block-heading has-text-align-center\"><a href=\"http:\/\/www.recherche.uqam.ca\/unites-de-recherche-et-de-creation.html\">institutional<br>research centers<\/a><\/h4>\n<\/div>\n\n\n\n<div class=\"wp-block-column is-layout-flow wp-block-column-is-layout-flow\">\n<p class=\"has-text-align-center bigText\">38<\/p>\n\n\n\n<h4 class=\"wp-block-heading has-text-align-center\"><a href=\"http:\/\/www.recherche.uqam.ca\/unites-de-recherche-et-de-creation.html\">Canada research chairs<\/a><\/h4>\n<\/div>\n\n\n\n<div class=\"wp-block-column is-layout-flow wp-block-column-is-layout-flow\">\n<p class=\"has-text-align-center bigText\">29<\/p>\n\n\n\n<h4 class=\"wp-block-heading has-text-align-center\"><a href=\"http:\/\/www.recherche.uqam.ca\/unites-de-recherche-et-de-creation.html\">research-innovation<br>chairs<\/a><\/h4>\n<\/div>\n<\/div>\n\n\n\n<div class=\"wp-block-columns dotted-border is-layout-flex wp-container-core-columns-is-layout-9d6595d7 wp-block-columns-is-layout-flex\">\n<div class=\"wp-block-column is-layout-flow wp-block-column-is-layout-flow\">\n<p class=\"has-text-align-center bigText\">2<\/p>\n\n\n\n<h4 class=\"wp-block-heading has-text-align-center\"><a href=\"http:\/\/www.recherche.uqam.ca\/unites-de-recherche-et-de-creation.html\">transfert-oriented institutional units<\/a><\/h4>\n<\/div>\n\n\n\n<div class=\"wp-block-column is-layout-flow wp-block-column-is-layout-flow\">\n<p class=\"has-text-align-center bigText\">22<\/p>\n\n\n\n<h4 class=\"wp-block-heading has-text-align-center\"><a href=\"http:\/\/www.recherche.uqam.ca\/unites-de-recherche-et-de-creation.html\">UQAM strategic<br>chairs<\/a><\/h4>\n<\/div>\n\n\n\n<div class=\"wp-block-column is-layout-flow wp-block-column-is-layout-flow\">\n<p class=\"has-text-align-center bigText\">5<\/p>\n\n\n\n<h4 class=\"wp-block-heading has-text-align-center\"><a href=\"http:\/\/www.recherche.uqam.ca\/unites-de-recherche-et-de-creation.html\">UNESCO (international)<br>chairs<\/a><\/h4>\n<\/div>\n<\/div>\n\n\n\n<div class=\"wp-block-columns dotted-border is-layout-flex wp-container-core-columns-is-layout-9d6595d7 wp-block-columns-is-layout-flex\">\n<div class=\"wp-block-column is-layout-flow wp-block-column-is-layout-flow\">\n<p class=\"has-text-align-center bigText\">4<\/p>\n\n\n\n<h4 class=\"wp-block-heading has-text-align-center\"><a href=\"http:\/\/www.recherche.uqam.ca\/unites-de-recherche-et-de-creation.html\">Fonds de recherche du Qu\u00e9bec chairs<\/a><\/h4>\n<\/div>\n\n\n\n<div class=\"wp-block-column is-layout-flow wp-block-column-is-layout-flow\">\n<p class=\"has-text-align-center bigText\">6<\/p>\n\n\n\n<h4 class=\"wp-block-heading has-text-align-center\"><a href=\"http:\/\/www.recherche.uqam.ca\/unites-de-recherche-et-de-creation.html\">institutes<\/a><\/h4>\n<\/div>\n\n\n\n<div class=\"wp-block-column is-layout-flow wp-block-column-is-layout-flow\"><\/div>\n<\/div>\n\n\n\n<hr class=\"wp-block-separator has-css-opacity advgb-dyn-c3f4f0ad\"\/>\n\n\n\n<div class=\"wp-block-group\"><div class=\"wp-block-group__inner-container is-layout-constrained wp-block-group-is-layout-constrained\">\n<p class=\"has-text-align-center bigText\">296 000 000<\/p>\n\n\n\n<h2 class=\"wp-block-heading has-text-align-center\">dollars<\/h2>\n\n\n\n<p class=\"has-text-align-center smallText\">(April 2023)<\/p>\n\n\n\n<p><a href=\"http:\/\/www.fondation.uqam.ca\/\"><strong>UQAM Foundation<\/strong><\/a><br>More than $296 million had been raised in support of priority teaching, research and creation activities at UQAM, with more than $44 million paid out directly to students in the form of scholarships.<\/p>\n<\/div><\/div>\n\n\n\n<hr class=\"wp-block-separator has-css-opacity advgb-dyn-c3f4f0ad\"\/>\n\n\n","protected":false},"excerpt":{"rendered":"<p>34,845 students (fall 2025) 315,230 graduates (December 2025) 441,006 degrees granted (December 2025) 5662 Human resources (November 2025) Note : 7 faculties 1 school 7 faculties 1 school 41 departmentsand schools 378 study programs 212 undergraduateprograms 133 graduateprograms 33 doctoralprograms 26 institutionalresearch centers 38 Canada research chairs 29 research-innovationchairs 2 transfert-oriented institutional units 22 UQAM [&hellip;]<\/p>\n","protected":false},"author":1,"featured_media":0,"parent":136,"menu_order":0,"comment_status":"closed","ping_status":"closed","template":"","meta":{"_acf_changed":false,"advgb_blocks_editor_width":"","advgb_blocks_columns_visual_guide":"","_monsterinsights_skip_tracking":false,"_monsterinsights_sitenote_active":false,"_monsterinsights_sitenote_note":"","_monsterinsights_sitenote_category":0,"footnotes":""},"class_list":["post-507","page","type-page","status-publish","hentry"],"acf":[],"yoast_head":"<!-- This site is optimized with the Yoast SEO plugin v26.9 - https:\/\/yoast.com\/product\/yoast-seo-wordpress\/ -->\n<title>UQAM in numbers - UQAM<\/title>\n<meta name=\"description\" content=\"UQAM in numbers - Universit\u00e9 du Qu\u00e9bec \u00e0 Montr\u00e9al - UQAM\" \/>\n<meta name=\"robots\" content=\"index, follow, max-snippet:-1, max-image-preview:large, max-video-preview:-1\" \/>\n<link rel=\"canonical\" href=\"https:\/\/uqam.ca\/en\/information\/numbers\/\" \/>\n<meta property=\"og:locale\" content=\"en_US\" \/>\n<meta property=\"og:type\" content=\"article\" \/>\n<meta property=\"og:title\" content=\"UQAM in numbers - UQAM\" \/>\n<meta property=\"og:description\" content=\"UQAM in numbers - Universit\u00e9 du Qu\u00e9bec \u00e0 Montr\u00e9al - UQAM\" \/>\n<meta property=\"og:url\" content=\"https:\/\/uqam.ca\/en\/information\/numbers\/\" \/>\n<meta property=\"og:site_name\" content=\"Universit\u00e9 du Qu\u00e9bec \u00e0 Montr\u00e9al\" \/>\n<meta property=\"article:publisher\" content=\"http:\/\/www.facebook.com\/uqam1\" \/>\n<meta property=\"article:modified_time\" content=\"2026-03-16T19:13:47+00:00\" \/>\n<meta property=\"og:image\" content=\"https:\/\/ressources-medias.uqam.ca\/media\/uploads\/20200306151917\/campuscentral.jpg\" \/>\n\t<meta property=\"og:image:width\" content=\"1080\" \/>\n\t<meta property=\"og:image:height\" content=\"763\" \/>\n\t<meta property=\"og:image:type\" content=\"image\/jpeg\" \/>\n<meta name=\"twitter:card\" content=\"summary_large_image\" \/>\n<meta name=\"twitter:site\" content=\"@uqam\" \/>\n<meta name=\"twitter:label1\" content=\"Est. reading time\" \/>\n\t<meta name=\"twitter:data1\" content=\"2 minutes\" \/>\n<script type=\"application\/ld+json\" class=\"yoast-schema-graph\">{\"@context\":\"https:\/\/schema.org\",\"@graph\":[{\"@type\":\"WebPage\",\"@id\":\"https:\/\/uqam.ca\/en\/information\/numbers\/\",\"url\":\"https:\/\/uqam.ca\/en\/information\/numbers\/\",\"name\":\"UQAM in numbers - UQAM\",\"isPartOf\":{\"@id\":\"https:\/\/uqam.ca\/#website\"},\"datePublished\":\"2019-07-23T18:59:40+00:00\",\"dateModified\":\"2026-03-16T19:13:47+00:00\",\"description\":\"UQAM in numbers - Universit\u00e9 du Qu\u00e9bec \u00e0 Montr\u00e9al - UQAM\",\"breadcrumb\":{\"@id\":\"https:\/\/uqam.ca\/en\/information\/numbers\/#breadcrumb\"},\"inLanguage\":\"en-US\",\"potentialAction\":[{\"@type\":\"ReadAction\",\"target\":[\"https:\/\/uqam.ca\/en\/information\/numbers\/\"]}]},{\"@type\":\"BreadcrumbList\",\"@id\":\"https:\/\/uqam.ca\/en\/information\/numbers\/#breadcrumb\",\"itemListElement\":[{\"@type\":\"ListItem\",\"position\":1,\"name\":\"UQAM\",\"item\":\"https:\/\/uqam.ca\"},{\"@type\":\"ListItem\",\"position\":2,\"name\":\"Universit\u00e9 du Qu\u00e9bec \u00e0 Montr\u00e9al\",\"item\":\"https:\/\/uqam.ca\/en\/\"},{\"@type\":\"ListItem\",\"position\":3,\"name\":\"Information in English\",\"item\":\"https:\/\/uqam.ca\/en\/information\/\"},{\"@type\":\"ListItem\",\"position\":4,\"name\":\"UQAM in numbers\"}]},{\"@type\":\"WebSite\",\"@id\":\"https:\/\/uqam.ca\/#website\",\"url\":\"https:\/\/uqam.ca\/\",\"name\":\"Universit\u00e9 du Qu\u00e9bec \u00e0 Montr\u00e9al\",\"description\":\"UQAM\",\"publisher\":{\"@id\":\"https:\/\/uqam.ca\/#organization\"},\"potentialAction\":[{\"@type\":\"SearchAction\",\"target\":{\"@type\":\"EntryPoint\",\"urlTemplate\":\"https:\/\/uqam.ca\/?s={search_term_string}\"},\"query-input\":{\"@type\":\"PropertyValueSpecification\",\"valueRequired\":true,\"valueName\":\"search_term_string\"}}],\"inLanguage\":\"en-US\"},{\"@type\":\"Organization\",\"@id\":\"https:\/\/uqam.ca\/#organization\",\"name\":\"UQAM | Universit\u00e9 du Qu\u00e9bec \u00e0 Montr\u00e9al\",\"url\":\"https:\/\/uqam.ca\/\",\"logo\":{\"@type\":\"ImageObject\",\"inLanguage\":\"en-US\",\"@id\":\"https:\/\/uqam.ca\/#\/schema\/logo\/image\/\",\"url\":\"https:\/\/ressources-medias.uqam.ca\/media\/uploads\/20200306145948\/uqambleu.jpg\",\"contentUrl\":\"https:\/\/ressources-medias.uqam.ca\/media\/uploads\/20200306145948\/uqambleu.jpg\",\"width\":400,\"height\":400,\"caption\":\"UQAM | Universit\u00e9 du Qu\u00e9bec \u00e0 Montr\u00e9al\"},\"image\":{\"@id\":\"https:\/\/uqam.ca\/#\/schema\/logo\/image\/\"},\"sameAs\":[\"http:\/\/www.facebook.com\/uqam1\",\"https:\/\/x.com\/uqam\",\"http:\/\/www.instagram.com\/uqam\",\"http:\/\/www.linkedin.com\/school\/uqam\/\",\"http:\/\/www.pinterest.ca\/uqam\/\",\"http:\/\/www.youtube.com\/user\/UQAMtv\"]}]}<\/script>\n<!-- \/ Yoast SEO plugin. -->","yoast_head_json":{"title":"UQAM in numbers - UQAM","description":"UQAM in numbers - Universit\u00e9 du Qu\u00e9bec \u00e0 Montr\u00e9al - UQAM","robots":{"index":"index","follow":"follow","max-snippet":"max-snippet:-1","max-image-preview":"max-image-preview:large","max-video-preview":"max-video-preview:-1"},"canonical":"https:\/\/uqam.ca\/en\/information\/numbers\/","og_locale":"en_US","og_type":"article","og_title":"UQAM in numbers - UQAM","og_description":"UQAM in numbers - Universit\u00e9 du Qu\u00e9bec \u00e0 Montr\u00e9al - UQAM","og_url":"https:\/\/uqam.ca\/en\/information\/numbers\/","og_site_name":"Universit\u00e9 du Qu\u00e9bec \u00e0 Montr\u00e9al","article_publisher":"http:\/\/www.facebook.com\/uqam1","article_modified_time":"2026-03-16T19:13:47+00:00","og_image":[{"width":1080,"height":763,"url":"https:\/\/ressources-medias.uqam.ca\/media\/uploads\/20200306151917\/campuscentral.jpg","type":"image\/jpeg"}],"twitter_card":"summary_large_image","twitter_site":"@uqam","twitter_misc":{"Est. reading time":"2 minutes"},"schema":{"@context":"https:\/\/schema.org","@graph":[{"@type":"WebPage","@id":"https:\/\/uqam.ca\/en\/information\/numbers\/","url":"https:\/\/uqam.ca\/en\/information\/numbers\/","name":"UQAM in numbers - UQAM","isPartOf":{"@id":"https:\/\/uqam.ca\/#website"},"datePublished":"2019-07-23T18:59:40+00:00","dateModified":"2026-03-16T19:13:47+00:00","description":"UQAM in numbers - Universit\u00e9 du Qu\u00e9bec \u00e0 Montr\u00e9al - UQAM","breadcrumb":{"@id":"https:\/\/uqam.ca\/en\/information\/numbers\/#breadcrumb"},"inLanguage":"en-US","potentialAction":[{"@type":"ReadAction","target":["https:\/\/uqam.ca\/en\/information\/numbers\/"]}]},{"@type":"BreadcrumbList","@id":"https:\/\/uqam.ca\/en\/information\/numbers\/#breadcrumb","itemListElement":[{"@type":"ListItem","position":1,"name":"UQAM","item":"https:\/\/uqam.ca"},{"@type":"ListItem","position":2,"name":"Universit\u00e9 du Qu\u00e9bec \u00e0 Montr\u00e9al","item":"https:\/\/uqam.ca\/en\/"},{"@type":"ListItem","position":3,"name":"Information in English","item":"https:\/\/uqam.ca\/en\/information\/"},{"@type":"ListItem","position":4,"name":"UQAM in numbers"}]},{"@type":"WebSite","@id":"https:\/\/uqam.ca\/#website","url":"https:\/\/uqam.ca\/","name":"Universit\u00e9 du Qu\u00e9bec \u00e0 Montr\u00e9al","description":"UQAM","publisher":{"@id":"https:\/\/uqam.ca\/#organization"},"potentialAction":[{"@type":"SearchAction","target":{"@type":"EntryPoint","urlTemplate":"https:\/\/uqam.ca\/?s={search_term_string}"},"query-input":{"@type":"PropertyValueSpecification","valueRequired":true,"valueName":"search_term_string"}}],"inLanguage":"en-US"},{"@type":"Organization","@id":"https:\/\/uqam.ca\/#organization","name":"UQAM | Universit\u00e9 du Qu\u00e9bec \u00e0 Montr\u00e9al","url":"https:\/\/uqam.ca\/","logo":{"@type":"ImageObject","inLanguage":"en-US","@id":"https:\/\/uqam.ca\/#\/schema\/logo\/image\/","url":"https:\/\/ressources-medias.uqam.ca\/media\/uploads\/20200306145948\/uqambleu.jpg","contentUrl":"https:\/\/ressources-medias.uqam.ca\/media\/uploads\/20200306145948\/uqambleu.jpg","width":400,"height":400,"caption":"UQAM | Universit\u00e9 du Qu\u00e9bec \u00e0 Montr\u00e9al"},"image":{"@id":"https:\/\/uqam.ca\/#\/schema\/logo\/image\/"},"sameAs":["http:\/\/www.facebook.com\/uqam1","https:\/\/x.com\/uqam","http:\/\/www.instagram.com\/uqam","http:\/\/www.linkedin.com\/school\/uqam\/","http:\/\/www.pinterest.ca\/uqam\/","http:\/\/www.youtube.com\/user\/UQAMtv"]}]}},"coauthors":[],"author_meta":{"author_link":"https:\/\/uqam.ca\/en\/author\/audiovisuel_admin\/","display_name":"audiovisuel_admin"},"relative_dates":{"created":"Posted 7 years ago","modified":"Updated 1 month ago"},"absolute_dates":{"created":"Posted on 23 July","modified":"Updated on 16 March"},"absolute_dates_time":{"created":"Posted on 23 July 6:59 pm","modified":"Updated on 16 March 3:13 pm"},"featured_img_caption":"","featured_img":false,"series_order":"","_links":{"self":[{"href":"https:\/\/uqam.ca\/en\/wp-json\/wp\/v2\/pages\/507","targetHints":{"allow":["GET"]}}],"collection":[{"href":"https:\/\/uqam.ca\/en\/wp-json\/wp\/v2\/pages"}],"about":[{"href":"https:\/\/uqam.ca\/en\/wp-json\/wp\/v2\/types\/page"}],"author":[{"embeddable":true,"href":"https:\/\/uqam.ca\/en\/wp-json\/wp\/v2\/users\/1"}],"replies":[{"embeddable":true,"href":"https:\/\/uqam.ca\/en\/wp-json\/wp\/v2\/comments?post=507"}],"version-history":[{"count":72,"href":"https:\/\/uqam.ca\/en\/wp-json\/wp\/v2\/pages\/507\/revisions"}],"predecessor-version":[{"id":13240,"href":"https:\/\/uqam.ca\/en\/wp-json\/wp\/v2\/pages\/507\/revisions\/13240"}],"up":[{"embeddable":true,"href":"https:\/\/uqam.ca\/en\/wp-json\/wp\/v2\/pages\/136"}],"wp:attachment":[{"href":"https:\/\/uqam.ca\/en\/wp-json\/wp\/v2\/media?parent=507"}],"curies":[{"name":"wp","href":"https:\/\/api.w.org\/{rel}","templated":true}]}}